{"id":9,"date":"2018-04-01T12:30:34","date_gmt":"2018-04-01T12:30:34","guid":{"rendered":"https:\/\/recavaca.wordpress.com\/?page_id=6"},"modified":"2019-04-12T13:43:49","modified_gmt":"2019-04-12T11:43:49","slug":"accueil","status":"publish","type":"page","link":"https:\/\/recavaca.com\/","title":{"rendered":"Accueil"},"content":{"rendered":"<p style=\"text-align: justify;\">L\u2019objectif du projet de R\u00e9seau Carib\u00e9en de Valorisation du Cacao (RECAVACA) est de cr\u00e9er une dynamique autour de plusieurs acteurs de la fili\u00e8re cacao, \u00e0 l\u2019\u00e9chelle carib\u00e9enne, afin de contribuer \u00e0 la reconnaissance de plusieurs territoires en tant que pays producteurs d\u2019un cacao de qualit\u00e9, produit en volumes suffisants en vue de sa commercialisation sous forme de produits bruts ou transform\u00e9s. Dans le cadre du projet, les territoires concern\u00e9s sont la Guadeloupe et Ha\u00efti, et plus particuli\u00e8rement la r\u00e9gion de la Grand\u2019Anse, o\u00f9 se trouve la coop\u00e9rative agricole cacaoy\u00e8re et de commercialisation des Abricots (CACCOMA), le partenaire carib\u00e9en du projet RECAVACA. \u00c0 terme, il s\u2019agira de les positionner sur un march\u00e9 haut de gamme, en accord avec les principes de l\u2019agro \u00e9cologie et du commerce \u00e9quitable et solidaire.<\/p>\n<p style=\"text-align: justify;\">La r\u00e9alisation de cet objectif passera d\u2019une part par la mise en \u0153uvre d\u2019un programme de renforcement des capacit\u00e9s techniques, organisationnelles et commerciales des acteurs guadeloup\u00e9ens et ha\u00eftiens de la fili\u00e8re du cacao ; d\u2019autre part par la mise en place d\u2019un ensemble d\u2019outils structurants (ateliers de transformation, soci\u00e9t\u00e9 commerciale, labellisation, \u2026) qui assureront \u00e0 la fois l\u2019autonomisation des producteurs et la p\u00e9rennisation de l\u2019activit\u00e9 \u00e9conomique autour du cacao.<\/p>\n<p style=\"text-align: justify;\">Mis en \u0153uvre par l\u2019AGED en partenariat avec le CIRAD et la CACCOMA, le projet RECAVACA fera appel \u00e9galement \u00e0 l\u2019expertise carib\u00e9enne, et plus particuli\u00e8rement de Trinidad.<\/p>\n<p style=\"text-align: justify;\">Le projet RECAVACA est cofinanc\u00e9 par le programme de coop\u00e9ration territoriale, INTERREG Cara\u00efbes, au titre du Fonds Europ\u00e9en de D\u00e9veloppement R\u00e9gional (FEDER). Il est financ\u00e9 sur l\u2019axe 2 Emploi et Innovation dont l\u2019objectif est de renforcer la diversification \u00e9conomique des territoires \u00e0 travers le transfert des connaissances et la commercialisation de produits innovants. Dot\u00e9 d\u2019un budget total de <strong>288\u00a0118 \u20ac, <\/strong>dont 216\u00a0087 \u20ac de FEDER, il se d\u00e9roulera sur 2 ans au cours desquels il est pr\u00e9vu d\u2019encadrer 700 ha de cacao, 750 planteurs et de cr\u00e9er environ une vingtaine d\u2019emplois.<\/p>\n<p><img data-attachment-id=\"1498\" data-permalink=\"https:\/\/recavaca.com\/index.php\/accueil\/logo_fonds_europeen_guadeloupe_feder_projetcofinance\/\" data-orig-file=\"https:\/\/i0.wp.com\/recavaca.com\/wp-content\/uploads\/2019\/04\/LOGO_FONDS_EUROPEEN_GUADELOUPE_FEDER_projetcofinance.png?fit=2316%2C511&amp;ssl=1\" data-orig-size=\"2316,511\" data-comments-opened=\"0\" data-image-meta=\"{&quot;aperture&quot;:&quot;0&quot;,&quot;credit&quot;:&quot;&quot;,&quot;camera&quot;:&quot;&quot;,&quot;caption&quot;:&quot;&quot;,&quot;created_timestamp&quot;:&quot;0&quot;,&quot;copyright&quot;:&quot;&quot;,&quot;focal_length&quot;:&quot;0&quot;,&quot;iso&quot;:&quot;0&quot;,&quot;shutter_speed&quot;:&quot;0&quot;,&quot;title&quot;:&quot;&quot;,&quot;orientation&quot;:&quot;0&quot;}\" data-image-title=\"LOGO_FONDS_EUROPEEN_GUADELOUPE_FEDER_projetcofinance\" data-image-description=\"\" data-image-caption=\"\" data-medium-file=\"https:\/\/i0.wp.com\/recavaca.com\/wp-content\/uploads\/2019\/04\/LOGO_FONDS_EUROPEEN_GUADELOUPE_FEDER_projetcofinance.png?fit=300%2C66&amp;ssl=1\" data-large-file=\"https:\/\/i0.wp.com\/recavaca.com\/wp-content\/uploads\/2019\/04\/LOGO_FONDS_EUROPEEN_GUADELOUPE_FEDER_projetcofinance.png?fit=525%2C116&amp;ssl=1\" loading=\"lazy\" class=\"aligncenter wp-image-1498\" src=\"https:\/\/i0.wp.com\/recavaca.com\/wp-content\/uploads\/2019\/04\/LOGO_FONDS_EUROPEEN_GUADELOUPE_FEDER_projetcofinance.png?resize=525%2C116&#038;ssl=1\" alt=\"\" width=\"525\" height=\"116\" srcset=\"https:\/\/i0.wp.com\/recavaca.com\/wp-content\/uploads\/2019\/04\/LOGO_FONDS_EUROPEEN_GUADELOUPE_FEDER_projetcofinance.png?resize=1024%2C226&amp;ssl=1 1024w, https:\/\/i0.wp.com\/recavaca.com\/wp-content\/uploads\/2019\/04\/LOGO_FONDS_EUROPEEN_GUADELOUPE_FEDER_projetcofinance.png?resize=300%2C66&amp;ssl=1 300w, https:\/\/i0.wp.com\/recavaca.com\/wp-content\/uploads\/2019\/04\/LOGO_FONDS_EUROPEEN_GUADELOUPE_FEDER_projetcofinance.png?resize=768%2C169&amp;ssl=1 768w, https:\/\/i0.wp.com\/recavaca.com\/wp-content\/uploads\/2019\/04\/LOGO_FONDS_EUROPEEN_GUADELOUPE_FEDER_projetcofinance.png?w=1575&amp;ssl=1 1575w\" sizes=\"(max-width: 706px) 89vw, (max-width: 767px) 82vw, 740px\" data-recalc-dims=\"1\" \/><\/p>\n","protected":false},"excerpt":{"rendered":"<p>L\u2019objectif du projet de R\u00e9seau Carib\u00e9en de Valorisation du Cacao (RECAVACA) est de cr\u00e9er une dynamique autour de plusieurs acteurs de la fili\u00e8re cacao, \u00e0 l\u2019\u00e9chelle carib\u00e9enne, afin de contribuer \u00e0 la reconnaissance de plusieurs territoires en tant que pays producteurs d\u2019un cacao de qualit\u00e9, produit en volumes suffisants en vue de sa commercialisation sous &hellip; <\/p>\n<p class=\"link-more\"><a href=\"https:\/\/recavaca.com\/\" class=\"more-link\">Continuer la lecture<span class=\"screen-reader-text\"> de &laquo;&nbsp;Accueil&nbsp;&raquo;<\/span><\/a><\/p>\n","protected":false},"author":2,"featured_media":0,"parent":0,"menu_order":1,"comment_status":"closed","ping_status":"closed","template":"","meta":{"spay_email":""},"yoast_head":"<!-- This site is optimized with the Yoast SEO plugin v18.1 - https:\/\/yoast.com\/wordpress\/plugins\/seo\/ -->\n<title>Accueil - Recavaca<\/title>\n<meta name=\"robots\" content=\"index, follow, max-snippet:-1, max-image-preview:large, max-video-preview:-1\" \/>\n<link rel=\"canonical\" href=\"https:\/\/recavaca.com\/\" \/>\n<meta property=\"og:locale\" content=\"fr_FR\" \/>\n<meta property=\"og:type\" content=\"article\" \/>\n<meta property=\"og:title\" content=\"Accueil - Recavaca\" \/>\n<meta property=\"og:description\" content=\"L\u2019objectif du projet de R\u00e9seau Carib\u00e9en de Valorisation du Cacao (RECAVACA) est de cr\u00e9er une dynamique autour de plusieurs acteurs de la fili\u00e8re cacao, \u00e0 l\u2019\u00e9chelle carib\u00e9enne, afin de contribuer \u00e0 la reconnaissance de plusieurs territoires en tant que pays producteurs d\u2019un cacao de qualit\u00e9, produit en volumes suffisants en vue de sa commercialisation sous &hellip; Continuer la lecture de &laquo;&nbsp;Accueil&nbsp;&raquo;\" \/>\n<meta property=\"og:url\" content=\"https:\/\/recavaca.com\/\" \/>\n<meta property=\"og:site_name\" content=\"Recavaca\" \/>\n<meta property=\"article:publisher\" content=\"https:\/\/www.facebook.com\/guadeloupeequitableetdurable\/\" \/>\n<meta property=\"article:modified_time\" content=\"2019-04-12T11:43:49+00:00\" \/>\n<meta property=\"og:image\" content=\"https:\/\/recavaca.com\/wp-content\/uploads\/2019\/04\/LOGO_FONDS_EUROPEEN_GUADELOUPE_FEDER_projetcofinance-1024x226.png\" \/>\n<meta name=\"twitter:card\" content=\"summary_large_image\" \/>\n<meta name=\"twitter:label1\" content=\"Dur\u00e9e de lecture estim\u00e9e\" \/>\n\t<meta name=\"twitter:data1\" content=\"2 minutes\" \/>\n<script type=\"application\/ld+json\" class=\"yoast-schema-graph\">{\"@context\":\"https:\/\/schema.org\",\"@graph\":[{\"@type\":\"WebSite\",\"@id\":\"https:\/\/recavaca.com\/#website\",\"url\":\"https:\/\/recavaca.com\/\",\"name\":\"Recavaca\",\"description\":\"R\u00e9seau Carib\u00e9en pour la Valorisation du Cacao\",\"potentialAction\":[{\"@type\":\"SearchAction\",\"target\":{\"@type\":\"EntryPoint\",\"urlTemplate\":\"https:\/\/recavaca.com\/?s={search_term_string}\"},\"query-input\":\"required name=search_term_string\"}],\"inLanguage\":\"fr-FR\"},{\"@type\":\"ImageObject\",\"@id\":\"https:\/\/recavaca.com\/#primaryimage\",\"inLanguage\":\"fr-FR\",\"url\":\"https:\/\/i0.wp.com\/recavaca.com\/wp-content\/uploads\/2019\/04\/LOGO_FONDS_EUROPEEN_GUADELOUPE_FEDER_projetcofinance.png?fit=2316%2C511&ssl=1\",\"contentUrl\":\"https:\/\/i0.wp.com\/recavaca.com\/wp-content\/uploads\/2019\/04\/LOGO_FONDS_EUROPEEN_GUADELOUPE_FEDER_projetcofinance.png?fit=2316%2C511&ssl=1\",\"width\":2316,\"height\":511},{\"@type\":\"WebPage\",\"@id\":\"https:\/\/recavaca.com\/#webpage\",\"url\":\"https:\/\/recavaca.com\/\",\"name\":\"Accueil - Recavaca\",\"isPartOf\":{\"@id\":\"https:\/\/recavaca.com\/#website\"},\"primaryImageOfPage\":{\"@id\":\"https:\/\/recavaca.com\/#primaryimage\"},\"datePublished\":\"2018-04-01T12:30:34+00:00\",\"dateModified\":\"2019-04-12T11:43:49+00:00\",\"breadcrumb\":{\"@id\":\"https:\/\/recavaca.com\/#breadcrumb\"},\"inLanguage\":\"fr-FR\",\"potentialAction\":[{\"@type\":\"ReadAction\",\"target\":[\"https:\/\/recavaca.com\/\"]}]},{\"@type\":\"BreadcrumbList\",\"@id\":\"https:\/\/recavaca.com\/#breadcrumb\",\"itemListElement\":[{\"@type\":\"ListItem\",\"position\":1,\"name\":\"Accueil\",\"item\":\"https:\/\/recavaca.com\/\"},{\"@type\":\"ListItem\",\"position\":2,\"name\":\"Accueil\"}]}]}<\/script>\n<!-- \/ Yoast SEO plugin. -->","yoast_head_json":{"title":"Accueil - Recavaca","robots":{"index":"index","follow":"follow","max-snippet":"max-snippet:-1","max-image-preview":"max-image-preview:large","max-video-preview":"max-video-preview:-1"},"canonical":"https:\/\/recavaca.com\/","og_locale":"fr_FR","og_type":"article","og_title":"Accueil - Recavaca","og_description":"L\u2019objectif du projet de R\u00e9seau Carib\u00e9en de Valorisation du Cacao (RECAVACA) est de cr\u00e9er une dynamique autour de plusieurs acteurs de la fili\u00e8re cacao, \u00e0 l\u2019\u00e9chelle carib\u00e9enne, afin de contribuer \u00e0 la reconnaissance de plusieurs territoires en tant que pays producteurs d\u2019un cacao de qualit\u00e9, produit en volumes suffisants en vue de sa commercialisation sous &hellip; Continuer la lecture de &laquo;&nbsp;Accueil&nbsp;&raquo;","og_url":"https:\/\/recavaca.com\/","og_site_name":"Recavaca","article_publisher":"https:\/\/www.facebook.com\/guadeloupeequitableetdurable\/","article_modified_time":"2019-04-12T11:43:49+00:00","og_image":[{"url":"https:\/\/recavaca.com\/wp-content\/uploads\/2019\/04\/LOGO_FONDS_EUROPEEN_GUADELOUPE_FEDER_projetcofinance-1024x226.png"}],"twitter_card":"summary_large_image","twitter_misc":{"Dur\u00e9e de lecture estim\u00e9e":"2 minutes"},"schema":{"@context":"https:\/\/schema.org","@graph":[{"@type":"WebSite","@id":"https:\/\/recavaca.com\/#website","url":"https:\/\/recavaca.com\/","name":"Recavaca","description":"R\u00e9seau Carib\u00e9en pour la Valorisation du Cacao","potentialAction":[{"@type":"SearchAction","target":{"@type":"EntryPoint","urlTemplate":"https:\/\/recavaca.com\/?s={search_term_string}"},"query-input":"required name=search_term_string"}],"inLanguage":"fr-FR"},{"@type":"ImageObject","@id":"https:\/\/recavaca.com\/#primaryimage","inLanguage":"fr-FR","url":"https:\/\/i0.wp.com\/recavaca.com\/wp-content\/uploads\/2019\/04\/LOGO_FONDS_EUROPEEN_GUADELOUPE_FEDER_projetcofinance.png?fit=2316%2C511&ssl=1","contentUrl":"https:\/\/i0.wp.com\/recavaca.com\/wp-content\/uploads\/2019\/04\/LOGO_FONDS_EUROPEEN_GUADELOUPE_FEDER_projetcofinance.png?fit=2316%2C511&ssl=1","width":2316,"height":511},{"@type":"WebPage","@id":"https:\/\/recavaca.com\/#webpage","url":"https:\/\/recavaca.com\/","name":"Accueil - Recavaca","isPartOf":{"@id":"https:\/\/recavaca.com\/#website"},"primaryImageOfPage":{"@id":"https:\/\/recavaca.com\/#primaryimage"},"datePublished":"2018-04-01T12:30:34+00:00","dateModified":"2019-04-12T11:43:49+00:00","breadcrumb":{"@id":"https:\/\/recavaca.com\/#breadcrumb"},"inLanguage":"fr-FR","potentialAction":[{"@type":"ReadAction","target":["https:\/\/recavaca.com\/"]}]},{"@type":"BreadcrumbList","@id":"https:\/\/recavaca.com\/#breadcrumb","itemListElement":[{"@type":"ListItem","position":1,"name":"Accueil","item":"https:\/\/recavaca.com\/"},{"@type":"ListItem","position":2,"name":"Accueil"}]}]}},"jetpack_sharing_enabled":false,"jetpack_shortlink":"https:\/\/wp.me\/P9QgSb-9","jetpack-related-posts":[{"id":5,"url":"https:\/\/recavaca.com\/index.php\/recavaca\/","url_meta":{"origin":9,"position":0},"title":"Pr\u00e9sentation","date":"1 avril 2018","format":false,"excerpt":"Recavaca : un projet de coop\u00e9ration pour la valorisation du cacao Le projet Recavaca (R\u00e9seau Carib\u00e9en pour la valorisation du cacao), vise le renforcement de la diversification \u00e9conomique des territoires d\u2019Ha\u00efti et de la Guadeloupe, et plus largement de la r\u00e9gion Cara\u00efbe, par le transfert des connaissances et la commercialisation\u2026","rel":"","context":"Article similaire","img":{"alt_text":"","src":"https:\/\/i0.wp.com\/recavaca.com\/wp-content\/uploads\/2019\/04\/interreg_CARAIBES_FR_RGB-Copie.jpg?fit=1200%2C601&ssl=1&resize=350%2C200","width":350,"height":200},"classes":[]},{"id":642,"url":"https:\/\/recavaca.com\/index.php\/lancement-du-projet\/","url_meta":{"origin":9,"position":1},"title":"Lancement du Projet","date":"17 avril 2018","format":false,"excerpt":"Lancement du projet de R\u00e9seau Carib\u00e9en pour la Valorisation du Cacao Le projet de R\u00e9seau Carib\u00e9en de valorisation du cacao (RECAVACA), projet cofinanc\u00e9 par le programme INTERREG Cara\u00efbes au titre du Fonds Europ\u00e9en de D\u00e9veloppement R\u00e9gional, a \u00e9t\u00e9 lanc\u00e9 le mardi 24 octobre 2017, au si\u00e8ge du CIRAD (NeufChateau, Capesterre-Belle-Eau)\u2026","rel":"","context":"Article similaire","img":{"alt_text":"","src":"https:\/\/i0.wp.com\/recavaca.com\/wp-content\/uploads\/2018\/04\/lancement.jpg?resize=350%2C200&ssl=1","width":350,"height":200},"classes":[]},{"id":37,"url":"https:\/\/recavaca.com\/index.php\/qui-sommes-nous\/","url_meta":{"origin":9,"position":2},"title":"Qui sommes nous ?","date":"1 avril 2018","format":false,"excerpt":"AGED- Association Guadeloupe Equitable et Durable Fond\u00e9e en Mars 2011 dans un souci de participation \u00e0 la conception d\u2019un monde \u00e9conomique, social et environnemental plus juste, notre association cherche \u00e0 promouvoir le D\u00e9veloppement Durable et le Commerce \u00c9quitable au sein de la R\u00e9gion Cara\u00efbe et notamment en Guadeloupe. Pourquoi ?\u2026","rel":"","context":"Article similaire","img":{"alt_text":"","src":"https:\/\/i0.wp.com\/recavaca.com\/wp-content\/uploads\/2018\/04\/P_20180115_125902.jpg?fit=1200%2C675&ssl=1&resize=350%2C200","width":350,"height":200},"classes":[]},{"id":1207,"url":"https:\/\/recavaca.com\/index.php\/le-programme-operationnel-interreg-caraibes-2014-2020\/","url_meta":{"origin":9,"position":3},"title":"Le Programme INTERREG Cara\u00efbes","date":"25 mai 2018","format":false,"excerpt":"Le Programme Op\u00e9rationnel INTERREG Cara\u00efbes 2014-2020 s\u2019inscrit dans le cadre de la coop\u00e9ration territoriale europ\u00e9enne 2014-2020, et \u00e0 ce titre contribue \u00e0 la mise en \u0153uvre de la strat\u00e9gie Europe 2020 qui a pour ambition de promouvoir un d\u00e9veloppement harmonieux de l\u2019espace Cara\u00efbe en faveur d\u2019une croissance intelligente, durable et\u2026","rel":"","context":"Article similaire","img":{"alt_text":"","src":"https:\/\/i0.wp.com\/recavaca.com\/wp-content\/uploads\/2018\/04\/AMI-Interreg-Caraibes.jpg?resize=350%2C200","width":350,"height":200},"classes":[]},{"id":1192,"url":"https:\/\/recavaca.com\/index.php\/la-mission-jeunes-experts-aequum\/","url_meta":{"origin":9,"position":4},"title":"La MJE \u2013 AEQUUM","date":"25 mai 2018","format":false,"excerpt":"L\u2019\u00e9quipe Aequum est compos\u00e9e d\u2019\u00e9tudiants issus d\u2019une \u00e9cole d\u2019ing\u00e9nieur en agronomie et d\u00e9veloppement international (ISTOM), et a pour vocation de s\u2019int\u00e9resser aux th\u00e9matiques du commerce \u00e9quitable et solidaire dans les pays en d\u00e9veloppement. Elle est plac\u00e9e sous l\u2019\u00e9gide de l\u2019association Expert\u2019Co, qui r\u00e9alise depuis 2011 des projets de d\u00e9veloppement, dans\u2026","rel":"","context":"Article similaire","img":{"alt_text":"","src":"","width":0,"height":0},"classes":[]},{"id":1165,"url":"https:\/\/recavaca.com\/index.php\/le-syndicat-agricole-des-planteurs-de-cafe-et-de-cacao-de-guadeloupe\/","url_meta":{"origin":9,"position":5},"title":"La SAPCAV","date":"25 mai 2018","format":false,"excerpt":"Le Syndicat Agricole des planteurs de caf\u00e9, cacao et vanille de Guadeloupe (ou SAPCAV, anciennement SAPCAF), est une Association syndicale professionnelle de loi 1884. Le syndicat a choisi d'adopter une d\u00e9marche durable pour ses adh\u00e9rents. Il a \u00e9t\u00e9 cr\u00e9\u00e9 en mai 2017 et compte \u00e0 ce jour 25 adh\u00e9rents repr\u00e9sentant\u2026","rel":"","context":"Article similaire","img":{"alt_text":"","src":"","width":0,"height":0},"classes":[]}],"_links":{"self":[{"href":"https:\/\/recavaca.com\/index.php\/wp-json\/wp\/v2\/pages\/9"}],"collection":[{"href":"https:\/\/recavaca.com\/index.php\/wp-json\/wp\/v2\/pages"}],"about":[{"href":"https:\/\/recavaca.com\/index.php\/wp-json\/wp\/v2\/types\/page"}],"author":[{"embeddable":true,"href":"https:\/\/recavaca.com\/index.php\/wp-json\/wp\/v2\/users\/2"}],"replies":[{"embeddable":true,"href":"https:\/\/recavaca.com\/index.php\/wp-json\/wp\/v2\/comments?post=9"}],"version-history":[{"count":10,"href":"https:\/\/recavaca.com\/index.php\/wp-json\/wp\/v2\/pages\/9\/revisions"}],"predecessor-version":[{"id":1511,"href":"https:\/\/recavaca.com\/index.php\/wp-json\/wp\/v2\/pages\/9\/revisions\/1511"}],"wp:attachment":[{"href":"https:\/\/recavaca.com\/index.php\/wp-json\/wp\/v2\/media?parent=9"}],"curies":[{"name":"wp","href":"https:\/\/api.w.org\/{rel}","templated":true}]}}