{"id":642,"date":"2018-04-17T17:36:15","date_gmt":"2018-04-17T15:36:15","guid":{"rendered":"https:\/\/recavaca.com\/?page_id=642"},"modified":"2018-06-07T19:34:10","modified_gmt":"2018-06-07T17:34:10","slug":"lancement-du-projet","status":"publish","type":"page","link":"https:\/\/recavaca.com\/index.php\/lancement-du-projet\/","title":{"rendered":"Lancement du Projet"},"content":{"rendered":"<h1 style=\"text-align: justify;\">Lancement du projet de R\u00e9seau Carib\u00e9en pour la Valorisation du Cacao<\/h1>\n<p style=\"text-align: justify;\">Le projet de R\u00e9seau Carib\u00e9en de valorisation du cacao (RECAVACA), projet cofinanc\u00e9 par le programme INTERREG Cara\u00efbes au titre du Fonds Europ\u00e9en de D\u00e9veloppement R\u00e9gional, a \u00e9t\u00e9 lanc\u00e9 le mardi 24 octobre 2017, au si\u00e8ge du CIRAD (NeufChateau, Capesterre-Belle-Eau) en pr\u00e9sence de Mme VAINQUEUR Betty, la pr\u00e9sidente de <strong>l\u2019AGED<\/strong> structure porteuse du projet, de M. Gilles BAZAJET, le repr\u00e9sentant de l\u2019autorit\u00e9 de gestion du programme INTERREG Cara\u00efbes, et des repr\u00e9sentants des deux partenaires du projet&nbsp;: M. Dominique MARTINEZ, le directeur r\u00e9gional du <strong>CIRAD<\/strong> et M. Jean Mond\u00e9sir AZOR, le comptable du partenaire carib\u00e9en du projet, <strong>la Coop\u00e9rative agricole cacaoy\u00e8re et de commercialisation de la Grand\u2019anse<\/strong> (CACCOMA).<\/p>\n<p style=\"text-align: justify;\">Quatre autres intervenants ont \u00e9galement particip\u00e9 au coup d\u2019envoi du projet RECAVACA&nbsp;: Mme CONZETT Myriam, la directrice de l\u2019<strong>Atelier Comp\u00e9tences Internationales<\/strong> (ACI), sp\u00e9cialis\u00e9e dans la construction de fili\u00e8re bio et \u00e9quitable, M. CILAS Christian, le responsable de la fili\u00e8re cacao du CiRAD, Mme BHARATH Sarah, consultante sp\u00e9cialiste en processus post-r\u00e9colte du cacao et M. BERRY G\u00e9rard, le pr\u00e9sident du <strong>Syndicat des Planteurs de Caf\u00e9<\/strong> (SAPCAF).<\/p>\n<p><a href=\"https:\/\/i0.wp.com\/recavaca.com\/wp-content\/uploads\/2018\/04\/lancement.jpg?ssl=1\" target=\"_blank\" rel=\"noopener\"><img data-attachment-id=\"643\" data-permalink=\"https:\/\/recavaca.com\/index.php\/lancement-du-projet\/lancement\/\" data-orig-file=\"https:\/\/i0.wp.com\/recavaca.com\/wp-content\/uploads\/2018\/04\/lancement.jpg?fit=960%2C453&amp;ssl=1\" data-orig-size=\"960,453\" data-comments-opened=\"0\" data-image-meta=\"{&quot;aperture&quot;:&quot;0&quot;,&quot;credit&quot;:&quot;&quot;,&quot;camera&quot;:&quot;&quot;,&quot;caption&quot;:&quot;&quot;,&quot;created_timestamp&quot;:&quot;0&quot;,&quot;copyright&quot;:&quot;&quot;,&quot;focal_length&quot;:&quot;0&quot;,&quot;iso&quot;:&quot;0&quot;,&quot;shutter_speed&quot;:&quot;0&quot;,&quot;title&quot;:&quot;&quot;,&quot;orientation&quot;:&quot;0&quot;}\" data-image-title=\"lancement\" data-image-description=\"\" data-image-caption=\"&lt;p&gt;Lancement de projet&lt;\/p&gt;\n\" data-medium-file=\"https:\/\/i0.wp.com\/recavaca.com\/wp-content\/uploads\/2018\/04\/lancement.jpg?fit=300%2C142&amp;ssl=1\" data-large-file=\"https:\/\/i0.wp.com\/recavaca.com\/wp-content\/uploads\/2018\/04\/lancement.jpg?fit=525%2C248&amp;ssl=1\" loading=\"lazy\" class=\"alignnone wp-image-643 size-full\" src=\"https:\/\/i0.wp.com\/recavaca.com\/wp-content\/uploads\/2018\/04\/lancement.jpg?resize=525%2C248&#038;ssl=1\" alt=\"\" width=\"525\" height=\"248\" srcset=\"https:\/\/i0.wp.com\/recavaca.com\/wp-content\/uploads\/2018\/04\/lancement.jpg?w=960&amp;ssl=1 960w, https:\/\/i0.wp.com\/recavaca.com\/wp-content\/uploads\/2018\/04\/lancement.jpg?resize=300%2C142&amp;ssl=1 300w, https:\/\/i0.wp.com\/recavaca.com\/wp-content\/uploads\/2018\/04\/lancement.jpg?resize=768%2C362&amp;ssl=1 768w\" sizes=\"(max-width: 706px) 89vw, (max-width: 767px) 82vw, 740px\" data-recalc-dims=\"1\" \/><\/a><\/p>\n<h2 style=\"text-align: justify;\">Le projet RECAVACA, un projet exemplaire<\/h2>\n<p style=\"text-align: justify;\">Le projet RECAVACA a \u00e9t\u00e9 s\u00e9lectionn\u00e9 par le comit\u00e9 de s\u00e9lection du programme INTERREG en mai 2017. Dans son allocution M. Bajazet a soulign\u00e9 le caract\u00e8re exemplaire de ce projet, de par les partenariats structurants sur lesquels il repose, la th\u00e9matique \u00e0 laquelle il touche et les enjeux auxquels il r\u00e9pond, dans le cadre du programme INTERREG.<\/p>\n<h2 style=\"text-align: justify;\">Un projet au service d\u2019une strat\u00e9gie<\/h2>\n<p style=\"text-align: justify;\">L\u2019int\u00e9r\u00eat du projet r\u00e9side dans l\u2019ambition qu\u2019il se donne, d\u2019accompagner le d\u00e9veloppement de la fili\u00e8re cacao dans deux territoires de la zone cara\u00efbe (Ha\u00efti et Guadeloupe), par la recherche de solutions aux probl\u00e9matiques et enjeux communs \u00e0 la zone, \u00e0 travers un programme de renforcement des capacit\u00e9s des acteurs de la fili\u00e8re, aussi bien pour les techniques de culture que pour la transformation du cacao.<\/p>\n<h2 style=\"text-align: justify;\">Des enjeux importants \u00e0 relever<\/h2>\n<p style=\"text-align: justify;\">Le projet ambitionne d\u2019arriver \u00e0 une reconnaissance internationale du cacao de Guadeloupe et d\u2019Ha\u00efti, comme territoires producteurs d\u2019un cacao fin et aromatique, porteur d\u2019un type de fili\u00e8re, avec une forte valeur ajout\u00e9e.<\/p>\n<p style=\"text-align: justify;\">Pour parvenir \u00e0 cet objectif, il convient d\u2019am\u00e9liorer la production du cacao. La premi\u00e8re \u00e9tape, comme le souligne Christian CILAS, consiste \u00e0 mener un travail autour de la caract\u00e9risation g\u00e9n\u00e9tique des cacaoyers, afin d\u2019avoir une bonne connaissance du mat\u00e9riel v\u00e9g\u00e9tal et de promouvoir un mat\u00e9riel productif et de qualit\u00e9.<\/p>\n<p style=\"text-align: justify;\">Ensuite, il est n\u00e9cessaire d\u2019adopter de bonnes techniques en mati\u00e8re de processus de transformation&nbsp;du cacao avec une recherche constante de la qualit\u00e9, qui pourra se d\u00e9finir \u00e0 travers la caract\u00e9risation organoleptique et sensorielle des produits transform\u00e9s. C\u2019est l\u2019objet de la formation de Sarah BHARATH, qui rappelle qu\u2019il est impossible d\u2019obtenir un bon chocolat sans un traitement post-r\u00e9colte de qualit\u00e9 du cacao.<\/p>\n<p style=\"text-align: justify;\">Pour Myriam CONZETT, la recherche de la qualit\u00e9 et de la valeur ajout\u00e9e va aussi de pair avec une volont\u00e9 de prise en compte de valeurs soci\u00e9tales exigeantes, auxquelles le projet donne toute sa place, de par son orientation vers une d\u00e9marche sp\u00e9cifique. Celle-ci prend en compte les questions d\u2019autonomisation des planteurs, l\u2019exigence de promouvoir le travail&nbsp;des femmes \u00e0 travers la mise en place de petites unit\u00e9s de production et de transformation et l\u2019adoption d\u2019une production agro-\u00e9cologique respectueuse de l\u2019environnement.<\/p>\n<h2 style=\"text-align: justify;\">Cacao et caf\u00e9 : une action commune pour r\u00e9pondre \u00e0 des enjeux similaires<\/h2>\n<p style=\"text-align: justify;\">La r\u00e9union de lancement s\u2019est cl\u00f4tur\u00e9 avec M. Gerard BERRY, qui \u00e0 travers son intervention, a mis en exergue la convergence des enjeux des deux cultures caf\u00e9 et cacao dans la recherche d\u2019un positionnement sur un march\u00e9 de niche et haut de gamme, qui vise une reconnaissance internationale de ces deux produits.<\/p>\n<p style=\"text-align: justify;\">Pour ce faire, il convient de mettre en place une d\u00e9marche similaire pour parvenir \u00e0 caract\u00e9riser le caf\u00e9 de Guadeloupe,&nbsp;\u00e0 travers l\u2019analyse du mat\u00e9riel g\u00e9n\u00e9tique, des qualit\u00e9s organoleptiques et sensorielles, la mise en place d\u2019une strat\u00e9gie de vente et une r\u00e9flexion sur les signes de reconnaissance de la qualit\u00e9.<\/p>\n<!-- Beginning of Link Library Output --><div id='linklist1' class='linklist'><!-- Div Linklist -->\n<span class=\"nolinksfoundincat\">Aucun lien trouv\u00e9<\/span><span class=\"nolinksfoundincat\">Aucun lien trouv\u00e9<\/span><script type='text\/javascript'>\njQuery(document).ready(function()\n{\njQuery('.arrow-up').hide();\njQuery('#linklist1 a.track_this_link').click(function() {\nlinkid = this.id;\nlinkid = linkid.substring(5);\npath = '';\njQuery.ajax( {    type: 'POST',    url: 'https:\/\/recavaca.com\/wp-admin\/admin-ajax.php',     data: { action: 'link_library_tracker',             _ajax_nonce: 'a057ae4095',             id:linkid, xpath:path }     });\nreturn true;\n});\njQuery('#linklist1 .expandlinks').click(function() {\ntarget = '.' + jQuery(this).attr('id');\nsubcattarget = '.' + jQuery(this).attr('data-subcat');\nif ( jQuery( target ).is(':visible') ) {\njQuery(target).slideUp();\njQuery(subcattarget).slideToggle();\njQuery(this).children('img').attr('src', 'https:\/\/recavaca.com\/wp-content\/plugins\/link-library\/icons\/expand-32.png');\n} else {\njQuery(target).slideDown();\njQuery(subcattarget).slideToggle();\njQuery(this).children('img').attr('src', 'https:\/\/recavaca.com\/wp-content\/plugins\/link-library\/icons\/collapse-32.png');\n}\n});\njQuery('#linklist1 .linklistcatclass').click(function() {\njQuery(this).siblings('.expandlinks').click();\n});\njQuery('#linklist1 .linklistcatnamedesc').click(function() {\njQuery(this).siblings('.expandlinks').click();\n});\n});\n<\/script>\n<\/div><!-- Div Linklist -->\n<!-- End of Link Library Output -->\n\n\n","protected":false},"excerpt":{"rendered":"<p>Lancement du projet de R\u00e9seau Carib\u00e9en pour la Valorisation du Cacao Le projet de R\u00e9seau Carib\u00e9en de valorisation du cacao (RECAVACA), projet cofinanc\u00e9 par le programme INTERREG Cara\u00efbes au titre du Fonds Europ\u00e9en de D\u00e9veloppement R\u00e9gional, a \u00e9t\u00e9 lanc\u00e9 le mardi 24 octobre 2017, au si\u00e8ge du CIRAD (NeufChateau, Capesterre-Belle-Eau) en pr\u00e9sence de Mme VAINQUEUR &hellip; <\/p>\n<p class=\"link-more\"><a href=\"https:\/\/recavaca.com\/index.php\/lancement-du-projet\/\" class=\"more-link\">Continuer la lecture<span class=\"screen-reader-text\"> de &laquo;&nbsp;Lancement du Projet&nbsp;&raquo;<\/span><\/a><\/p>\n","protected":false},"author":3,"featured_media":0,"parent":0,"menu_order":0,"comment_status":"closed","ping_status":"closed","template":"","meta":{"spay_email":""},"yoast_head":"<!-- This site is optimized with the Yoast SEO plugin v18.1 - https:\/\/yoast.com\/wordpress\/plugins\/seo\/ -->\n<title>Lancement du Projet - Recavaca<\/title>\n<meta name=\"robots\" content=\"index, follow, max-snippet:-1, max-image-preview:large, max-video-preview:-1\" \/>\n<link rel=\"canonical\" href=\"https:\/\/recavaca.com\/index.php\/lancement-du-projet\/\" \/>\n<meta property=\"og:locale\" content=\"fr_FR\" \/>\n<meta property=\"og:type\" content=\"article\" \/>\n<meta property=\"og:title\" content=\"Lancement du Projet - Recavaca\" \/>\n<meta property=\"og:description\" content=\"Lancement du projet de R\u00e9seau Carib\u00e9en pour la Valorisation du Cacao Le projet de R\u00e9seau Carib\u00e9en de valorisation du cacao (RECAVACA), projet cofinanc\u00e9 par le programme INTERREG Cara\u00efbes au titre du Fonds Europ\u00e9en de D\u00e9veloppement R\u00e9gional, a \u00e9t\u00e9 lanc\u00e9 le mardi 24 octobre 2017, au si\u00e8ge du CIRAD (NeufChateau, Capesterre-Belle-Eau) en pr\u00e9sence de Mme VAINQUEUR &hellip; Continuer la lecture de &laquo;&nbsp;Lancement du Projet&nbsp;&raquo;\" \/>\n<meta property=\"og:url\" content=\"https:\/\/recavaca.com\/index.php\/lancement-du-projet\/\" \/>\n<meta property=\"og:site_name\" content=\"Recavaca\" \/>\n<meta property=\"article:publisher\" content=\"https:\/\/www.facebook.com\/guadeloupeequitableetdurable\/\" \/>\n<meta property=\"article:modified_time\" content=\"2018-06-07T17:34:10+00:00\" \/>\n<meta property=\"og:image\" content=\"https:\/\/recavaca.com\/wp-content\/uploads\/2018\/04\/lancement.jpg\" \/>\n<meta name=\"twitter:card\" content=\"summary_large_image\" \/>\n<meta name=\"twitter:label1\" content=\"Dur\u00e9e de lecture estim\u00e9e\" \/>\n\t<meta name=\"twitter:data1\" content=\"4 minutes\" \/>\n<script type=\"application\/ld+json\" class=\"yoast-schema-graph\">{\"@context\":\"https:\/\/schema.org\",\"@graph\":[{\"@type\":\"WebSite\",\"@id\":\"https:\/\/recavaca.com\/#website\",\"url\":\"https:\/\/recavaca.com\/\",\"name\":\"Recavaca\",\"description\":\"R\u00e9seau Carib\u00e9en pour la Valorisation du Cacao\",\"potentialAction\":[{\"@type\":\"SearchAction\",\"target\":{\"@type\":\"EntryPoint\",\"urlTemplate\":\"https:\/\/recavaca.com\/?s={search_term_string}\"},\"query-input\":\"required name=search_term_string\"}],\"inLanguage\":\"fr-FR\"},{\"@type\":\"ImageObject\",\"@id\":\"https:\/\/recavaca.com\/index.php\/lancement-du-projet\/#primaryimage\",\"inLanguage\":\"fr-FR\",\"url\":\"https:\/\/i0.wp.com\/recavaca.com\/wp-content\/uploads\/2018\/04\/lancement.jpg?fit=960%2C453&ssl=1\",\"contentUrl\":\"https:\/\/i0.wp.com\/recavaca.com\/wp-content\/uploads\/2018\/04\/lancement.jpg?fit=960%2C453&ssl=1\",\"width\":960,\"height\":453,\"caption\":\"Lancement de projet\"},{\"@type\":\"WebPage\",\"@id\":\"https:\/\/recavaca.com\/index.php\/lancement-du-projet\/#webpage\",\"url\":\"https:\/\/recavaca.com\/index.php\/lancement-du-projet\/\",\"name\":\"Lancement du Projet - Recavaca\",\"isPartOf\":{\"@id\":\"https:\/\/recavaca.com\/#website\"},\"primaryImageOfPage\":{\"@id\":\"https:\/\/recavaca.com\/index.php\/lancement-du-projet\/#primaryimage\"},\"datePublished\":\"2018-04-17T15:36:15+00:00\",\"dateModified\":\"2018-06-07T17:34:10+00:00\",\"breadcrumb\":{\"@id\":\"https:\/\/recavaca.com\/index.php\/lancement-du-projet\/#breadcrumb\"},\"inLanguage\":\"fr-FR\",\"potentialAction\":[{\"@type\":\"ReadAction\",\"target\":[\"https:\/\/recavaca.com\/index.php\/lancement-du-projet\/\"]}]},{\"@type\":\"BreadcrumbList\",\"@id\":\"https:\/\/recavaca.com\/index.php\/lancement-du-projet\/#breadcrumb\",\"itemListElement\":[{\"@type\":\"ListItem\",\"position\":1,\"name\":\"Accueil\",\"item\":\"https:\/\/recavaca.com\/\"},{\"@type\":\"ListItem\",\"position\":2,\"name\":\"Lancement du Projet\"}]}]}<\/script>\n<!-- \/ Yoast SEO plugin. -->","yoast_head_json":{"title":"Lancement du Projet - Recavaca","robots":{"index":"index","follow":"follow","max-snippet":"max-snippet:-1","max-image-preview":"max-image-preview:large","max-video-preview":"max-video-preview:-1"},"canonical":"https:\/\/recavaca.com\/index.php\/lancement-du-projet\/","og_locale":"fr_FR","og_type":"article","og_title":"Lancement du Projet - Recavaca","og_description":"Lancement du projet de R\u00e9seau Carib\u00e9en pour la Valorisation du Cacao Le projet de R\u00e9seau Carib\u00e9en de valorisation du cacao (RECAVACA), projet cofinanc\u00e9 par le programme INTERREG Cara\u00efbes au titre du Fonds Europ\u00e9en de D\u00e9veloppement R\u00e9gional, a \u00e9t\u00e9 lanc\u00e9 le mardi 24 octobre 2017, au si\u00e8ge du CIRAD (NeufChateau, Capesterre-Belle-Eau) en pr\u00e9sence de Mme VAINQUEUR &hellip; Continuer la lecture de &laquo;&nbsp;Lancement du Projet&nbsp;&raquo;","og_url":"https:\/\/recavaca.com\/index.php\/lancement-du-projet\/","og_site_name":"Recavaca","article_publisher":"https:\/\/www.facebook.com\/guadeloupeequitableetdurable\/","article_modified_time":"2018-06-07T17:34:10+00:00","og_image":[{"url":"https:\/\/recavaca.com\/wp-content\/uploads\/2018\/04\/lancement.jpg"}],"twitter_card":"summary_large_image","twitter_misc":{"Dur\u00e9e de lecture estim\u00e9e":"4 minutes"},"schema":{"@context":"https:\/\/schema.org","@graph":[{"@type":"WebSite","@id":"https:\/\/recavaca.com\/#website","url":"https:\/\/recavaca.com\/","name":"Recavaca","description":"R\u00e9seau Carib\u00e9en pour la Valorisation du Cacao","potentialAction":[{"@type":"SearchAction","target":{"@type":"EntryPoint","urlTemplate":"https:\/\/recavaca.com\/?s={search_term_string}"},"query-input":"required name=search_term_string"}],"inLanguage":"fr-FR"},{"@type":"ImageObject","@id":"https:\/\/recavaca.com\/index.php\/lancement-du-projet\/#primaryimage","inLanguage":"fr-FR","url":"https:\/\/i0.wp.com\/recavaca.com\/wp-content\/uploads\/2018\/04\/lancement.jpg?fit=960%2C453&ssl=1","contentUrl":"https:\/\/i0.wp.com\/recavaca.com\/wp-content\/uploads\/2018\/04\/lancement.jpg?fit=960%2C453&ssl=1","width":960,"height":453,"caption":"Lancement de projet"},{"@type":"WebPage","@id":"https:\/\/recavaca.com\/index.php\/lancement-du-projet\/#webpage","url":"https:\/\/recavaca.com\/index.php\/lancement-du-projet\/","name":"Lancement du Projet - Recavaca","isPartOf":{"@id":"https:\/\/recavaca.com\/#website"},"primaryImageOfPage":{"@id":"https:\/\/recavaca.com\/index.php\/lancement-du-projet\/#primaryimage"},"datePublished":"2018-04-17T15:36:15+00:00","dateModified":"2018-06-07T17:34:10+00:00","breadcrumb":{"@id":"https:\/\/recavaca.com\/index.php\/lancement-du-projet\/#breadcrumb"},"inLanguage":"fr-FR","potentialAction":[{"@type":"ReadAction","target":["https:\/\/recavaca.com\/index.php\/lancement-du-projet\/"]}]},{"@type":"BreadcrumbList","@id":"https:\/\/recavaca.com\/index.php\/lancement-du-projet\/#breadcrumb","itemListElement":[{"@type":"ListItem","position":1,"name":"Accueil","item":"https:\/\/recavaca.com\/"},{"@type":"ListItem","position":2,"name":"Lancement du Projet"}]}]}},"jetpack_sharing_enabled":true,"jetpack_shortlink":"https:\/\/wp.me\/P9QgSb-am","jetpack-related-posts":[{"id":9,"url":"https:\/\/recavaca.com\/","url_meta":{"origin":642,"position":0},"title":"Accueil","date":"1 avril 2018","format":false,"excerpt":"L\u2019objectif du projet de R\u00e9seau Carib\u00e9en de Valorisation du Cacao (RECAVACA) est de cr\u00e9er une dynamique autour de plusieurs acteurs de la fili\u00e8re cacao, \u00e0 l\u2019\u00e9chelle carib\u00e9enne, afin de contribuer \u00e0 la reconnaissance de plusieurs territoires en tant que pays producteurs d\u2019un cacao de qualit\u00e9, produit en volumes suffisants en\u2026","rel":"","context":"Article similaire","img":{"alt_text":"","src":"https:\/\/i0.wp.com\/recavaca.com\/wp-content\/uploads\/2019\/04\/LOGO_FONDS_EUROPEEN_GUADELOUPE_FEDER_projetcofinance-1024x226.png?resize=350%2C200&ssl=1","width":350,"height":200},"classes":[]},{"id":1207,"url":"https:\/\/recavaca.com\/index.php\/le-programme-operationnel-interreg-caraibes-2014-2020\/","url_meta":{"origin":642,"position":1},"title":"Le Programme INTERREG Cara\u00efbes","date":"25 mai 2018","format":false,"excerpt":"Le Programme Op\u00e9rationnel INTERREG Cara\u00efbes 2014-2020 s\u2019inscrit dans le cadre de la coop\u00e9ration territoriale europ\u00e9enne 2014-2020, et \u00e0 ce titre contribue \u00e0 la mise en \u0153uvre de la strat\u00e9gie Europe 2020 qui a pour ambition de promouvoir un d\u00e9veloppement harmonieux de l\u2019espace Cara\u00efbe en faveur d\u2019une croissance intelligente, durable et\u2026","rel":"","context":"Article similaire","img":{"alt_text":"","src":"https:\/\/i0.wp.com\/recavaca.com\/wp-content\/uploads\/2018\/04\/AMI-Interreg-Caraibes.jpg?resize=350%2C200","width":350,"height":200},"classes":[]},{"id":5,"url":"https:\/\/recavaca.com\/index.php\/recavaca\/","url_meta":{"origin":642,"position":2},"title":"Pr\u00e9sentation","date":"1 avril 2018","format":false,"excerpt":"Recavaca : un projet de coop\u00e9ration pour la valorisation du cacao Le projet Recavaca (R\u00e9seau Carib\u00e9en pour la valorisation du cacao), vise le renforcement de la diversification \u00e9conomique des territoires d\u2019Ha\u00efti et de la Guadeloupe, et plus largement de la r\u00e9gion Cara\u00efbe, par le transfert des connaissances et la commercialisation\u2026","rel":"","context":"Article similaire","img":{"alt_text":"","src":"https:\/\/i0.wp.com\/recavaca.com\/wp-content\/uploads\/2019\/04\/interreg_CARAIBES_FR_RGB-Copie.jpg?fit=1200%2C601&ssl=1&resize=350%2C200","width":350,"height":200},"classes":[]},{"id":1185,"url":"https:\/\/recavaca.com\/index.php\/la-region-guadeloupe\/","url_meta":{"origin":642,"position":3},"title":"La R\u00e9gion Guadeloupe","date":"25 mai 2018","format":false,"excerpt":"La r\u00e9gion Guadeloupe est l\u2019autorit\u00e9 de gestion des fonds europ\u00e9ens dont la Guadeloupe b\u00e9n\u00e9ficie pour son d\u00e9veloppement \u00e9conomique, social et culturel. Ces fonds structurels (Fonds europ\u00e9en de d\u00e9veloppement r\u00e9gional (FEDER),\u00a0Fonds social europ\u00e9en (FSE),\u00a0Fonds Europ\u00e9en Agricole pour le D\u00e9veloppement Rural (FEADER), Fonds europ\u00e9en pour les affaires maritimes et la p\u00eache\u00a0(FEAMP\u00a0) sont\u2026","rel":"","context":"Article similaire","img":{"alt_text":"","src":"","width":0,"height":0},"classes":[]},{"id":37,"url":"https:\/\/recavaca.com\/index.php\/qui-sommes-nous\/","url_meta":{"origin":642,"position":4},"title":"Qui sommes nous ?","date":"1 avril 2018","format":false,"excerpt":"AGED- Association Guadeloupe Equitable et Durable Fond\u00e9e en Mars 2011 dans un souci de participation \u00e0 la conception d\u2019un monde \u00e9conomique, social et environnemental plus juste, notre association cherche \u00e0 promouvoir le D\u00e9veloppement Durable et le Commerce \u00c9quitable au sein de la R\u00e9gion Cara\u00efbe et notamment en Guadeloupe. Pourquoi ?\u2026","rel":"","context":"Article similaire","img":{"alt_text":"","src":"https:\/\/i0.wp.com\/recavaca.com\/wp-content\/uploads\/2018\/04\/P_20180115_125902.jpg?fit=1200%2C675&ssl=1&resize=350%2C200","width":350,"height":200},"classes":[]},{"id":1165,"url":"https:\/\/recavaca.com\/index.php\/le-syndicat-agricole-des-planteurs-de-cafe-et-de-cacao-de-guadeloupe\/","url_meta":{"origin":642,"position":5},"title":"La SAPCAV","date":"25 mai 2018","format":false,"excerpt":"Le Syndicat Agricole des planteurs de caf\u00e9, cacao et vanille de Guadeloupe (ou SAPCAV, anciennement SAPCAF), est une Association syndicale professionnelle de loi 1884. Le syndicat a choisi d'adopter une d\u00e9marche durable pour ses adh\u00e9rents. Il a \u00e9t\u00e9 cr\u00e9\u00e9 en mai 2017 et compte \u00e0 ce jour 25 adh\u00e9rents repr\u00e9sentant\u2026","rel":"","context":"Article similaire","img":{"alt_text":"","src":"","width":0,"height":0},"classes":[]}],"_links":{"self":[{"href":"https:\/\/recavaca.com\/index.php\/wp-json\/wp\/v2\/pages\/642"}],"collection":[{"href":"https:\/\/recavaca.com\/index.php\/wp-json\/wp\/v2\/pages"}],"about":[{"href":"https:\/\/recavaca.com\/index.php\/wp-json\/wp\/v2\/types\/page"}],"author":[{"embeddable":true,"href":"https:\/\/recavaca.com\/index.php\/wp-json\/wp\/v2\/users\/3"}],"replies":[{"embeddable":true,"href":"https:\/\/recavaca.com\/index.php\/wp-json\/wp\/v2\/comments?post=642"}],"version-history":[{"count":8,"href":"https:\/\/recavaca.com\/index.php\/wp-json\/wp\/v2\/pages\/642\/revisions"}],"predecessor-version":[{"id":1346,"href":"https:\/\/recavaca.com\/index.php\/wp-json\/wp\/v2\/pages\/642\/revisions\/1346"}],"wp:attachment":[{"href":"https:\/\/recavaca.com\/index.php\/wp-json\/wp\/v2\/media?parent=642"}],"curies":[{"name":"wp","href":"https:\/\/api.w.org\/{rel}","templated":true}]}}