{"id":628,"date":"2018-04-16T22:50:51","date_gmt":"2018-04-16T20:50:51","guid":{"rendered":"https:\/\/recavaca.com\/?page_id=628"},"modified":"2018-04-25T14:30:05","modified_gmt":"2018-04-25T12:30:05","slug":"rapports-articles","status":"publish","type":"page","link":"https:\/\/recavaca.com\/index.php\/rapports-articles\/","title":{"rendered":"Rapports &#038; Articles"},"content":{"rendered":"<!-- Beginning of Link Library Output --><div id='linklist1' class='linklist'><!-- Div Linklist -->\n<div class=\"LinkLibraryCat LinkLibraryCat65 level0\"><!-- Div Category --><div id=\"on-parle-de-nous\"><!-- Div Category Name --><div class=\"linklistcatname\"><!-- Div Cat Name --><span class=\"linklistcatclass\">On parle de nous<\/span><\/div><!-- DivOrHeader --><\/div><!-- Div Category Name -->\n\t<ul>\n<li><a href=\"http:\/\/www.guadeloupe.franceantilles.mobi\/actualite\/economie\/a-quand-un-chocolat-100-guadeloupeen-457692.php\" id=\"link-1413\" class=\"track_this_link \" rel=\"noopener noreferrer\">\u00c0 quand un chocolat 100% guadeloup\u00e9en ?<\/a><\/li>\n<li><a href=\"http:\/\/www.guadeloupe.franceantilles.mobi\/actualite\/economie\/a-quand-un-chocolat-100-guadeloupeen-457692.php\" id=\"link-1414\" class=\"track_this_link \" rel=\"noopener noreferrer\">\u00c0 quand un chocolat 100% guadeloup\u00e9en ?<\/a><\/li>\n<li><a href=\"https:\/\/antilles-guyane.cirad.fr\/actualites\/2017\/reseau-caribeen-de-valorisation-du-cacao\" id=\"link-1415\" class=\"track_this_link \" rel=\"noopener noreferrer\">Coup d&#039;envoi d&#039;un r\u00e9seau carib\u00e9en de valorisation du cacao<\/a><\/li>\n<li><a href=\"https:\/\/antilles-guyane.cirad.fr\/actualites\/2017\/reseau-caribeen-de-valorisation-du-cacao\" id=\"link-1416\" class=\"track_this_link \" rel=\"noopener noreferrer\">Coup d&#039;envoi d&#039;un r\u00e9seau carib\u00e9en de valorisation du cacao<\/a><\/li>\n<li><a href=\"http:\/\/made-in-ess.blogspot.com\/2017\/09\/filieres-caraibes-de-cacao-bio.html\" id=\"link-1407\" class=\"track_this_link \" rel=\"noopener noreferrer\">Fili\u00e8res Cara\u00efbes de Cacao Bio \u00e9quitable<\/a><\/li>\n<li><a href=\"http:\/\/made-in-ess.blogspot.com\/2017\/09\/filieres-caraibes-de-cacao-bio.html\" id=\"link-1408\" class=\"track_this_link \" rel=\"noopener noreferrer\">Fili\u00e8res Cara\u00efbes de Cacao Bio \u00e9quitable<\/a><\/li>\n<li><a href=\"http:\/\/www.guadeloupe.franceantilles.mobi\/actualite\/economie\/un-foisonnement-de-projets-soutenus-par-interreg-caraibes-433944.php\" id=\"link-1419\" class=\"track_this_link \" rel=\"noopener noreferrer\">Un foisonnement de projets soutenus par Interreg Cara\u00efbes<\/a><\/li>\n<li><a href=\"http:\/\/www.guadeloupe.franceantilles.mobi\/actualite\/economie\/un-foisonnement-de-projets-soutenus-par-interreg-caraibes-433944.php\" id=\"link-1420\" class=\"track_this_link \" rel=\"noopener noreferrer\">Un foisonnement de projets soutenus par Interreg Cara\u00efbes<\/a><\/li>\n<li><a href=\"https:\/\/www.rci.fm\/infos\/caraibes\/un-nouveau-souffle-pour-la-filiere-cacao\" id=\"link-1417\" class=\"track_this_link \" rel=\"noopener noreferrer\">Un nouveau souffle pour la fili\u00e8re cacao &#8211; RCI<\/a><\/li>\n<li><a href=\"https:\/\/www.rci.fm\/infos\/caraibes\/un-nouveau-souffle-pour-la-filiere-cacao\" id=\"link-1418\" class=\"track_this_link \" rel=\"noopener noreferrer\">Un nouveau souffle pour la fili\u00e8re cacao &#8211; RCI<\/a><\/li>\n\t<\/ul>\n<\/div><!-- Div End Category -->\n<div class=\"LinkLibraryCat LinkLibraryCat64 level0\"><!-- Div Category --><div id=\"rapports-et-comptes-rendus\"><!-- Div Category Name --><div class=\"linklistcatname\"><!-- Div Cat Name --><span class=\"linklistcatclass\">Rapports et comptes-rendus<\/span><\/div><!-- DivOrHeader --><\/div><!-- Div Category Name -->\n\t<ul>\n<li><a href=\"https:\/\/recavaca.com\/wp-content\/uploads\/2018\/04\/RECAVACA_CR_Lancement.pdf\" id=\"link-1411\" class=\"track_this_link \" rel=\"noopener noreferrer\">Compte-rendu Lancement du Projet RECAVACA<\/a><\/li>\n<li><a href=\"https:\/\/recavaca.com\/wp-content\/uploads\/2018\/04\/RECAVACA_CR_Lancement.pdf\" id=\"link-1412\" class=\"track_this_link \" rel=\"noopener noreferrer\">Compte-rendu Lancement du Projet RECAVACA<\/a><\/li>\n<li><a href=\"https:\/\/wp.me\/p9QgSb-eE\" id=\"link-1425\" class=\"track_this_link \" rel=\"noopener noreferrer\">Les formations en processus post-r\u00e9coltes \u2013 N. DURAND, G. FOURNY et S. BHARATH<\/a><\/li>\n<li><a href=\"https:\/\/wp.me\/p9QgSb-eE\" id=\"link-1426\" class=\"track_this_link \" rel=\"noopener noreferrer\">Les formations en processus post-r\u00e9coltes \u2013 N. DURAND, G. FOURNY et S. BHARATH<\/a><\/li>\n<li><a href=\"https:\/\/recavaca.com\/index.php\/2017\/11\/19\/mission-de-c-cilas-m-boccara-et-d-meunier-en-haiti-27-octobre-au-7-novembre-2017\/\" id=\"link-1423\" class=\"track_this_link \" rel=\"noopener noreferrer\">Mission de C. CILAS, M. BOCCARA et D. Meunier en Ha\u00efti \u2013 27 octobre au 7 novembre 2017<\/a><\/li>\n<li><a href=\"https:\/\/recavaca.com\/index.php\/2017\/11\/19\/mission-de-c-cilas-m-boccara-et-d-meunier-en-haiti-27-octobre-au-7-novembre-2017\/\" id=\"link-1424\" class=\"track_this_link \" rel=\"noopener noreferrer\">Mission de C. CILAS, M. BOCCARA et D. Meunier en Ha\u00efti \u2013 27 octobre au 7 novembre 2017<\/a><\/li>\n<li><a href=\"https:\/\/recavaca.com\/index.php\/2018\/04\/11\/rapport-de-mission-wp-n1\/\" id=\"link-1409\" class=\"track_this_link \" rel=\"noopener noreferrer\">Mission de Christian CILAS en Guadeloupe \u2013 23 au 25 octobre 2017<\/a><\/li>\n<li><a href=\"https:\/\/recavaca.com\/index.php\/2018\/04\/11\/rapport-de-mission-wp-n1\/\" id=\"link-1410\" class=\"track_this_link \" rel=\"noopener noreferrer\">Mission de Christian CILAS en Guadeloupe \u2013 23 au 25 octobre 2017<\/a><\/li>\n<li><a href=\"https:\/\/recavaca.com\/index.php\/2017\/11\/07\/mission-de-myriam-conzett-en-haiti-28-octobre-au-7-novembre\/\" id=\"link-1421\" class=\"track_this_link \" rel=\"noopener noreferrer\">Mission de Myriam CONZETT en Ha\u00efti \u2013 28 octobre au 7 novembre<\/a><\/li>\n<li><a href=\"https:\/\/recavaca.com\/index.php\/2017\/11\/07\/mission-de-myriam-conzett-en-haiti-28-octobre-au-7-novembre\/\" id=\"link-1422\" class=\"track_this_link \" rel=\"noopener noreferrer\">Mission de Myriam CONZETT en Ha\u00efti \u2013 28 octobre au 7 novembre<\/a><\/li>\n\t<\/ul>\n<\/div><!-- Div End Category -->\n<script type='text\/javascript'>\njQuery(document).ready(function()\n{\njQuery('.arrow-up').hide();\njQuery('#linklist1 a.track_this_link').click(function() {\nlinkid = this.id;\nlinkid = linkid.substring(5);\npath = '';\njQuery.ajax( {    type: 'POST',    url: 'https:\/\/recavaca.com\/wp-admin\/admin-ajax.php',     data: { action: 'link_library_tracker',             _ajax_nonce: 'f0f17e1b56',             id:linkid, xpath:path }     });\nreturn true;\n});\njQuery('#linklist1 .expandlinks').click(function() {\ntarget = '.' + jQuery(this).attr('id');\nsubcattarget = '.' + jQuery(this).attr('data-subcat');\nif ( jQuery( target ).is(':visible') ) {\njQuery(target).slideUp();\njQuery(subcattarget).slideToggle();\njQuery(this).children('img').attr('src', 'https:\/\/recavaca.com\/wp-content\/plugins\/link-library\/icons\/expand-32.png');\n} else {\njQuery(target).slideDown();\njQuery(subcattarget).slideToggle();\njQuery(this).children('img').attr('src', 'https:\/\/recavaca.com\/wp-content\/plugins\/link-library\/icons\/collapse-32.png');\n}\n});\njQuery('#linklist1 .linklistcatclass').click(function() {\njQuery(this).siblings('.expandlinks').click();\n});\njQuery('#linklist1 .linklistcatnamedesc').click(function() {\njQuery(this).siblings('.expandlinks').click();\n});\n});\n<\/script>\n<\/div><!-- Div Linklist -->\n<!-- End of Link Library Output -->\n\n\n<p>&nbsp;<\/p>\n<p>&nbsp;<\/p>\n<p>&nbsp;<\/p>\n<p>&nbsp;<\/p>\n","protected":false},"excerpt":{"rendered":"<p>&nbsp; &nbsp; &nbsp; &nbsp;<\/p>\n","protected":false},"author":3,"featured_media":0,"parent":0,"menu_order":0,"comment_status":"closed","ping_status":"closed","template":"","meta":{"spay_email":""},"yoast_head":"<!-- This site is optimized with the Yoast SEO plugin v18.1 - https:\/\/yoast.com\/wordpress\/plugins\/seo\/ -->\n<title>Rapports &amp; Articles - Recavaca<\/title>\n<meta name=\"robots\" content=\"index, follow, max-snippet:-1, max-image-preview:large, max-video-preview:-1\" \/>\n<link rel=\"canonical\" href=\"https:\/\/recavaca.com\/index.php\/rapports-articles\/\" \/>\n<meta property=\"og:locale\" content=\"fr_FR\" \/>\n<meta property=\"og:type\" content=\"article\" \/>\n<meta property=\"og:title\" content=\"Rapports &amp; Articles - Recavaca\" \/>\n<meta property=\"og:description\" content=\"&nbsp; &nbsp; &nbsp; &nbsp;\" \/>\n<meta property=\"og:url\" content=\"https:\/\/recavaca.com\/index.php\/rapports-articles\/\" \/>\n<meta property=\"og:site_name\" content=\"Recavaca\" \/>\n<meta property=\"article:publisher\" content=\"https:\/\/www.facebook.com\/guadeloupeequitableetdurable\/\" \/>\n<meta property=\"article:modified_time\" content=\"2018-04-25T12:30:05+00:00\" \/>\n<meta name=\"twitter:card\" content=\"summary_large_image\" \/>\n<script type=\"application\/ld+json\" class=\"yoast-schema-graph\">{\"@context\":\"https:\/\/schema.org\",\"@graph\":[{\"@type\":\"WebSite\",\"@id\":\"https:\/\/recavaca.com\/#website\",\"url\":\"https:\/\/recavaca.com\/\",\"name\":\"Recavaca\",\"description\":\"R\u00e9seau Carib\u00e9en pour la Valorisation du Cacao\",\"potentialAction\":[{\"@type\":\"SearchAction\",\"target\":{\"@type\":\"EntryPoint\",\"urlTemplate\":\"https:\/\/recavaca.com\/?s={search_term_string}\"},\"query-input\":\"required name=search_term_string\"}],\"inLanguage\":\"fr-FR\"},{\"@type\":\"WebPage\",\"@id\":\"https:\/\/recavaca.com\/index.php\/rapports-articles\/#webpage\",\"url\":\"https:\/\/recavaca.com\/index.php\/rapports-articles\/\",\"name\":\"Rapports & Articles - Recavaca\",\"isPartOf\":{\"@id\":\"https:\/\/recavaca.com\/#website\"},\"datePublished\":\"2018-04-16T20:50:51+00:00\",\"dateModified\":\"2018-04-25T12:30:05+00:00\",\"breadcrumb\":{\"@id\":\"https:\/\/recavaca.com\/index.php\/rapports-articles\/#breadcrumb\"},\"inLanguage\":\"fr-FR\",\"potentialAction\":[{\"@type\":\"ReadAction\",\"target\":[\"https:\/\/recavaca.com\/index.php\/rapports-articles\/\"]}]},{\"@type\":\"BreadcrumbList\",\"@id\":\"https:\/\/recavaca.com\/index.php\/rapports-articles\/#breadcrumb\",\"itemListElement\":[{\"@type\":\"ListItem\",\"position\":1,\"name\":\"Accueil\",\"item\":\"https:\/\/recavaca.com\/\"},{\"@type\":\"ListItem\",\"position\":2,\"name\":\"Rapports &#038; Articles\"}]}]}<\/script>\n<!-- \/ Yoast SEO plugin. -->","yoast_head_json":{"title":"Rapports & Articles - Recavaca","robots":{"index":"index","follow":"follow","max-snippet":"max-snippet:-1","max-image-preview":"max-image-preview:large","max-video-preview":"max-video-preview:-1"},"canonical":"https:\/\/recavaca.com\/index.php\/rapports-articles\/","og_locale":"fr_FR","og_type":"article","og_title":"Rapports & Articles - Recavaca","og_description":"&nbsp; &nbsp; &nbsp; &nbsp;","og_url":"https:\/\/recavaca.com\/index.php\/rapports-articles\/","og_site_name":"Recavaca","article_publisher":"https:\/\/www.facebook.com\/guadeloupeequitableetdurable\/","article_modified_time":"2018-04-25T12:30:05+00:00","twitter_card":"summary_large_image","schema":{"@context":"https:\/\/schema.org","@graph":[{"@type":"WebSite","@id":"https:\/\/recavaca.com\/#website","url":"https:\/\/recavaca.com\/","name":"Recavaca","description":"R\u00e9seau Carib\u00e9en pour la Valorisation du Cacao","potentialAction":[{"@type":"SearchAction","target":{"@type":"EntryPoint","urlTemplate":"https:\/\/recavaca.com\/?s={search_term_string}"},"query-input":"required name=search_term_string"}],"inLanguage":"fr-FR"},{"@type":"WebPage","@id":"https:\/\/recavaca.com\/index.php\/rapports-articles\/#webpage","url":"https:\/\/recavaca.com\/index.php\/rapports-articles\/","name":"Rapports & Articles - Recavaca","isPartOf":{"@id":"https:\/\/recavaca.com\/#website"},"datePublished":"2018-04-16T20:50:51+00:00","dateModified":"2018-04-25T12:30:05+00:00","breadcrumb":{"@id":"https:\/\/recavaca.com\/index.php\/rapports-articles\/#breadcrumb"},"inLanguage":"fr-FR","potentialAction":[{"@type":"ReadAction","target":["https:\/\/recavaca.com\/index.php\/rapports-articles\/"]}]},{"@type":"BreadcrumbList","@id":"https:\/\/recavaca.com\/index.php\/rapports-articles\/#breadcrumb","itemListElement":[{"@type":"ListItem","position":1,"name":"Accueil","item":"https:\/\/recavaca.com\/"},{"@type":"ListItem","position":2,"name":"Rapports &#038; Articles"}]}]}},"jetpack_sharing_enabled":true,"jetpack_shortlink":"https:\/\/wp.me\/P9QgSb-a8","jetpack-related-posts":[{"id":642,"url":"https:\/\/recavaca.com\/index.php\/lancement-du-projet\/","url_meta":{"origin":628,"position":0},"title":"Lancement du Projet","date":"17 avril 2018","format":false,"excerpt":"Lancement du projet de R\u00e9seau Carib\u00e9en pour la Valorisation du Cacao Le projet de R\u00e9seau Carib\u00e9en de valorisation du cacao (RECAVACA), projet cofinanc\u00e9 par le programme INTERREG Cara\u00efbes au titre du Fonds Europ\u00e9en de D\u00e9veloppement R\u00e9gional, a \u00e9t\u00e9 lanc\u00e9 le mardi 24 octobre 2017, au si\u00e8ge du CIRAD (NeufChateau, Capesterre-Belle-Eau)\u2026","rel":"","context":"Article similaire","img":{"alt_text":"","src":"https:\/\/i0.wp.com\/recavaca.com\/wp-content\/uploads\/2018\/04\/lancement.jpg?resize=350%2C200&ssl=1","width":350,"height":200},"classes":[]},{"id":10,"url":"https:\/\/recavaca.com\/index.php\/actu\/","url_meta":{"origin":628,"position":1},"title":"News","date":"1 avril 2018","format":false,"excerpt":"","rel":"","context":"Article similaire","img":{"alt_text":"","src":"https:\/\/i0.wp.com\/recavaca.com\/wp-content\/uploads\/2018\/04\/P_20180327_162819.jpg?fit=1200%2C675&ssl=1&resize=350%2C200","width":350,"height":200},"classes":[]},{"id":33,"url":"https:\/\/recavaca.com\/index.php\/le-commerce-equitable\/","url_meta":{"origin":628,"position":2},"title":"Le Commerce Equitable","date":"1 avril 2018","format":false,"excerpt":"Depuis quand ? O\u00f9 ? Dans quel but ? \u00a0 \u00a0 \u00a0 \u00a0Les premiers projets de commerce \u00e9quitable se d\u00e9veloppent dans les ann\u00e9es 40, aux Etats-Unis, puis, quelques ann\u00e9es plus tard en Europe, dans un souci de contribuer au bien-\u00eatre et au d\u00e9veloppement des pays les plus pauvres. Mais ce\u2026","rel":"","context":"Article similaire","img":{"alt_text":"","src":"https:\/\/i0.wp.com\/recavaca.com\/wp-content\/uploads\/2018\/04\/22326449230_6cf30a4fc6_o.jpg?resize=350%2C200","width":350,"height":200},"classes":[]},{"id":9,"url":"https:\/\/recavaca.com\/","url_meta":{"origin":628,"position":3},"title":"Accueil","date":"1 avril 2018","format":false,"excerpt":"L\u2019objectif du projet de R\u00e9seau Carib\u00e9en de Valorisation du Cacao (RECAVACA) est de cr\u00e9er une dynamique autour de plusieurs acteurs de la fili\u00e8re cacao, \u00e0 l\u2019\u00e9chelle carib\u00e9enne, afin de contribuer \u00e0 la reconnaissance de plusieurs territoires en tant que pays producteurs d\u2019un cacao de qualit\u00e9, produit en volumes suffisants en\u2026","rel":"","context":"Article similaire","img":{"alt_text":"","src":"https:\/\/i0.wp.com\/recavaca.com\/wp-content\/uploads\/2019\/04\/LOGO_FONDS_EUROPEEN_GUADELOUPE_FEDER_projetcofinance-1024x226.png?resize=350%2C200&ssl=1","width":350,"height":200},"classes":[]},{"id":6,"url":"https:\/\/recavaca.com\/index.php\/contact-2\/","url_meta":{"origin":628,"position":4},"title":"Contact","date":"1 avril 2018","format":false,"excerpt":"\u00a0N'h\u00e9sitez pas \u00e0 nous contacter pour toute question ! \u00a0","rel":"","context":"Article similaire","img":{"alt_text":"","src":"","width":0,"height":0},"classes":[]},{"id":5,"url":"https:\/\/recavaca.com\/index.php\/recavaca\/","url_meta":{"origin":628,"position":5},"title":"Pr\u00e9sentation","date":"1 avril 2018","format":false,"excerpt":"Recavaca : un projet de coop\u00e9ration pour la valorisation du cacao Le projet Recavaca (R\u00e9seau Carib\u00e9en pour la valorisation du cacao), vise le renforcement de la diversification \u00e9conomique des territoires d\u2019Ha\u00efti et de la Guadeloupe, et plus largement de la r\u00e9gion Cara\u00efbe, par le transfert des connaissances et la commercialisation\u2026","rel":"","context":"Article similaire","img":{"alt_text":"","src":"https:\/\/i0.wp.com\/recavaca.com\/wp-content\/uploads\/2019\/04\/interreg_CARAIBES_FR_RGB-Copie.jpg?fit=1200%2C601&ssl=1&resize=350%2C200","width":350,"height":200},"classes":[]}],"_links":{"self":[{"href":"https:\/\/recavaca.com\/index.php\/wp-json\/wp\/v2\/pages\/628"}],"collection":[{"href":"https:\/\/recavaca.com\/index.php\/wp-json\/wp\/v2\/pages"}],"about":[{"href":"https:\/\/recavaca.com\/index.php\/wp-json\/wp\/v2\/types\/page"}],"author":[{"embeddable":true,"href":"https:\/\/recavaca.com\/index.php\/wp-json\/wp\/v2\/users\/3"}],"replies":[{"embeddable":true,"href":"https:\/\/recavaca.com\/index.php\/wp-json\/wp\/v2\/comments?post=628"}],"version-history":[{"count":6,"href":"https:\/\/recavaca.com\/index.php\/wp-json\/wp\/v2\/pages\/628\/revisions"}],"predecessor-version":[{"id":630,"href":"https:\/\/recavaca.com\/index.php\/wp-json\/wp\/v2\/pages\/628\/revisions\/630"}],"wp:attachment":[{"href":"https:\/\/recavaca.com\/index.php\/wp-json\/wp\/v2\/media?parent=628"}],"curies":[{"name":"wp","href":"https:\/\/api.w.org\/{rel}","templated":true}]}}