{"id":33,"date":"2018-04-01T12:44:26","date_gmt":"2018-04-01T12:44:26","guid":{"rendered":"https:\/\/recavaca.wordpress.com\/?page_id=33"},"modified":"2018-04-23T16:26:03","modified_gmt":"2018-04-23T14:26:03","slug":"le-commerce-equitable","status":"publish","type":"page","link":"https:\/\/recavaca.com\/index.php\/le-commerce-equitable\/","title":{"rendered":"Le Commerce Equitable"},"content":{"rendered":"<h1 style=\"text-align: justify;\"><em>Depuis quand ? O\u00f9 ? Dans quel but ?<\/em><\/h1>\n<p style=\"text-align: justify;\">&nbsp; &nbsp; &nbsp; &nbsp;Les premiers projets de commerce \u00e9quitable se d\u00e9veloppent dans les ann\u00e9es 40, aux Etats-Unis, puis, quelques ann\u00e9es plus tard en Europe, dans un souci de contribuer au bien-\u00eatre et au d\u00e9veloppement des pays les plus pauvres.<\/p>\n<p style=\"text-align: justify;\">Mais ce n\u2019est qu\u2019en 1964 que na\u00eet v\u00e9ritablement la dimension politique du \u00ab Commerce \u00e9quitable \u00bb, et notamment lors de la Conf\u00e9rence des Nations Unies sur le Commerce et le D\u00e9veloppement (CNUCED) ; une nouvelle conception de l\u2019aide au d\u00e9veloppement (acc\u00e8s avantageux pour les pays du Sud) et une reconnaissance internationale qui depuis, ne cesse d\u2019\u00e9voluer\u2026<\/p>\n<p style=\"text-align: justify;\"><!--more--><\/p>\n<hr>\n<h1 style=\"text-align: left;\"><em>Le Commerce \u00c9quitable&nbsp;\u00ab Qu\u2019est-ce que c\u2019est ? \u00bb<\/em><\/h1>\n<p style=\"text-align: justify;\">&nbsp; &nbsp; &nbsp; &nbsp;Le commerce \u00e9quitable est une alternative au syst\u00e8me d\u2019\u00e9change conventionnel, autrement dit, au commerce mondial dominant. Il pr\u00f4ne la r\u00e9duction des in\u00e9galit\u00e9s et ainsi le d\u00e9veloppement et le bon fonctionnement du march\u00e9 des petits producteurs. Il s\u2019agit, \u00e0 terme, de permettre \u00e0 ces derniers d\u2019am\u00e9liorer leurs conditions de vie en devenant eux-m\u00eames acteurs de leur mod\u00e8le de d\u00e9veloppement. Au-del\u00e0 de cet aspect \u00e9conomique, le commerce \u00e9quitable veille \u00e9galement au respect des droits sociaux, culturels et environnementaux.<\/p>\n<p style=\"text-align: justify;\"><em>&nbsp; &nbsp; &nbsp; &nbsp;\u00ab&nbsp;Le Commerce \u00c9quitable est un partenariat commercial, fond\u00e9 sur le dialogue, la transparence et le respect, dont l\u2019objectif est de parvenir \u00e0 une plus grande \u00e9quit\u00e9 dans le commerce mondial. Il contribue au d\u00e9veloppement durable en offrant de meilleures conditions commerciales et en garantissant les droits des producteurs et des travailleurs marginalis\u00e9s, tout particuli\u00e8rement au Sud de la plan\u00e8te. Les organisations du Commerce \u00c9quitable (soutenues par les consommateurs) s\u2019engagent activement \u00e0 soutenir les producteurs, \u00e0 sensibiliser l\u2019opinion et \u00e0 mener campagne en faveur de changements dans les r\u00e8gles et pratiques du commerce international conventionnel&nbsp;\u00bb<\/em>(D\u00e9finition consensus FINE, 2001)<\/p>\n<div class=\"tiled-gallery type-rectangular tiled-gallery-unresized\" data-original-width=\"525\" data-carousel-extra='{&quot;blog_id&quot;:1,&quot;permalink&quot;:&quot;https:\\\/\\\/recavaca.com\\\/index.php\\\/le-commerce-equitable\\\/&quot;,&quot;likes_blog_id&quot;:145444943}' itemscope itemtype=\"http:\/\/schema.org\/ImageGallery\" > <div class=\"gallery-row\" style=\"width: 525px; height: 162px;\" data-original-width=\"525\" data-original-height=\"162\" > <div class=\"gallery-group images-1\" style=\"width: 240px; height: 162px;\" data-original-width=\"240\" data-original-height=\"162\" > <div class=\"tiled-gallery-item tiled-gallery-item-small\" itemprop=\"associatedMedia\" itemscope itemtype=\"http:\/\/schema.org\/ImageObject\"> <a href=\"https:\/\/recavaca.com\/index.php\/le-commerce-equitable\/22326449230_6cf30a4fc6_o\/\" border=\"0\" itemprop=\"url\"> <meta itemprop=\"width\" content=\"236\"> <meta itemprop=\"height\" content=\"158\"> <img data-attachment-id=\"125\" data-orig-file=\"https:\/\/recavaca.com\/wp-content\/uploads\/2018\/04\/22326449230_6cf30a4fc6_o.jpg\" data-orig-size=\"700,468\" data-comments-opened=\"1\" data-image-meta=\"{&quot;aperture&quot;:&quot;0&quot;,&quot;credit&quot;:&quot;&quot;,&quot;camera&quot;:&quot;&quot;,&quot;caption&quot;:&quot;&quot;,&quot;created_timestamp&quot;:&quot;0&quot;,&quot;copyright&quot;:&quot;&quot;,&quot;focal_length&quot;:&quot;0&quot;,&quot;iso&quot;:&quot;0&quot;,&quot;shutter_speed&quot;:&quot;0&quot;,&quot;title&quot;:&quot;&quot;,&quot;orientation&quot;:&quot;0&quot;}\" data-image-title=\"22326449230_6cf30a4fc6_o\" data-image-description=\"\" data-medium-file=\"https:\/\/i0.wp.com\/recavaca.com\/wp-content\/uploads\/2018\/04\/22326449230_6cf30a4fc6_o.jpg?fit=300%2C201&#038;ssl=1\" data-large-file=\"https:\/\/i0.wp.com\/recavaca.com\/wp-content\/uploads\/2018\/04\/22326449230_6cf30a4fc6_o.jpg?fit=525%2C351&#038;ssl=1\" src=\"https:\/\/i0.wp.com\/recavaca.com\/wp-content\/uploads\/2018\/04\/22326449230_6cf30a4fc6_o.jpg?w=236&#038;h=158&#038;ssl=1\" width=\"236\" height=\"158\" data-original-width=\"236\" data-original-height=\"158\" itemprop=\"http:\/\/schema.org\/image\" title=\"22326449230_6cf30a4fc6_o\" alt=\"22326449230_6cf30a4fc6_o\" style=\"width: 236px; height: 158px;\" \/> <\/a> <\/div> <\/div> <!-- close group --> <div class=\"gallery-group images-1\" style=\"width: 285px; height: 162px;\" data-original-width=\"285\" data-original-height=\"162\" > <div class=\"tiled-gallery-item tiled-gallery-item-large\" itemprop=\"associatedMedia\" itemscope itemtype=\"http:\/\/schema.org\/ImageObject\"> <a href=\"https:\/\/recavaca.com\/index.php\/le-commerce-equitable\/art-du-monde\/\" border=\"0\" itemprop=\"url\"> <meta itemprop=\"width\" content=\"281\"> <meta itemprop=\"height\" content=\"158\"> <img data-attachment-id=\"124\" data-orig-file=\"https:\/\/recavaca.com\/wp-content\/uploads\/2018\/04\/art-du-monde.jpg\" data-orig-size=\"493,277\" data-comments-opened=\"1\" data-image-meta=\"{&quot;aperture&quot;:&quot;0&quot;,&quot;credit&quot;:&quot;&quot;,&quot;camera&quot;:&quot;&quot;,&quot;caption&quot;:&quot;&quot;,&quot;created_timestamp&quot;:&quot;0&quot;,&quot;copyright&quot;:&quot;&quot;,&quot;focal_length&quot;:&quot;0&quot;,&quot;iso&quot;:&quot;0&quot;,&quot;shutter_speed&quot;:&quot;0&quot;,&quot;title&quot;:&quot;&quot;,&quot;orientation&quot;:&quot;0&quot;}\" data-image-title=\"art du monde\" data-image-description=\"\" data-medium-file=\"https:\/\/i0.wp.com\/recavaca.com\/wp-content\/uploads\/2018\/04\/art-du-monde.jpg?fit=300%2C169&#038;ssl=1\" data-large-file=\"https:\/\/i0.wp.com\/recavaca.com\/wp-content\/uploads\/2018\/04\/art-du-monde.jpg?fit=493%2C277&#038;ssl=1\" src=\"https:\/\/i0.wp.com\/recavaca.com\/wp-content\/uploads\/2018\/04\/art-du-monde.jpg?w=281&#038;h=158&#038;ssl=1\" width=\"281\" height=\"158\" data-original-width=\"281\" data-original-height=\"158\" itemprop=\"http:\/\/schema.org\/image\" title=\"art du monde\" alt=\"art du monde\" style=\"width: 281px; height: 158px;\" \/> <\/a> <\/div> <\/div> <!-- close group --> <\/div> <!-- close row --> <\/div>\n<h2 style=\"text-align: justify;\"><em>Des normes et des r\u00e8gles ; principes de base<\/em><\/h2>\n<p style=\"text-align: justify;\">&nbsp; &nbsp; &nbsp; &nbsp;Le commerce \u00e9quitable repose sur une s\u00e9rie de normes et valeurs visant \u00e0 \u00e9tablir des rapports d\u2019\u00e9changes satisfaisants et justes pour tous.<\/p>\n<p style=\"text-align: justify;\">Les principaux crit\u00e8res :<\/p>\n<ul class=\"ili-indent\" style=\"text-align: justify;\">\n<li><strong><em>aspects \u00e9conomiques :<\/em><\/strong>&nbsp;acc\u00e8s au march\u00e9, relation durable entre les partenaires \u00e9conomiques, r\u00e9mun\u00e9ration juste du travail des producteurs (prix minimum et avance de paiement), transparence et tra\u00e7abilit\u00e9 sur la formation du prix des produits ;<\/li>\n<\/ul>\n<ul class=\"ili-indent\" style=\"text-align: justify;\">\n<li><strong><em>aspects sociaux-culturels :<\/em><\/strong>refus syst\u00e9matique de quelconque forme d\u2019esclavage ou de travail forc\u00e9 (incluant l\u2019exploitation des enfants), \u00e9galit\u00e9 entre les sexes, application des l\u00e9gislations nationales et normes du travail (temps de travail, revenu minimum, \u00e2ge minimum\u2026), valorisation des cultures et savoir-faire locaux ;<\/li>\n<\/ul>\n<ul class=\"ili-indent\" style=\"text-align: justify;\">\n<li><strong><em>aspects environnementaux :<\/em><\/strong>r\u00e9duction des impacts n\u00e9gatifs environnementaux et sur la sant\u00e9 (favorisation de l\u2019agriculture biologique, r\u00e9duction de l\u2019empreinte \u00e9cologique et de la consommation d\u2019\u00e9nergie), pr\u00e9servation de la biodiversit\u00e9 ;<\/li>\n<\/ul>\n<ul class=\"ili-indent\" style=\"text-align: justify;\">\n<li><strong><em>aspects \u00e9volutifs :<\/em><\/strong>sensibilisation des citoyens aux enjeux du commerce \u00e9quitable, incitation \u00e0 la consommation responsable.<\/li>\n<\/ul>\n<h2 style=\"text-align: justify;\"><em>Les objectifs<\/em><\/h2>\n<ul class=\"ili-indent\" style=\"text-align: justify;\">\n<li>Travailler avec les producteurs marginalis\u00e9s et leur assurer un avenir stable et autonome ;<\/li>\n<\/ul>\n<ul class=\"ili-indent\" style=\"text-align: justify;\">\n<li>Appuyer le r\u00f4le participatif des producteurs et travailleurs au sein de leur propre organisation ;<\/li>\n<\/ul>\n<ul class=\"ili-indent\" style=\"text-align: justify;\">\n<li>Assurer un commerce mondial plus juste.<\/li>\n<\/ul>\n<hr>\n<h1 style=\"text-align: justify;\"><span class=\"wnd-font-size-80\">Le saviez-vous ?&nbsp;<\/span><\/h1>\n<h2 style=\"text-align: justify;\">Dans le monde<\/h2>\n<ul class=\"ili-indent\" style=\"text-align: justify;\">\n<li>Les ventes de produits \u00e9quitables repr\u00e9sentent entre 5,5 et 6 milliards d\u2019euros de chiffre d\u2019affaires ;<\/li>\n<\/ul>\n<ul class=\"ili-indent\" style=\"text-align: justify;\">\n<li>Les consommateurs continuent \u00e0 acheter plus que jamais des produits issus du commerce \u00e9quitable. Parmi les produits phares du commerce \u00e9quitable les ventes de caf\u00e9 ont augment\u00e9 en 2013, de 8%, celles de sucre de canne, de 22%, celles de banane, de 12%, et celles de fleurs, de 16% ;<\/li>\n<\/ul>\n<ul class=\"ili-indent\" style=\"text-align: justify;\">\n<li>Les produits issus du commerce \u00e9quitable sont consomm\u00e9s dans plus de 70 pays, par plus de 80 millions de familles.<\/li>\n<\/ul>\n<h2 style=\"text-align: justify;\">Les b\u00e9n\u00e9ficiaires<\/h2>\n<ul class=\"ili-indent\" style=\"text-align: justify;\">\n<li>En 2012, plus de 2 millions de producteurs et travailleurs en Afrique, Asie et Am\u00e9rique latine b\u00e9n\u00e9ficient du commerce \u00e9quitable, rassembl\u00e9s au sein d\u2019environ 1 400 organisations professionnelles (coop\u00e9ratives, associations\u2026) dans 75 pays ;<\/li>\n<\/ul>\n<ul class=\"ili-indent\" style=\"text-align: justify;\">\n<li>Avec leurs familles, environ 10 millions de personnes b\u00e9n\u00e9ficient du commerce \u00e9quitable \u00e0 travers le monde ;<\/li>\n<\/ul>\n<ul class=\"ili-indent\" style=\"text-align: justify;\">\n<li>Cependant, ils ne repr\u00e9sentent qu\u2019une tr\u00e8s petite part du commerce international.<\/li>\n<\/ul>\n","protected":false},"excerpt":{"rendered":"<p>Depuis quand ? O\u00f9 ? Dans quel but ? &nbsp; &nbsp; &nbsp; &nbsp;Les premiers projets de commerce \u00e9quitable se d\u00e9veloppent dans les ann\u00e9es 40, aux Etats-Unis, puis, quelques ann\u00e9es plus tard en Europe, dans un souci de contribuer au bien-\u00eatre et au d\u00e9veloppement des pays les plus pauvres. Mais ce n\u2019est qu\u2019en 1964 que na\u00eet &hellip; <\/p>\n<p class=\"link-more\"><a href=\"https:\/\/recavaca.com\/index.php\/le-commerce-equitable\/\" class=\"more-link\">Continuer la lecture<span class=\"screen-reader-text\"> de &laquo;&nbsp;Le Commerce Equitable&nbsp;&raquo;<\/span><\/a><\/p>\n","protected":false},"author":2,"featured_media":0,"parent":0,"menu_order":4,"comment_status":"closed","ping_status":"closed","template":"","meta":{"spay_email":""},"yoast_head":"<!-- This site is optimized with the Yoast SEO plugin v18.1 - https:\/\/yoast.com\/wordpress\/plugins\/seo\/ -->\n<title>Le Commerce Equitable - Recavaca<\/title>\n<meta name=\"robots\" content=\"index, follow, max-snippet:-1, max-image-preview:large, max-video-preview:-1\" \/>\n<link rel=\"canonical\" href=\"https:\/\/recavaca.com\/index.php\/le-commerce-equitable\/\" \/>\n<meta property=\"og:locale\" content=\"fr_FR\" \/>\n<meta property=\"og:type\" content=\"article\" \/>\n<meta property=\"og:title\" content=\"Le Commerce Equitable - Recavaca\" \/>\n<meta property=\"og:description\" content=\"Depuis quand ? O\u00f9 ? Dans quel but ? &nbsp; &nbsp; &nbsp; &nbsp;Les premiers projets de commerce \u00e9quitable se d\u00e9veloppent dans les ann\u00e9es 40, aux Etats-Unis, puis, quelques ann\u00e9es plus tard en Europe, dans un souci de contribuer au bien-\u00eatre et au d\u00e9veloppement des pays les plus pauvres. Mais ce n\u2019est qu\u2019en 1964 que na\u00eet &hellip; Continuer la lecture de &laquo;&nbsp;Le Commerce Equitable&nbsp;&raquo;\" \/>\n<meta property=\"og:url\" content=\"https:\/\/recavaca.com\/index.php\/le-commerce-equitable\/\" \/>\n<meta property=\"og:site_name\" content=\"Recavaca\" \/>\n<meta property=\"article:publisher\" content=\"https:\/\/www.facebook.com\/guadeloupeequitableetdurable\/\" \/>\n<meta property=\"article:modified_time\" content=\"2018-04-23T14:26:03+00:00\" \/>\n<meta name=\"twitter:card\" content=\"summary_large_image\" \/>\n<meta name=\"twitter:label1\" content=\"Dur\u00e9e de lecture estim\u00e9e\" \/>\n\t<meta name=\"twitter:data1\" content=\"3 minutes\" \/>\n<script type=\"application\/ld+json\" class=\"yoast-schema-graph\">{\"@context\":\"https:\/\/schema.org\",\"@graph\":[{\"@type\":\"WebSite\",\"@id\":\"https:\/\/recavaca.com\/#website\",\"url\":\"https:\/\/recavaca.com\/\",\"name\":\"Recavaca\",\"description\":\"R\u00e9seau Carib\u00e9en pour la Valorisation du Cacao\",\"potentialAction\":[{\"@type\":\"SearchAction\",\"target\":{\"@type\":\"EntryPoint\",\"urlTemplate\":\"https:\/\/recavaca.com\/?s={search_term_string}\"},\"query-input\":\"required name=search_term_string\"}],\"inLanguage\":\"fr-FR\"},{\"@type\":\"WebPage\",\"@id\":\"https:\/\/recavaca.com\/index.php\/le-commerce-equitable\/#webpage\",\"url\":\"https:\/\/recavaca.com\/index.php\/le-commerce-equitable\/\",\"name\":\"Le Commerce Equitable - Recavaca\",\"isPartOf\":{\"@id\":\"https:\/\/recavaca.com\/#website\"},\"datePublished\":\"2018-04-01T12:44:26+00:00\",\"dateModified\":\"2018-04-23T14:26:03+00:00\",\"breadcrumb\":{\"@id\":\"https:\/\/recavaca.com\/index.php\/le-commerce-equitable\/#breadcrumb\"},\"inLanguage\":\"fr-FR\",\"potentialAction\":[{\"@type\":\"ReadAction\",\"target\":[\"https:\/\/recavaca.com\/index.php\/le-commerce-equitable\/\"]}]},{\"@type\":\"BreadcrumbList\",\"@id\":\"https:\/\/recavaca.com\/index.php\/le-commerce-equitable\/#breadcrumb\",\"itemListElement\":[{\"@type\":\"ListItem\",\"position\":1,\"name\":\"Accueil\",\"item\":\"https:\/\/recavaca.com\/\"},{\"@type\":\"ListItem\",\"position\":2,\"name\":\"Le Commerce Equitable\"}]}]}<\/script>\n<!-- \/ Yoast SEO plugin. -->","yoast_head_json":{"title":"Le Commerce Equitable - Recavaca","robots":{"index":"index","follow":"follow","max-snippet":"max-snippet:-1","max-image-preview":"max-image-preview:large","max-video-preview":"max-video-preview:-1"},"canonical":"https:\/\/recavaca.com\/index.php\/le-commerce-equitable\/","og_locale":"fr_FR","og_type":"article","og_title":"Le Commerce Equitable - Recavaca","og_description":"Depuis quand ? O\u00f9 ? Dans quel but ? &nbsp; &nbsp; &nbsp; &nbsp;Les premiers projets de commerce \u00e9quitable se d\u00e9veloppent dans les ann\u00e9es 40, aux Etats-Unis, puis, quelques ann\u00e9es plus tard en Europe, dans un souci de contribuer au bien-\u00eatre et au d\u00e9veloppement des pays les plus pauvres. Mais ce n\u2019est qu\u2019en 1964 que na\u00eet &hellip; Continuer la lecture de &laquo;&nbsp;Le Commerce Equitable&nbsp;&raquo;","og_url":"https:\/\/recavaca.com\/index.php\/le-commerce-equitable\/","og_site_name":"Recavaca","article_publisher":"https:\/\/www.facebook.com\/guadeloupeequitableetdurable\/","article_modified_time":"2018-04-23T14:26:03+00:00","twitter_card":"summary_large_image","twitter_misc":{"Dur\u00e9e de lecture estim\u00e9e":"3 minutes"},"schema":{"@context":"https:\/\/schema.org","@graph":[{"@type":"WebSite","@id":"https:\/\/recavaca.com\/#website","url":"https:\/\/recavaca.com\/","name":"Recavaca","description":"R\u00e9seau Carib\u00e9en pour la Valorisation du Cacao","potentialAction":[{"@type":"SearchAction","target":{"@type":"EntryPoint","urlTemplate":"https:\/\/recavaca.com\/?s={search_term_string}"},"query-input":"required name=search_term_string"}],"inLanguage":"fr-FR"},{"@type":"WebPage","@id":"https:\/\/recavaca.com\/index.php\/le-commerce-equitable\/#webpage","url":"https:\/\/recavaca.com\/index.php\/le-commerce-equitable\/","name":"Le Commerce Equitable - Recavaca","isPartOf":{"@id":"https:\/\/recavaca.com\/#website"},"datePublished":"2018-04-01T12:44:26+00:00","dateModified":"2018-04-23T14:26:03+00:00","breadcrumb":{"@id":"https:\/\/recavaca.com\/index.php\/le-commerce-equitable\/#breadcrumb"},"inLanguage":"fr-FR","potentialAction":[{"@type":"ReadAction","target":["https:\/\/recavaca.com\/index.php\/le-commerce-equitable\/"]}]},{"@type":"BreadcrumbList","@id":"https:\/\/recavaca.com\/index.php\/le-commerce-equitable\/#breadcrumb","itemListElement":[{"@type":"ListItem","position":1,"name":"Accueil","item":"https:\/\/recavaca.com\/"},{"@type":"ListItem","position":2,"name":"Le Commerce Equitable"}]}]}},"jetpack_sharing_enabled":true,"jetpack_shortlink":"https:\/\/wp.me\/P9QgSb-x","jetpack-related-posts":[{"id":37,"url":"https:\/\/recavaca.com\/index.php\/qui-sommes-nous\/","url_meta":{"origin":33,"position":0},"title":"Qui sommes nous ?","date":"1 avril 2018","format":false,"excerpt":"AGED- Association Guadeloupe Equitable et Durable Fond\u00e9e en Mars 2011 dans un souci de participation \u00e0 la conception d\u2019un monde \u00e9conomique, social et environnemental plus juste, notre association cherche \u00e0 promouvoir le D\u00e9veloppement Durable et le Commerce \u00c9quitable au sein de la R\u00e9gion Cara\u00efbe et notamment en Guadeloupe. Pourquoi ?\u2026","rel":"","context":"Article similaire","img":{"alt_text":"","src":"https:\/\/i0.wp.com\/recavaca.com\/wp-content\/uploads\/2018\/04\/P_20180115_125902.jpg?fit=1200%2C675&ssl=1&resize=350%2C200","width":350,"height":200},"classes":[]},{"id":35,"url":"https:\/\/recavaca.com\/index.php\/certification-et-labels\/","url_meta":{"origin":33,"position":1},"title":"Certification et Labels","date":"1 avril 2018","format":false,"excerpt":"C'est quoi un label ? \u00a0 \u00a0 \u00a0 \u00a0Avant tout, le label quel que soit le secteur (bio, \u00e9quitable, ISO 9001...) est une garantie des caract\u00e9ristiques relatives \u00e0 la production ou \u00e0 la composition d'un produit destin\u00e9 \u00e0 la vente. En somme, le label, dont le logo est appos\u00e9 sur\u2026","rel":"","context":"Article similaire","img":{"alt_text":"labelsequi107","src":"https:\/\/i0.wp.com\/recavaca.com\/wp-content\/uploads\/2018\/04\/labelsequi107.png?resize=350%2C200","width":350,"height":200},"classes":[]},{"id":1189,"url":"https:\/\/recavaca.com\/index.php\/latelier-competences-internationales\/","url_meta":{"origin":33,"position":2},"title":"L\u2019Atelier Comp\u00e9tences Internationales","date":"25 mai 2018","format":false,"excerpt":"Atelier Comp\u00e9tences Internationales (ACI) est un cabinet d\u2019\u00e9tude, d\u2019accompagnement\u00a0et de formation sp\u00e9cialis\u00e9 dans l\u2019\u00e9mergence et le renforcement de capacit\u00e9s des entrepreneurs et organisations qui mettent le d\u00e9veloppement humain au centre de leurs pr\u00e9occupations. ACI est n\u00e9e du partage d\u2019exp\u00e9riences et d\u2019expertises de ses fondatrices et sur le choix de soutenir\u2026","rel":"","context":"Article similaire","img":{"alt_text":"","src":"","width":0,"height":0},"classes":[]},{"id":1192,"url":"https:\/\/recavaca.com\/index.php\/la-mission-jeunes-experts-aequum\/","url_meta":{"origin":33,"position":3},"title":"La MJE \u2013 AEQUUM","date":"25 mai 2018","format":false,"excerpt":"L\u2019\u00e9quipe Aequum est compos\u00e9e d\u2019\u00e9tudiants issus d\u2019une \u00e9cole d\u2019ing\u00e9nieur en agronomie et d\u00e9veloppement international (ISTOM), et a pour vocation de s\u2019int\u00e9resser aux th\u00e9matiques du commerce \u00e9quitable et solidaire dans les pays en d\u00e9veloppement. Elle est plac\u00e9e sous l\u2019\u00e9gide de l\u2019association Expert\u2019Co, qui r\u00e9alise depuis 2011 des projets de d\u00e9veloppement, dans\u2026","rel":"","context":"Article similaire","img":{"alt_text":"","src":"","width":0,"height":0},"classes":[]},{"id":5,"url":"https:\/\/recavaca.com\/index.php\/recavaca\/","url_meta":{"origin":33,"position":4},"title":"Pr\u00e9sentation","date":"1 avril 2018","format":false,"excerpt":"Recavaca : un projet de coop\u00e9ration pour la valorisation du cacao Le projet Recavaca (R\u00e9seau Carib\u00e9en pour la valorisation du cacao), vise le renforcement de la diversification \u00e9conomique des territoires d\u2019Ha\u00efti et de la Guadeloupe, et plus largement de la r\u00e9gion Cara\u00efbe, par le transfert des connaissances et la commercialisation\u2026","rel":"","context":"Article similaire","img":{"alt_text":"","src":"https:\/\/i0.wp.com\/recavaca.com\/wp-content\/uploads\/2019\/04\/interreg_CARAIBES_FR_RGB-Copie.jpg?fit=1200%2C601&ssl=1&resize=350%2C200","width":350,"height":200},"classes":[]},{"id":9,"url":"https:\/\/recavaca.com\/","url_meta":{"origin":33,"position":5},"title":"Accueil","date":"1 avril 2018","format":false,"excerpt":"L\u2019objectif du projet de R\u00e9seau Carib\u00e9en de Valorisation du Cacao (RECAVACA) est de cr\u00e9er une dynamique autour de plusieurs acteurs de la fili\u00e8re cacao, \u00e0 l\u2019\u00e9chelle carib\u00e9enne, afin de contribuer \u00e0 la reconnaissance de plusieurs territoires en tant que pays producteurs d\u2019un cacao de qualit\u00e9, produit en volumes suffisants en\u2026","rel":"","context":"Article similaire","img":{"alt_text":"","src":"https:\/\/i0.wp.com\/recavaca.com\/wp-content\/uploads\/2019\/04\/LOGO_FONDS_EUROPEEN_GUADELOUPE_FEDER_projetcofinance-1024x226.png?resize=350%2C200&ssl=1","width":350,"height":200},"classes":[]}],"_links":{"self":[{"href":"https:\/\/recavaca.com\/index.php\/wp-json\/wp\/v2\/pages\/33"}],"collection":[{"href":"https:\/\/recavaca.com\/index.php\/wp-json\/wp\/v2\/pages"}],"about":[{"href":"https:\/\/recavaca.com\/index.php\/wp-json\/wp\/v2\/types\/page"}],"author":[{"embeddable":true,"href":"https:\/\/recavaca.com\/index.php\/wp-json\/wp\/v2\/users\/2"}],"replies":[{"embeddable":true,"href":"https:\/\/recavaca.com\/index.php\/wp-json\/wp\/v2\/comments?post=33"}],"version-history":[{"count":6,"href":"https:\/\/recavaca.com\/index.php\/wp-json\/wp\/v2\/pages\/33\/revisions"}],"predecessor-version":[{"id":1272,"href":"https:\/\/recavaca.com\/index.php\/wp-json\/wp\/v2\/pages\/33\/revisions\/1272"}],"wp:attachment":[{"href":"https:\/\/recavaca.com\/index.php\/wp-json\/wp\/v2\/media?parent=33"}],"curies":[{"name":"wp","href":"https:\/\/api.w.org\/{rel}","templated":true}]}}