{"id":1296,"date":"2018-06-05T17:40:17","date_gmt":"2018-06-05T15:40:17","guid":{"rendered":"https:\/\/recavaca.com\/?page_id=1296"},"modified":"2018-06-12T15:34:53","modified_gmt":"2018-06-12T13:34:53","slug":"cirad","status":"publish","type":"page","link":"https:\/\/recavaca.com\/index.php\/en\/cirad\/","title":{"rendered":"CIRAD"},"content":{"rendered":"<p style=\"text-align: justify;\"><a href=\"https:\/\/antilles-guyane.cirad.fr\/\"><img data-attachment-id=\"427\" data-permalink=\"https:\/\/recavaca.com\/?attachment_id=427\" data-orig-file=\"https:\/\/i0.wp.com\/recavaca.com\/wp-content\/uploads\/2018\/04\/logo-cirad-fr-2.jpg?fit=1181%2C675&amp;ssl=1\" data-orig-size=\"1181,675\" data-comments-opened=\"0\" data-image-meta=\"{&quot;aperture&quot;:&quot;0&quot;,&quot;credit&quot;:&quot;&quot;,&quot;camera&quot;:&quot;&quot;,&quot;caption&quot;:&quot;&quot;,&quot;created_timestamp&quot;:&quot;0&quot;,&quot;copyright&quot;:&quot;&quot;,&quot;focal_length&quot;:&quot;0&quot;,&quot;iso&quot;:&quot;0&quot;,&quot;shutter_speed&quot;:&quot;0&quot;,&quot;title&quot;:&quot;Impression&quot;,&quot;orientation&quot;:&quot;1&quot;}\" data-image-title=\"Impression\" data-image-description=\"\" data-image-caption=\"\" data-medium-file=\"https:\/\/i0.wp.com\/recavaca.com\/wp-content\/uploads\/2018\/04\/logo-cirad-fr-2.jpg?fit=300%2C171&amp;ssl=1\" data-large-file=\"https:\/\/i0.wp.com\/recavaca.com\/wp-content\/uploads\/2018\/04\/logo-cirad-fr-2.jpg?fit=525%2C300&amp;ssl=1\" loading=\"lazy\" class=\"alignleft wp-image-427\" src=\"https:\/\/i0.wp.com\/recavaca.com\/wp-content\/uploads\/2018\/04\/logo-cirad-fr-2-300x171.jpg?resize=150%2C86\" alt=\"\" width=\"150\" height=\"86\" srcset=\"https:\/\/i0.wp.com\/recavaca.com\/wp-content\/uploads\/2018\/04\/logo-cirad-fr-2.jpg?resize=300%2C171&amp;ssl=1 300w, https:\/\/i0.wp.com\/recavaca.com\/wp-content\/uploads\/2018\/04\/logo-cirad-fr-2.jpg?resize=768%2C439&amp;ssl=1 768w, https:\/\/i0.wp.com\/recavaca.com\/wp-content\/uploads\/2018\/04\/logo-cirad-fr-2.jpg?resize=1024%2C585&amp;ssl=1 1024w, https:\/\/i0.wp.com\/recavaca.com\/wp-content\/uploads\/2018\/04\/logo-cirad-fr-2.jpg?w=1181&amp;ssl=1 1181w\" sizes=\"(max-width: 150px) 100vw, 150px\" data-recalc-dims=\"1\" \/><\/a>CIRAD is the French organization for agronomic research and international cooperation for the sustainable development of tropical and Mediterranean regions. It works on major themes such as food security, climate change, the management of natural resources, the reduction of inequalities and the fight against poverty.<\/p>\n<p style=\"text-align: justify;\">With its partners in the South, CIRAD produces and transmits new knowledge to support innovation and agricultural development.<\/p>\n<p style=\"text-align: justify;\">CIRAD has a first objective: to build a sustainable agriculture, adapted to climate change, able to feed 10 billion people in 2050, while preserving the environment.<\/p>\n<p style=\"text-align: justify;\">From local to global, through its sustainable partnerships, it contributes to the development of an agriculture that serves all, especially small farmers, who constitute the vast majority of producers. It responds to the global challenges of food security and climate change, but also to the 17 UN Sustainable Development Goals (SDGs) and the Paris Agreement on Climate Change.<\/p>\n<h1>QualiSud<\/h1>\n<p style=\"text-align: justify;\">Within CIRAD, the QualiSud research unit works in the field of food processing, from its post-harvest or cutting down process to&nbsp;the appreciation of its sensory quality in the mouth, of its nutritional quality,&nbsp;its health benefits, its safety and its technological properties. Dynamic mechanisms of construction of this quality require a good knowledge of the food matrix and its interaction with the environment. The multidisciplinary skills required to address these issues are brought together within the unit.<\/p>\n","protected":false},"excerpt":{"rendered":"<p>CIRAD is the French organization for agronomic research and international cooperation for the sustainable development of tropical and Mediterranean regions. It works on major themes such as food security, climate change, the management of natural resources, the reduction of inequalities and the fight against poverty. With its partners in the South, CIRAD produces and transmits &hellip; <\/p>\n<p class=\"link-more\"><a href=\"https:\/\/recavaca.com\/index.php\/en\/cirad\/\" class=\"more-link\">Continuer la lecture<span class=\"screen-reader-text\"> de &laquo;&nbsp;CIRAD&nbsp;&raquo;<\/span><\/a><\/p>\n","protected":false},"author":3,"featured_media":0,"parent":0,"menu_order":0,"comment_status":"closed","ping_status":"closed","template":"","meta":{"spay_email":""},"yoast_head":"<!-- This site is optimized with the Yoast SEO plugin v18.1 - https:\/\/yoast.com\/wordpress\/plugins\/seo\/ -->\n<title>CIRAD - Recavaca<\/title>\n<meta name=\"robots\" content=\"index, follow, max-snippet:-1, max-image-preview:large, max-video-preview:-1\" \/>\n<link rel=\"canonical\" href=\"https:\/\/recavaca.com\/index.php\/en\/cirad\/\" \/>\n<meta property=\"og:locale\" content=\"fr_FR\" \/>\n<meta property=\"og:type\" content=\"article\" \/>\n<meta property=\"og:title\" content=\"CIRAD - Recavaca\" \/>\n<meta property=\"og:description\" content=\"CIRAD is the French organization for agronomic research and international cooperation for the sustainable development of tropical and Mediterranean regions. It works on major themes such as food security, climate change, the management of natural resources, the reduction of inequalities and the fight against poverty. With its partners in the South, CIRAD produces and transmits &hellip; Continuer la lecture de &laquo;&nbsp;CIRAD&nbsp;&raquo;\" \/>\n<meta property=\"og:url\" content=\"https:\/\/recavaca.com\/index.php\/en\/cirad\/\" \/>\n<meta property=\"og:site_name\" content=\"Recavaca\" \/>\n<meta property=\"article:publisher\" content=\"https:\/\/www.facebook.com\/guadeloupeequitableetdurable\/\" \/>\n<meta property=\"article:modified_time\" content=\"2018-06-12T13:34:53+00:00\" \/>\n<meta property=\"og:image\" content=\"http:\/\/recavaca.com\/wp-content\/uploads\/2018\/04\/logo-cirad-fr-2-300x171.jpg\" \/>\n<meta name=\"twitter:card\" content=\"summary_large_image\" \/>\n<meta name=\"twitter:label1\" content=\"Dur\u00e9e de lecture estim\u00e9e\" \/>\n\t<meta name=\"twitter:data1\" content=\"1 minute\" \/>\n<script type=\"application\/ld+json\" class=\"yoast-schema-graph\">{\"@context\":\"https:\/\/schema.org\",\"@graph\":[{\"@type\":\"WebSite\",\"@id\":\"https:\/\/recavaca.com\/#website\",\"url\":\"https:\/\/recavaca.com\/\",\"name\":\"Recavaca\",\"description\":\"R\u00e9seau Carib\u00e9en pour la Valorisation du Cacao\",\"potentialAction\":[{\"@type\":\"SearchAction\",\"target\":{\"@type\":\"EntryPoint\",\"urlTemplate\":\"https:\/\/recavaca.com\/?s={search_term_string}\"},\"query-input\":\"required name=search_term_string\"}],\"inLanguage\":\"fr-FR\"},{\"@type\":\"ImageObject\",\"@id\":\"https:\/\/recavaca.com\/index.php\/en\/cirad\/#primaryimage\",\"inLanguage\":\"fr-FR\",\"url\":\"http:\/\/recavaca.com\/wp-content\/uploads\/2018\/04\/logo-cirad-fr-2-300x171.jpg\",\"contentUrl\":\"http:\/\/recavaca.com\/wp-content\/uploads\/2018\/04\/logo-cirad-fr-2-300x171.jpg\"},{\"@type\":\"WebPage\",\"@id\":\"https:\/\/recavaca.com\/index.php\/en\/cirad\/#webpage\",\"url\":\"https:\/\/recavaca.com\/index.php\/en\/cirad\/\",\"name\":\"CIRAD - Recavaca\",\"isPartOf\":{\"@id\":\"https:\/\/recavaca.com\/#website\"},\"primaryImageOfPage\":{\"@id\":\"https:\/\/recavaca.com\/index.php\/en\/cirad\/#primaryimage\"},\"datePublished\":\"2018-06-05T15:40:17+00:00\",\"dateModified\":\"2018-06-12T13:34:53+00:00\",\"breadcrumb\":{\"@id\":\"https:\/\/recavaca.com\/index.php\/en\/cirad\/#breadcrumb\"},\"inLanguage\":\"fr-FR\",\"potentialAction\":[{\"@type\":\"ReadAction\",\"target\":[\"https:\/\/recavaca.com\/index.php\/en\/cirad\/\"]}]},{\"@type\":\"BreadcrumbList\",\"@id\":\"https:\/\/recavaca.com\/index.php\/en\/cirad\/#breadcrumb\",\"itemListElement\":[{\"@type\":\"ListItem\",\"position\":1,\"name\":\"Accueil\",\"item\":\"https:\/\/recavaca.com\/\"},{\"@type\":\"ListItem\",\"position\":2,\"name\":\"CIRAD\"}]}]}<\/script>\n<!-- \/ Yoast SEO plugin. -->","yoast_head_json":{"title":"CIRAD - Recavaca","robots":{"index":"index","follow":"follow","max-snippet":"max-snippet:-1","max-image-preview":"max-image-preview:large","max-video-preview":"max-video-preview:-1"},"canonical":"https:\/\/recavaca.com\/index.php\/en\/cirad\/","og_locale":"fr_FR","og_type":"article","og_title":"CIRAD - Recavaca","og_description":"CIRAD is the French organization for agronomic research and international cooperation for the sustainable development of tropical and Mediterranean regions. It works on major themes such as food security, climate change, the management of natural resources, the reduction of inequalities and the fight against poverty. With its partners in the South, CIRAD produces and transmits &hellip; Continuer la lecture de &laquo;&nbsp;CIRAD&nbsp;&raquo;","og_url":"https:\/\/recavaca.com\/index.php\/en\/cirad\/","og_site_name":"Recavaca","article_publisher":"https:\/\/www.facebook.com\/guadeloupeequitableetdurable\/","article_modified_time":"2018-06-12T13:34:53+00:00","og_image":[{"url":"http:\/\/recavaca.com\/wp-content\/uploads\/2018\/04\/logo-cirad-fr-2-300x171.jpg"}],"twitter_card":"summary_large_image","twitter_misc":{"Dur\u00e9e de lecture estim\u00e9e":"1 minute"},"schema":{"@context":"https:\/\/schema.org","@graph":[{"@type":"WebSite","@id":"https:\/\/recavaca.com\/#website","url":"https:\/\/recavaca.com\/","name":"Recavaca","description":"R\u00e9seau Carib\u00e9en pour la Valorisation du Cacao","potentialAction":[{"@type":"SearchAction","target":{"@type":"EntryPoint","urlTemplate":"https:\/\/recavaca.com\/?s={search_term_string}"},"query-input":"required name=search_term_string"}],"inLanguage":"fr-FR"},{"@type":"ImageObject","@id":"https:\/\/recavaca.com\/index.php\/en\/cirad\/#primaryimage","inLanguage":"fr-FR","url":"http:\/\/recavaca.com\/wp-content\/uploads\/2018\/04\/logo-cirad-fr-2-300x171.jpg","contentUrl":"http:\/\/recavaca.com\/wp-content\/uploads\/2018\/04\/logo-cirad-fr-2-300x171.jpg"},{"@type":"WebPage","@id":"https:\/\/recavaca.com\/index.php\/en\/cirad\/#webpage","url":"https:\/\/recavaca.com\/index.php\/en\/cirad\/","name":"CIRAD - Recavaca","isPartOf":{"@id":"https:\/\/recavaca.com\/#website"},"primaryImageOfPage":{"@id":"https:\/\/recavaca.com\/index.php\/en\/cirad\/#primaryimage"},"datePublished":"2018-06-05T15:40:17+00:00","dateModified":"2018-06-12T13:34:53+00:00","breadcrumb":{"@id":"https:\/\/recavaca.com\/index.php\/en\/cirad\/#breadcrumb"},"inLanguage":"fr-FR","potentialAction":[{"@type":"ReadAction","target":["https:\/\/recavaca.com\/index.php\/en\/cirad\/"]}]},{"@type":"BreadcrumbList","@id":"https:\/\/recavaca.com\/index.php\/en\/cirad\/#breadcrumb","itemListElement":[{"@type":"ListItem","position":1,"name":"Accueil","item":"https:\/\/recavaca.com\/"},{"@type":"ListItem","position":2,"name":"CIRAD"}]}]}},"jetpack_sharing_enabled":true,"jetpack_shortlink":"https:\/\/wp.me\/P9QgSb-kU","jetpack-related-posts":[{"id":1139,"url":"https:\/\/recavaca.com\/index.php\/en\/who-we-are\/","url_meta":{"origin":1296,"position":0},"title":"Who we are","date":"24 mai 2018","format":false,"excerpt":"AGED- Association Guadeloupe Equitable and Sustainable Founded in March 2011 in order to participate in the design of a fairer economic, social and environmental world, our association seeks to promote Sustainable Development and Fair Trade within the Caribbean Region and in particular in Guadeloupe. Why ? The idea is to\u2026","rel":"","context":"Article similaire","img":{"alt_text":"","src":"https:\/\/i0.wp.com\/recavaca.com\/wp-content\/uploads\/2018\/04\/P_20180115_125902.jpg?fit=1200%2C675&ssl=1&resize=350%2C200","width":350,"height":200},"classes":[]},{"id":1289,"url":"https:\/\/recavaca.com\/index.php\/en\/aci\/","url_meta":{"origin":1296,"position":1},"title":"ACI","date":"5 juin 2018","format":false,"excerpt":"Atelier Comp\u00e9tences Internationales (ACI) is a research, coaching and training firm specializing in the emergence and capacity building of entrepreneurs and organizations who put human development at the center of their concerns. ACI was born from the sharing of experiences and expertise of its founders and the choice to support\u2026","rel":"","context":"Article similaire","img":{"alt_text":"","src":"","width":0,"height":0},"classes":[]},{"id":229,"url":"https:\/\/recavaca.com\/index.php\/en\/","url_meta":{"origin":1296,"position":2},"title":"Home","date":"9 avril 2018","format":false,"excerpt":"Welcome to RECAVACA project website. The project is carried out under the INTERREG Caribbean European Territorial Cooperation Program and is co-financed by the ERDF (European Regional Development Fund). The RECAVACA project aims to valorize Caribbean cocoa (Guadeloupe and Haiti) and its derivatives, for sale according to the principles of solidarity\u2026","rel":"","context":"Article similaire","img":{"alt_text":"","src":"","width":0,"height":0},"classes":[]},{"id":1292,"url":"https:\/\/recavaca.com\/index.php\/en\/the-raja-foundation-daniele-marcovici\/","url_meta":{"origin":1296,"position":3},"title":"The RAJA Foundation &#8211; Dani\u00e8le Marcovici","date":"5 juin 2018","format":false,"excerpt":"The RAJA Group created in 2006, on the initiative of Dani\u00e8le Kapel-Marcovici, and under the auspices of a Fondation of France, the RAJA-Dani\u00e8le Marcovici Foundation, which has made emancipation and the improvement of living conditions for women, in France and in the world, its priority. For the Foundation, women are\u2026","rel":"","context":"Article similaire","img":{"alt_text":"","src":"","width":0,"height":0},"classes":[]},{"id":1123,"url":"https:\/\/recavaca.com\/index.php\/en\/project-launch\/","url_meta":{"origin":1296,"position":4},"title":"Project Launch","date":"24 mai 2018","format":false,"excerpt":"Launch of the Caribbean Network project for the valorization of cocoa The RECAVACA project is co-funded by the INTERREG Caribbean program under the European Regional Development Fund, it was launched on Tuesday 24 October 2017, at the CIRAD office (NeufChateau, Capesterre-Belle-Eau). ) in the presence of Mrs VAINQUEUR Betty, chair\u2026","rel":"","context":"Article similaire","img":{"alt_text":"","src":"https:\/\/i0.wp.com\/recavaca.com\/wp-content\/uploads\/2018\/04\/lancement.jpg?resize=350%2C200&ssl=1","width":350,"height":200},"classes":[]},{"id":1138,"url":"https:\/\/recavaca.com\/index.php\/en\/fair-trade\/","url_meta":{"origin":1296,"position":5},"title":"Fair Trade","date":"24 mai 2018","format":false,"excerpt":"From when ? Where ? What purpose ? \u00a0 \u00a0 \u00a0 \u00a0The first fair trade project were developed in the 40s in the United States, few years later in Europe. In order to contribute to the well-being and the development of\u00a0poor countries. But it was not until 1964 that the\u2026","rel":"","context":"Article similaire","img":{"alt_text":"","src":"https:\/\/i0.wp.com\/recavaca.com\/wp-content\/uploads\/2018\/04\/22326449230_6cf30a4fc6_o.jpg?resize=350%2C200","width":350,"height":200},"classes":[]}],"_links":{"self":[{"href":"https:\/\/recavaca.com\/index.php\/wp-json\/wp\/v2\/pages\/1296"}],"collection":[{"href":"https:\/\/recavaca.com\/index.php\/wp-json\/wp\/v2\/pages"}],"about":[{"href":"https:\/\/recavaca.com\/index.php\/wp-json\/wp\/v2\/types\/page"}],"author":[{"embeddable":true,"href":"https:\/\/recavaca.com\/index.php\/wp-json\/wp\/v2\/users\/3"}],"replies":[{"embeddable":true,"href":"https:\/\/recavaca.com\/index.php\/wp-json\/wp\/v2\/comments?post=1296"}],"version-history":[{"count":3,"href":"https:\/\/recavaca.com\/index.php\/wp-json\/wp\/v2\/pages\/1296\/revisions"}],"predecessor-version":[{"id":1371,"href":"https:\/\/recavaca.com\/index.php\/wp-json\/wp\/v2\/pages\/1296\/revisions\/1371"}],"wp:attachment":[{"href":"https:\/\/recavaca.com\/index.php\/wp-json\/wp\/v2\/media?parent=1296"}],"curies":[{"name":"wp","href":"https:\/\/api.w.org\/{rel}","templated":true}]}}