{"id":1291,"date":"2018-06-05T17:38:15","date_gmt":"2018-06-05T15:38:15","guid":{"rendered":"https:\/\/recavaca.com\/?page_id=1291"},"modified":"2018-06-08T17:09:39","modified_gmt":"2018-06-08T15:09:39","slug":"caccoma","status":"publish","type":"page","link":"https:\/\/recavaca.com\/index.php\/en\/caccoma\/","title":{"rendered":"CACCOMA"},"content":{"rendered":"<p style=\"text-align: justify;\"><img data-attachment-id=\"1099\" data-permalink=\"https:\/\/recavaca.com\/?attachment_id=1099\" data-orig-file=\"https:\/\/i0.wp.com\/recavaca.com\/wp-content\/uploads\/2018\/05\/caccome_hd-Copie.jpg?fit=1210%2C1145&amp;ssl=1\" data-orig-size=\"1210,1145\" data-comments-opened=\"0\" data-image-meta=\"{&quot;aperture&quot;:&quot;0&quot;,&quot;credit&quot;:&quot;&quot;,&quot;camera&quot;:&quot;&quot;,&quot;caption&quot;:&quot;&quot;,&quot;created_timestamp&quot;:&quot;0&quot;,&quot;copyright&quot;:&quot;&quot;,&quot;focal_length&quot;:&quot;0&quot;,&quot;iso&quot;:&quot;0&quot;,&quot;shutter_speed&quot;:&quot;0&quot;,&quot;title&quot;:&quot;&quot;,&quot;orientation&quot;:&quot;0&quot;}\" data-image-title=\"caccome_hd &#8211; Copie\" data-image-description=\"\" data-image-caption=\"\" data-medium-file=\"https:\/\/i0.wp.com\/recavaca.com\/wp-content\/uploads\/2018\/05\/caccome_hd-Copie.jpg?fit=300%2C284&amp;ssl=1\" data-large-file=\"https:\/\/i0.wp.com\/recavaca.com\/wp-content\/uploads\/2018\/05\/caccome_hd-Copie.jpg?fit=525%2C497&amp;ssl=1\" loading=\"lazy\" class=\"alignleft wp-image-1099 size-thumbnail\" src=\"https:\/\/i0.wp.com\/recavaca.com\/wp-content\/uploads\/2018\/05\/caccome_hd-Copie.jpg?resize=150%2C150&#038;ssl=1\" alt=\"\" width=\"150\" height=\"150\" srcset=\"https:\/\/i0.wp.com\/recavaca.com\/wp-content\/uploads\/2018\/05\/caccome_hd-Copie.jpg?resize=150%2C150&amp;ssl=1 150w, https:\/\/i0.wp.com\/recavaca.com\/wp-content\/uploads\/2018\/05\/caccome_hd-Copie.jpg?resize=100%2C100&amp;ssl=1 100w, https:\/\/i0.wp.com\/recavaca.com\/wp-content\/uploads\/2018\/05\/caccome_hd-Copie.jpg?zoom=2&amp;resize=150%2C150&amp;ssl=1 300w, https:\/\/i0.wp.com\/recavaca.com\/wp-content\/uploads\/2018\/05\/caccome_hd-Copie.jpg?zoom=3&amp;resize=150%2C150&amp;ssl=1 450w\" sizes=\"(max-width: 150px) 100vw, 150px\" data-recalc-dims=\"1\" \/>CACCOMA was created on January 15, 2016. It was born from a desire to federate several cooperatives, in order to organize production support through exchanges of good practices and actions aimed at structuring the development efficiently of the different member entities.<\/p>\n<p style=\"text-align: justify;\">The numerous efforts and actions carried out by the cooperative on the \u00ab\u00a0terroir\u00a0\u00bb of Abricots in Grand&rsquo;Anse have made it possible to obtain organic certification, issued by Ecocert to several producers. The creation of the cooperative makes it possible to obtain an export permit for the direct marketing of the productions.<\/p>\n","protected":false},"excerpt":{"rendered":"<p>CACCOMA was created on January 15, 2016. It was born from a desire to federate several cooperatives, in order to organize production support through exchanges of good practices and actions aimed at structuring the development efficiently of the different member entities. The numerous efforts and actions carried out by the cooperative on the \u00ab\u00a0terroir\u00a0\u00bb of &hellip; <\/p>\n<p class=\"link-more\"><a href=\"https:\/\/recavaca.com\/index.php\/en\/caccoma\/\" class=\"more-link\">Continuer la lecture<span class=\"screen-reader-text\"> de &laquo;&nbsp;CACCOMA&nbsp;&raquo;<\/span><\/a><\/p>\n","protected":false},"author":3,"featured_media":0,"parent":0,"menu_order":0,"comment_status":"closed","ping_status":"closed","template":"","meta":{"spay_email":""},"yoast_head":"<!-- This site is optimized with the Yoast SEO plugin v18.1 - https:\/\/yoast.com\/wordpress\/plugins\/seo\/ -->\n<title>CACCOMA - Recavaca<\/title>\n<meta name=\"robots\" content=\"index, follow, max-snippet:-1, max-image-preview:large, max-video-preview:-1\" \/>\n<link rel=\"canonical\" href=\"https:\/\/recavaca.com\/index.php\/en\/caccoma\/\" \/>\n<meta property=\"og:locale\" content=\"fr_FR\" \/>\n<meta property=\"og:type\" content=\"article\" \/>\n<meta property=\"og:title\" content=\"CACCOMA - Recavaca\" \/>\n<meta property=\"og:description\" content=\"CACCOMA was created on January 15, 2016. It was born from a desire to federate several cooperatives, in order to organize production support through exchanges of good practices and actions aimed at structuring the development efficiently of the different member entities. The numerous efforts and actions carried out by the cooperative on the \u00ab\u00a0terroir\u00a0\u00bb of &hellip; Continuer la lecture de &laquo;&nbsp;CACCOMA&nbsp;&raquo;\" \/>\n<meta property=\"og:url\" content=\"https:\/\/recavaca.com\/index.php\/en\/caccoma\/\" \/>\n<meta property=\"og:site_name\" content=\"Recavaca\" \/>\n<meta property=\"article:publisher\" content=\"https:\/\/www.facebook.com\/guadeloupeequitableetdurable\/\" \/>\n<meta property=\"article:modified_time\" content=\"2018-06-08T15:09:39+00:00\" \/>\n<meta property=\"og:image\" content=\"https:\/\/recavaca.com\/wp-content\/uploads\/2018\/05\/caccome_hd-Copie-150x150.jpg\" \/>\n<meta name=\"twitter:card\" content=\"summary_large_image\" \/>\n<script type=\"application\/ld+json\" class=\"yoast-schema-graph\">{\"@context\":\"https:\/\/schema.org\",\"@graph\":[{\"@type\":\"WebSite\",\"@id\":\"https:\/\/recavaca.com\/#website\",\"url\":\"https:\/\/recavaca.com\/\",\"name\":\"Recavaca\",\"description\":\"R\u00e9seau Carib\u00e9en pour la Valorisation du Cacao\",\"potentialAction\":[{\"@type\":\"SearchAction\",\"target\":{\"@type\":\"EntryPoint\",\"urlTemplate\":\"https:\/\/recavaca.com\/?s={search_term_string}\"},\"query-input\":\"required name=search_term_string\"}],\"inLanguage\":\"fr-FR\"},{\"@type\":\"ImageObject\",\"@id\":\"https:\/\/recavaca.com\/index.php\/en\/caccoma\/#primaryimage\",\"inLanguage\":\"fr-FR\",\"url\":\"https:\/\/i0.wp.com\/recavaca.com\/wp-content\/uploads\/2018\/05\/caccome_hd-Copie.jpg?fit=1210%2C1145&ssl=1\",\"contentUrl\":\"https:\/\/i0.wp.com\/recavaca.com\/wp-content\/uploads\/2018\/05\/caccome_hd-Copie.jpg?fit=1210%2C1145&ssl=1\",\"width\":1210,\"height\":1145},{\"@type\":\"WebPage\",\"@id\":\"https:\/\/recavaca.com\/index.php\/en\/caccoma\/#webpage\",\"url\":\"https:\/\/recavaca.com\/index.php\/en\/caccoma\/\",\"name\":\"CACCOMA - Recavaca\",\"isPartOf\":{\"@id\":\"https:\/\/recavaca.com\/#website\"},\"primaryImageOfPage\":{\"@id\":\"https:\/\/recavaca.com\/index.php\/en\/caccoma\/#primaryimage\"},\"datePublished\":\"2018-06-05T15:38:15+00:00\",\"dateModified\":\"2018-06-08T15:09:39+00:00\",\"breadcrumb\":{\"@id\":\"https:\/\/recavaca.com\/index.php\/en\/caccoma\/#breadcrumb\"},\"inLanguage\":\"fr-FR\",\"potentialAction\":[{\"@type\":\"ReadAction\",\"target\":[\"https:\/\/recavaca.com\/index.php\/en\/caccoma\/\"]}]},{\"@type\":\"BreadcrumbList\",\"@id\":\"https:\/\/recavaca.com\/index.php\/en\/caccoma\/#breadcrumb\",\"itemListElement\":[{\"@type\":\"ListItem\",\"position\":1,\"name\":\"Accueil\",\"item\":\"https:\/\/recavaca.com\/\"},{\"@type\":\"ListItem\",\"position\":2,\"name\":\"CACCOMA\"}]}]}<\/script>\n<!-- \/ Yoast SEO plugin. -->","yoast_head_json":{"title":"CACCOMA - Recavaca","robots":{"index":"index","follow":"follow","max-snippet":"max-snippet:-1","max-image-preview":"max-image-preview:large","max-video-preview":"max-video-preview:-1"},"canonical":"https:\/\/recavaca.com\/index.php\/en\/caccoma\/","og_locale":"fr_FR","og_type":"article","og_title":"CACCOMA - Recavaca","og_description":"CACCOMA was created on January 15, 2016. It was born from a desire to federate several cooperatives, in order to organize production support through exchanges of good practices and actions aimed at structuring the development efficiently of the different member entities. The numerous efforts and actions carried out by the cooperative on the \u00ab\u00a0terroir\u00a0\u00bb of &hellip; Continuer la lecture de &laquo;&nbsp;CACCOMA&nbsp;&raquo;","og_url":"https:\/\/recavaca.com\/index.php\/en\/caccoma\/","og_site_name":"Recavaca","article_publisher":"https:\/\/www.facebook.com\/guadeloupeequitableetdurable\/","article_modified_time":"2018-06-08T15:09:39+00:00","og_image":[{"url":"https:\/\/recavaca.com\/wp-content\/uploads\/2018\/05\/caccome_hd-Copie-150x150.jpg"}],"twitter_card":"summary_large_image","schema":{"@context":"https:\/\/schema.org","@graph":[{"@type":"WebSite","@id":"https:\/\/recavaca.com\/#website","url":"https:\/\/recavaca.com\/","name":"Recavaca","description":"R\u00e9seau Carib\u00e9en pour la Valorisation du Cacao","potentialAction":[{"@type":"SearchAction","target":{"@type":"EntryPoint","urlTemplate":"https:\/\/recavaca.com\/?s={search_term_string}"},"query-input":"required name=search_term_string"}],"inLanguage":"fr-FR"},{"@type":"ImageObject","@id":"https:\/\/recavaca.com\/index.php\/en\/caccoma\/#primaryimage","inLanguage":"fr-FR","url":"https:\/\/i0.wp.com\/recavaca.com\/wp-content\/uploads\/2018\/05\/caccome_hd-Copie.jpg?fit=1210%2C1145&ssl=1","contentUrl":"https:\/\/i0.wp.com\/recavaca.com\/wp-content\/uploads\/2018\/05\/caccome_hd-Copie.jpg?fit=1210%2C1145&ssl=1","width":1210,"height":1145},{"@type":"WebPage","@id":"https:\/\/recavaca.com\/index.php\/en\/caccoma\/#webpage","url":"https:\/\/recavaca.com\/index.php\/en\/caccoma\/","name":"CACCOMA - Recavaca","isPartOf":{"@id":"https:\/\/recavaca.com\/#website"},"primaryImageOfPage":{"@id":"https:\/\/recavaca.com\/index.php\/en\/caccoma\/#primaryimage"},"datePublished":"2018-06-05T15:38:15+00:00","dateModified":"2018-06-08T15:09:39+00:00","breadcrumb":{"@id":"https:\/\/recavaca.com\/index.php\/en\/caccoma\/#breadcrumb"},"inLanguage":"fr-FR","potentialAction":[{"@type":"ReadAction","target":["https:\/\/recavaca.com\/index.php\/en\/caccoma\/"]}]},{"@type":"BreadcrumbList","@id":"https:\/\/recavaca.com\/index.php\/en\/caccoma\/#breadcrumb","itemListElement":[{"@type":"ListItem","position":1,"name":"Accueil","item":"https:\/\/recavaca.com\/"},{"@type":"ListItem","position":2,"name":"CACCOMA"}]}]}},"jetpack_sharing_enabled":true,"jetpack_shortlink":"https:\/\/wp.me\/P9QgSb-kP","jetpack-related-posts":[{"id":1319,"url":"https:\/\/recavaca.com\/index.php\/en\/semla-vie-2\/","url_meta":{"origin":1291,"position":0},"title":"S\u00e8m&rsquo;la Vie","date":"5 juin 2018","format":false,"excerpt":"Member of the network of agroecologists without borders (www.agroecologistesf.org). Didier Meunier is an agronomist trainer, specialized in agroecology. Since January 2012, he has been working in the department of Grand'Anse to participate in the development of a quality cocoa sector. He also had the opportunity to work on the production\u2026","rel":"","context":"Article similaire","img":{"alt_text":"","src":"","width":0,"height":0},"classes":[]},{"id":1123,"url":"https:\/\/recavaca.com\/index.php\/en\/project-launch\/","url_meta":{"origin":1291,"position":1},"title":"Project Launch","date":"24 mai 2018","format":false,"excerpt":"Launch of the Caribbean Network project for the valorization of cocoa The RECAVACA project is co-funded by the INTERREG Caribbean program under the European Regional Development Fund, it was launched on Tuesday 24 October 2017, at the CIRAD office (NeufChateau, Capesterre-Belle-Eau). ) in the presence of Mrs VAINQUEUR Betty, chair\u2026","rel":"","context":"Article similaire","img":{"alt_text":"","src":"https:\/\/i0.wp.com\/recavaca.com\/wp-content\/uploads\/2018\/04\/lancement.jpg?resize=350%2C200&ssl=1","width":350,"height":200},"classes":[]},{"id":1293,"url":"https:\/\/recavaca.com\/index.php\/en\/mje-aequum\/","url_meta":{"origin":1291,"position":2},"title":"MJE \u2013 AEQUUM","date":"5 juin 2018","format":false,"excerpt":"The Aequum team is composed of students from an engineering school in agronomy and international development (ISTOM), and aims to focus on the themes of fair trade and solidarity in developing countries. It is under the aegis of the association Expert'Co, which since 2011 carries out development projects in the\u2026","rel":"","context":"Article similaire","img":{"alt_text":"","src":"","width":0,"height":0},"classes":[]},{"id":1119,"url":"https:\/\/recavaca.com\/index.php\/en\/cocoa\/","url_meta":{"origin":1291,"position":3},"title":"Cocoa","date":"24 mai 2018","format":false,"excerpt":"The Cocoa history in the Caribbean region The Caribbean region covers the islands and continental American regions that surround the Caribbean Sea. This poor but touristic region has long been home to huge cocoa plantations and large growers because of its hot and humid climate. The cocoas obtained there were\u2026","rel":"","context":"Article similaire","img":{"alt_text":"","src":"https:\/\/i0.wp.com\/recavaca.com\/wp-content\/uploads\/2018\/04\/P_20180327_091110.jpg?fit=1200%2C675&ssl=1&resize=350%2C200","width":350,"height":200},"classes":[]},{"id":1139,"url":"https:\/\/recavaca.com\/index.php\/en\/who-we-are\/","url_meta":{"origin":1291,"position":4},"title":"Who we are","date":"24 mai 2018","format":false,"excerpt":"AGED- Association Guadeloupe Equitable and Sustainable Founded in March 2011 in order to participate in the design of a fairer economic, social and environmental world, our association seeks to promote Sustainable Development and Fair Trade within the Caribbean Region and in particular in Guadeloupe. Why ? The idea is to\u2026","rel":"","context":"Article similaire","img":{"alt_text":"","src":"https:\/\/i0.wp.com\/recavaca.com\/wp-content\/uploads\/2018\/04\/P_20180115_125902.jpg?fit=1200%2C675&ssl=1&resize=350%2C200","width":350,"height":200},"classes":[]},{"id":1292,"url":"https:\/\/recavaca.com\/index.php\/en\/the-raja-foundation-daniele-marcovici\/","url_meta":{"origin":1291,"position":5},"title":"The RAJA Foundation &#8211; Dani\u00e8le Marcovici","date":"5 juin 2018","format":false,"excerpt":"The RAJA Group created in 2006, on the initiative of Dani\u00e8le Kapel-Marcovici, and under the auspices of a Fondation of France, the RAJA-Dani\u00e8le Marcovici Foundation, which has made emancipation and the improvement of living conditions for women, in France and in the world, its priority. For the Foundation, women are\u2026","rel":"","context":"Article similaire","img":{"alt_text":"","src":"","width":0,"height":0},"classes":[]}],"_links":{"self":[{"href":"https:\/\/recavaca.com\/index.php\/wp-json\/wp\/v2\/pages\/1291"}],"collection":[{"href":"https:\/\/recavaca.com\/index.php\/wp-json\/wp\/v2\/pages"}],"about":[{"href":"https:\/\/recavaca.com\/index.php\/wp-json\/wp\/v2\/types\/page"}],"author":[{"embeddable":true,"href":"https:\/\/recavaca.com\/index.php\/wp-json\/wp\/v2\/users\/3"}],"replies":[{"embeddable":true,"href":"https:\/\/recavaca.com\/index.php\/wp-json\/wp\/v2\/comments?post=1291"}],"version-history":[{"count":3,"href":"https:\/\/recavaca.com\/index.php\/wp-json\/wp\/v2\/pages\/1291\/revisions"}],"predecessor-version":[{"id":1370,"href":"https:\/\/recavaca.com\/index.php\/wp-json\/wp\/v2\/pages\/1291\/revisions\/1370"}],"wp:attachment":[{"href":"https:\/\/recavaca.com\/index.php\/wp-json\/wp\/v2\/media?parent=1291"}],"curies":[{"name":"wp","href":"https:\/\/api.w.org\/{rel}","templated":true}]}}