{"id":1207,"date":"2018-05-25T16:24:04","date_gmt":"2018-05-25T14:24:04","guid":{"rendered":"https:\/\/recavaca.com\/?page_id=1207"},"modified":"2018-05-25T16:35:08","modified_gmt":"2018-05-25T14:35:08","slug":"le-programme-operationnel-interreg-caraibes-2014-2020","status":"publish","type":"page","link":"https:\/\/recavaca.com\/index.php\/le-programme-operationnel-interreg-caraibes-2014-2020\/","title":{"rendered":"Le Programme INTERREG Cara\u00efbes"},"content":{"rendered":"<p style=\"text-align: center;\"><a href=\"https:\/\/www.interreg-caraibes.fr\/\"><img data-attachment-id=\"400\" data-permalink=\"https:\/\/recavaca.com\/?attachment_id=400\" data-orig-file=\"https:\/\/i0.wp.com\/recavaca.com\/wp-content\/uploads\/2018\/04\/AMI-Interreg-Caraibes.jpg?fit=533%2C278&amp;ssl=1\" data-orig-size=\"533,278\" data-comments-opened=\"0\" data-image-meta=\"{&quot;aperture&quot;:&quot;0&quot;,&quot;credit&quot;:&quot;&quot;,&quot;camera&quot;:&quot;&quot;,&quot;caption&quot;:&quot;&quot;,&quot;created_timestamp&quot;:&quot;0&quot;,&quot;copyright&quot;:&quot;&quot;,&quot;focal_length&quot;:&quot;0&quot;,&quot;iso&quot;:&quot;0&quot;,&quot;shutter_speed&quot;:&quot;0&quot;,&quot;title&quot;:&quot;&quot;,&quot;orientation&quot;:&quot;0&quot;}\" data-image-title=\"AMI-Interreg-Caraibes\" data-image-description=\"\" data-image-caption=\"\" data-medium-file=\"https:\/\/i0.wp.com\/recavaca.com\/wp-content\/uploads\/2018\/04\/AMI-Interreg-Caraibes.jpg?fit=300%2C156&amp;ssl=1\" data-large-file=\"https:\/\/i0.wp.com\/recavaca.com\/wp-content\/uploads\/2018\/04\/AMI-Interreg-Caraibes.jpg?fit=525%2C274&amp;ssl=1\" loading=\"lazy\" class=\"aligncenter wp-image-400 size-full\" src=\"https:\/\/i0.wp.com\/recavaca.com\/wp-content\/uploads\/2018\/04\/AMI-Interreg-Caraibes.jpg?resize=525%2C274\" alt=\"\" width=\"525\" height=\"274\" srcset=\"https:\/\/i0.wp.com\/recavaca.com\/wp-content\/uploads\/2018\/04\/AMI-Interreg-Caraibes.jpg?w=533&amp;ssl=1 533w, https:\/\/i0.wp.com\/recavaca.com\/wp-content\/uploads\/2018\/04\/AMI-Interreg-Caraibes.jpg?resize=300%2C156&amp;ssl=1 300w\" sizes=\"(max-width: 525px) 100vw, 525px\" data-recalc-dims=\"1\" \/><\/a><\/p>\n<p style=\"text-align: justify;\">Le Programme Op\u00e9rationnel INTERREG Cara\u00efbes 2014-2020 s\u2019inscrit dans le cadre de la coop\u00e9ration territoriale europ\u00e9enne 2014-2020, et \u00e0 ce titre contribue \u00e0 la mise en \u0153uvre de la strat\u00e9gie Europe 2020 qui a pour ambition de promouvoir un d\u00e9veloppement harmonieux de l\u2019espace Cara\u00efbe en faveur d\u2019une croissance intelligente, durable et inclusive. Le PO contribuera \u00e0 donner corps \u00e0 la volont\u00e9 d\u2019insertion des r\u00e9gions et collectivit\u00e9s fran\u00e7aises des Antilles et de Guyane dans leur environnement g\u00e9ographique. Il leur permettra de jouer pleinement leur r\u00f4le d\u2019\u00ab&nbsp;ambassadeurs de l\u2019Union Europ\u00e9enne dans l\u2019oc\u00e9an Atlantique&nbsp;\u00bb.<\/p>\n<p style=\"text-align: justify;\">Les territoires de la Cara\u00efbe partagent des sp\u00e9cificit\u00e9s et des enjeux de d\u00e9veloppement communs, fondements de la coop\u00e9ration. La strat\u00e9gie du PO Cara\u00efbes 2014-2020 s\u2019articule autour d\u2019axes prioritaires qui correspondent \u00e0 ces diff\u00e9rents enjeux de d\u00e9veloppement qui sont&nbsp;:<\/p>\n<p style=\"text-align: justify; padding-left: 30px;\">&#8211; La cr\u00e9ation de richesses et d\u2019emplois, via la diversification et le renforcement de la comp\u00e9titivit\u00e9 des \u00e9conomies carib\u00e9ennes ;<\/p>\n<p style=\"text-align: justify; padding-left: 30px;\">&#8211; Le d\u00e9veloppement des r\u00e9seaux de transports (maritime et a\u00e9rien) et le d\u00e9senclavement des territoires pour am\u00e9liorer leur accessibilit\u00e9 ;<\/p>\n<p style=\"text-align: justify; padding-left: 30px;\">&#8211; Le renforcement des capacit\u00e9s de pr\u00e9vention et de gestion des risques ;<\/p>\n<p style=\"text-align: justify; padding-left: 30px;\">&#8211; La protection de l\u2019environnement et la maitrise de la transition \u00e9nerg\u00e9tique ;<\/p>\n<p style=\"text-align: justify; padding-left: 30px;\">&#8211; Le renforcement du capital humain ;<\/p>\n<p style=\"text-align: justify; padding-left: 30px;\">&#8211; L\u2019inclusion sociale, la sant\u00e9 et l\u2019am\u00e9lioration des conditions de vie.<\/p>\n<p style=\"text-align: justify;\">L\u2019enjeu qui concerne le projet RECAVACA et auquel il cherche \u00e0 apporter une solution est celui de<strong><em> La cr\u00e9ation de richesses et d\u2019emplois, via la diversification et le renforcement de la comp\u00e9titivit\u00e9 des \u00e9conomies carib\u00e9ennes. <\/em><\/strong><\/p>\n<p style=\"text-align: justify;\">Les \u00e9conomies de la Cara\u00efbe, RUP fran\u00e7aises, PTOM europ\u00e9ens, territoires d\u2019outre-mer am\u00e9ricains ou Etats, sont confront\u00e9es \u00e0 des faiblesses structurelles tr\u00e8s comparables, la premi\u00e8re d\u2019entre elles \u00e9tant une faible diversification de leur \u00e9conomie.<\/p>\n<p style=\"text-align: justify;\">Celle-ci se caract\u00e9rise notamment par la place pr\u00e9pond\u00e9rante des mati\u00e8res premi\u00e8res (souvent agricoles), produites notamment dans une logique d\u2019exportation (bananes, canne, fruits, etc.) et de fait, par la vuln\u00e9rabilit\u00e9 des \u00e9conomies aux chocs ext\u00e9rieurs (fluctuation du cours de mati\u00e8res premi\u00e8res, cons\u00e9quences des catastrophes naturelles, etc.). L\u2019industrie occupe une place encore faible et s\u2019est essentiellement d\u00e9velopp\u00e9e dans le secteur de l\u2019agro-alimentaire, qui est historiquement le secteur d\u2019innovation. Les diff\u00e9rents territoires se sont engag\u00e9s dans des strat\u00e9gies de diversification des \u00e9conomies, qui reposent notamment sur leur fort potentiel de valorisation du patrimoine naturel (valorisation des ressources naturelles dans la pharmacie, la cosm\u00e9tique ou l\u2019\u00e9nergie par exemple).<\/p>\n<p style=\"text-align: justify;\">L\u2019enjeu de la diversification des \u00e9conomies est donc crucial pour la Cara\u00efbe. Celle-ci doit s\u2019appuyer notamment sur le renforcement de la performance du tissu \u00e9conomique, l\u2019am\u00e9lioration de la comp\u00e9titivit\u00e9 des entreprises, et l\u2019adoption de d\u00e9marches innovantes<\/p>\n<p style=\"text-align: justify;\"><strong>Le projet RECAVACA est financ\u00e9 sur l\u2019axe 1 et 2 du Programme dont l\u2019objectif est de \u00ab&nbsp;Renforcer de mani\u00e8re inclusive et durable la comp\u00e9titivit\u00e9 des entreprises de la Cara\u00efbe, cr\u00e9atrices de richesses et d\u2019emplois&nbsp;\u00bb <\/strong><\/p>\n<p style=\"text-align: justify;\">Les axes 1 et 2 du programme r\u00e9pondent au premier des enjeux de d\u00e9veloppement de la Cara\u00efbe. L\u2019objectif est de soutenir la comp\u00e9titivit\u00e9 des PME de la Cara\u00efbe, en soutenant leur capacit\u00e9, d\u2019une part, \u00e0 cro\u00eetre sur les march\u00e9s r\u00e9gionaux, nationaux et internationaux et d\u2019autre part \u00e0 s\u2019engager dans les processus d\u2019innovation.<\/p>\n<p style=\"text-align: justify;\">En effet, l\u2019innovation est un atout essentiel pour le d\u00e9veloppement de la comp\u00e9titivit\u00e9 des entreprises de la Cara\u00efbe. La Guadeloupe, La Martinique, et la Guyane sont des vitrines des savoir-faire europ\u00e9ens et des plateformes d\u2019exportation de services dans leur zone respective sur les domaines d\u2019activit\u00e9 strat\u00e9gique d\u00e9finis dans leur strat\u00e9gie de sp\u00e9cialisation intelligente. Les territoires carib\u00e9ens extra-communautaires b\u00e9n\u00e9ficient \u00e9galement d\u2019atouts naturels et de savoir-faire compl\u00e9mentaires sur des probl\u00e9matiques partag\u00e9es \u00e0 l\u2019\u00e9chelle r\u00e9gionale (\u00e9nergie, biodiversit\u00e9, agronomie, num\u00e9rique, mat\u00e9riaux, services li\u00e9s \u00e0 l\u2019environnement, sant\u00e9) qui peuvent servir de leviers \u00e0 la coop\u00e9ration en mati\u00e8re de recherche et d\u2019innovation pour am\u00e9liorer les connaissances mutuelles, et d\u00e9velopper\/adapter de nouvelles solutions aux sp\u00e9cificit\u00e9s du territoire de coop\u00e9ration.<\/p>\n<p style=\"text-align: justify;\">Ces axes d\u2019intervention s\u2019appuient sur des objectifs sp\u00e9cifiques, qui sont notamment de \u00ab&nbsp;Renforcer la diversification \u00e9conomique des territoires \u00e0 travers le transfert des connaissances et la commercialisation de produits innovants&nbsp;\u00bb (OS 1).<\/p>\n<p style=\"text-align: justify;\">Le r\u00e9sultat attendu de cet objectif sp\u00e9cifique du Programme est le renforcement des d\u00e9marches d\u2019innovation au sein des entreprises de la Cara\u00efbe et le renforcement du transfert de technologies entre le monde de la recherche et celui des entreprises. Ceci pourra permettre le d\u00e9veloppement et la commercialisation de solutions innovantes qui r\u00e9pondent aux enjeux \u00e9conomiques, environnementaux et soci\u00e9taux de la Cara\u00efbe, voire la cr\u00e9ation d\u2019entreprises innovantes.<\/p>\n<p style=\"text-align: justify;\">Le Programme soutiendra ainsi en priorit\u00e9 les actions de coop\u00e9ration r\u00e9gionale qui permettent de mettre sur le march\u00e9 de nouveaux produits, de nouvelles technologies et de nouveaux services, notamment dans les domaines d\u2019activit\u00e9s strat\u00e9giques tels qu\u2019ils ont \u00e9t\u00e9 d\u00e9finis dans les Strat\u00e9gies R\u00e9gionales Innovation Strat\u00e9gies de sp\u00e9cialisation intelligente (S3) dans la mesure o\u00f9 ils concourront aux efforts de diversification des \u00e9conomies insulaires et de cr\u00e9ation de valeur ajout\u00e9e dans les territoires.<\/p>\n<p style=\"text-align: justify;\">Les acteurs de l\u2019innovation se sont progressivement structur\u00e9s dans les r\u00e9gions fran\u00e7aises du programme. Le d\u00e9veloppement de r\u00e9seaux et de grappes d\u2019entreprises dans ces r\u00e9gions dans les domaines de l\u2019\u00e9nergie (Synerg\u00eele), de l\u2019agriculture (R\u00e9seau d\u2019innovation et de transfert agricole), de l\u2019agro-alimentaire (P\u00f4le Agro-alimentaire R\u00e9gionale de la Martinique) doit permettre aujourd\u2019hui de soutenir et de coordonner des actions de coop\u00e9ration avec leurs partenaires de la Cara\u00efbe dans des secteurs d\u2019importance, sur les \u00e9nergies renouvelables (\u00e9quipements, stockage d\u2019\u00e9nergie) avec la CARILEC (<em>Caribbean Electric Utility Services Corporation<\/em>) ou en agro-\u00e9cologie avec notamment Cuba (Unica &#8211; universit\u00e9 de Ciego de Avila \u201cMaxima Gomez Baez\u201d, IIHLD &#8211; Institut de recherche horticole, Liliana Dimitrova, IIFT &#8211; Instituto de Investigaciones en Fruticultura Tropical ou institut de recherche en fruiticulture tropicale).<\/p>\n<p style=\"text-align: justify;\">Cette int\u00e9gration de l\u2019innovation dans les entreprises de la Cara\u00efbe sera porteuse de cr\u00e9ation de valeur ajout\u00e9e et d\u2019une plus grande comp\u00e9titivit\u00e9. Elle permettra aux entreprises carib\u00e9ennes de mieux se positionner sur le march\u00e9 international : le d\u00e9veloppement d\u2019avantages comparatifs dans les fili\u00e8res traditionnelles et \u00e9mergentes est notamment une perspective prometteuse et r\u00e9aliste. Ils sont un levier essentiel pour am\u00e9liorer la performance des entreprises dans les secteurs de diversification des \u00e9conomies r\u00e9gionales. En lien avec les strat\u00e9gies de sp\u00e9cialisation intelligente des RUP fran\u00e7aises, les secteurs qui y sont privil\u00e9gi\u00e9s pourront faire l\u2019objet d\u2019une attention sp\u00e9cifique afin de d\u00e9velopper les \u00e9changes gagnants-gagnants et favoriser les transferts de connaissances et de technologies d\u2019un territoire \u00e0 un autre.<\/p>\n","protected":false},"excerpt":{"rendered":"<p>Le Programme Op\u00e9rationnel INTERREG Cara\u00efbes 2014-2020 s\u2019inscrit dans le cadre de la coop\u00e9ration territoriale europ\u00e9enne 2014-2020, et \u00e0 ce titre contribue \u00e0 la mise en \u0153uvre de la strat\u00e9gie Europe 2020 qui a pour ambition de promouvoir un d\u00e9veloppement harmonieux de l\u2019espace Cara\u00efbe en faveur d\u2019une croissance intelligente, durable et inclusive. Le PO contribuera \u00e0 &hellip; <\/p>\n<p class=\"link-more\"><a href=\"https:\/\/recavaca.com\/index.php\/le-programme-operationnel-interreg-caraibes-2014-2020\/\" class=\"more-link\">Continuer la lecture<span class=\"screen-reader-text\"> de &laquo;&nbsp;Le Programme INTERREG Cara\u00efbes&nbsp;&raquo;<\/span><\/a><\/p>\n","protected":false},"author":3,"featured_media":0,"parent":0,"menu_order":0,"comment_status":"closed","ping_status":"closed","template":"","meta":{"spay_email":""},"yoast_head":"<!-- This site is optimized with the Yoast SEO plugin v18.1 - https:\/\/yoast.com\/wordpress\/plugins\/seo\/ -->\n<title>Le Programme INTERREG Cara\u00efbes - Recavaca<\/title>\n<meta name=\"robots\" content=\"index, follow, max-snippet:-1, max-image-preview:large, max-video-preview:-1\" \/>\n<link rel=\"canonical\" href=\"https:\/\/recavaca.com\/index.php\/le-programme-operationnel-interreg-caraibes-2014-2020\/\" \/>\n<meta property=\"og:locale\" content=\"fr_FR\" \/>\n<meta property=\"og:type\" content=\"article\" \/>\n<meta property=\"og:title\" content=\"Le Programme INTERREG Cara\u00efbes - Recavaca\" \/>\n<meta property=\"og:description\" content=\"Le Programme Op\u00e9rationnel INTERREG Cara\u00efbes 2014-2020 s\u2019inscrit dans le cadre de la coop\u00e9ration territoriale europ\u00e9enne 2014-2020, et \u00e0 ce titre contribue \u00e0 la mise en \u0153uvre de la strat\u00e9gie Europe 2020 qui a pour ambition de promouvoir un d\u00e9veloppement harmonieux de l\u2019espace Cara\u00efbe en faveur d\u2019une croissance intelligente, durable et inclusive. Le PO contribuera \u00e0 &hellip; Continuer la lecture de &laquo;&nbsp;Le Programme INTERREG Cara\u00efbes&nbsp;&raquo;\" \/>\n<meta property=\"og:url\" content=\"https:\/\/recavaca.com\/index.php\/le-programme-operationnel-interreg-caraibes-2014-2020\/\" \/>\n<meta property=\"og:site_name\" content=\"Recavaca\" \/>\n<meta property=\"article:publisher\" content=\"https:\/\/www.facebook.com\/guadeloupeequitableetdurable\/\" \/>\n<meta property=\"article:modified_time\" content=\"2018-05-25T14:35:08+00:00\" \/>\n<meta property=\"og:image\" content=\"http:\/\/recavaca.com\/wp-content\/uploads\/2018\/04\/AMI-Interreg-Caraibes.jpg\" \/>\n<meta name=\"twitter:card\" content=\"summary_large_image\" \/>\n<meta name=\"twitter:label1\" content=\"Dur\u00e9e de lecture estim\u00e9e\" \/>\n\t<meta name=\"twitter:data1\" content=\"6 minutes\" \/>\n<script type=\"application\/ld+json\" class=\"yoast-schema-graph\">{\"@context\":\"https:\/\/schema.org\",\"@graph\":[{\"@type\":\"WebSite\",\"@id\":\"https:\/\/recavaca.com\/#website\",\"url\":\"https:\/\/recavaca.com\/\",\"name\":\"Recavaca\",\"description\":\"R\u00e9seau Carib\u00e9en pour la Valorisation du Cacao\",\"potentialAction\":[{\"@type\":\"SearchAction\",\"target\":{\"@type\":\"EntryPoint\",\"urlTemplate\":\"https:\/\/recavaca.com\/?s={search_term_string}\"},\"query-input\":\"required name=search_term_string\"}],\"inLanguage\":\"fr-FR\"},{\"@type\":\"ImageObject\",\"@id\":\"https:\/\/recavaca.com\/index.php\/le-programme-operationnel-interreg-caraibes-2014-2020\/#primaryimage\",\"inLanguage\":\"fr-FR\",\"url\":\"http:\/\/recavaca.com\/wp-content\/uploads\/2018\/04\/AMI-Interreg-Caraibes.jpg\",\"contentUrl\":\"http:\/\/recavaca.com\/wp-content\/uploads\/2018\/04\/AMI-Interreg-Caraibes.jpg\"},{\"@type\":\"WebPage\",\"@id\":\"https:\/\/recavaca.com\/index.php\/le-programme-operationnel-interreg-caraibes-2014-2020\/#webpage\",\"url\":\"https:\/\/recavaca.com\/index.php\/le-programme-operationnel-interreg-caraibes-2014-2020\/\",\"name\":\"Le Programme INTERREG Cara\u00efbes - Recavaca\",\"isPartOf\":{\"@id\":\"https:\/\/recavaca.com\/#website\"},\"primaryImageOfPage\":{\"@id\":\"https:\/\/recavaca.com\/index.php\/le-programme-operationnel-interreg-caraibes-2014-2020\/#primaryimage\"},\"datePublished\":\"2018-05-25T14:24:04+00:00\",\"dateModified\":\"2018-05-25T14:35:08+00:00\",\"breadcrumb\":{\"@id\":\"https:\/\/recavaca.com\/index.php\/le-programme-operationnel-interreg-caraibes-2014-2020\/#breadcrumb\"},\"inLanguage\":\"fr-FR\",\"potentialAction\":[{\"@type\":\"ReadAction\",\"target\":[\"https:\/\/recavaca.com\/index.php\/le-programme-operationnel-interreg-caraibes-2014-2020\/\"]}]},{\"@type\":\"BreadcrumbList\",\"@id\":\"https:\/\/recavaca.com\/index.php\/le-programme-operationnel-interreg-caraibes-2014-2020\/#breadcrumb\",\"itemListElement\":[{\"@type\":\"ListItem\",\"position\":1,\"name\":\"Accueil\",\"item\":\"https:\/\/recavaca.com\/\"},{\"@type\":\"ListItem\",\"position\":2,\"name\":\"Le Programme INTERREG Cara\u00efbes\"}]}]}<\/script>\n<!-- \/ Yoast SEO plugin. -->","yoast_head_json":{"title":"Le Programme INTERREG Cara\u00efbes - Recavaca","robots":{"index":"index","follow":"follow","max-snippet":"max-snippet:-1","max-image-preview":"max-image-preview:large","max-video-preview":"max-video-preview:-1"},"canonical":"https:\/\/recavaca.com\/index.php\/le-programme-operationnel-interreg-caraibes-2014-2020\/","og_locale":"fr_FR","og_type":"article","og_title":"Le Programme INTERREG Cara\u00efbes - Recavaca","og_description":"Le Programme Op\u00e9rationnel INTERREG Cara\u00efbes 2014-2020 s\u2019inscrit dans le cadre de la coop\u00e9ration territoriale europ\u00e9enne 2014-2020, et \u00e0 ce titre contribue \u00e0 la mise en \u0153uvre de la strat\u00e9gie Europe 2020 qui a pour ambition de promouvoir un d\u00e9veloppement harmonieux de l\u2019espace Cara\u00efbe en faveur d\u2019une croissance intelligente, durable et inclusive. Le PO contribuera \u00e0 &hellip; Continuer la lecture de &laquo;&nbsp;Le Programme INTERREG Cara\u00efbes&nbsp;&raquo;","og_url":"https:\/\/recavaca.com\/index.php\/le-programme-operationnel-interreg-caraibes-2014-2020\/","og_site_name":"Recavaca","article_publisher":"https:\/\/www.facebook.com\/guadeloupeequitableetdurable\/","article_modified_time":"2018-05-25T14:35:08+00:00","og_image":[{"url":"http:\/\/recavaca.com\/wp-content\/uploads\/2018\/04\/AMI-Interreg-Caraibes.jpg"}],"twitter_card":"summary_large_image","twitter_misc":{"Dur\u00e9e de lecture estim\u00e9e":"6 minutes"},"schema":{"@context":"https:\/\/schema.org","@graph":[{"@type":"WebSite","@id":"https:\/\/recavaca.com\/#website","url":"https:\/\/recavaca.com\/","name":"Recavaca","description":"R\u00e9seau Carib\u00e9en pour la Valorisation du Cacao","potentialAction":[{"@type":"SearchAction","target":{"@type":"EntryPoint","urlTemplate":"https:\/\/recavaca.com\/?s={search_term_string}"},"query-input":"required name=search_term_string"}],"inLanguage":"fr-FR"},{"@type":"ImageObject","@id":"https:\/\/recavaca.com\/index.php\/le-programme-operationnel-interreg-caraibes-2014-2020\/#primaryimage","inLanguage":"fr-FR","url":"http:\/\/recavaca.com\/wp-content\/uploads\/2018\/04\/AMI-Interreg-Caraibes.jpg","contentUrl":"http:\/\/recavaca.com\/wp-content\/uploads\/2018\/04\/AMI-Interreg-Caraibes.jpg"},{"@type":"WebPage","@id":"https:\/\/recavaca.com\/index.php\/le-programme-operationnel-interreg-caraibes-2014-2020\/#webpage","url":"https:\/\/recavaca.com\/index.php\/le-programme-operationnel-interreg-caraibes-2014-2020\/","name":"Le Programme INTERREG Cara\u00efbes - Recavaca","isPartOf":{"@id":"https:\/\/recavaca.com\/#website"},"primaryImageOfPage":{"@id":"https:\/\/recavaca.com\/index.php\/le-programme-operationnel-interreg-caraibes-2014-2020\/#primaryimage"},"datePublished":"2018-05-25T14:24:04+00:00","dateModified":"2018-05-25T14:35:08+00:00","breadcrumb":{"@id":"https:\/\/recavaca.com\/index.php\/le-programme-operationnel-interreg-caraibes-2014-2020\/#breadcrumb"},"inLanguage":"fr-FR","potentialAction":[{"@type":"ReadAction","target":["https:\/\/recavaca.com\/index.php\/le-programme-operationnel-interreg-caraibes-2014-2020\/"]}]},{"@type":"BreadcrumbList","@id":"https:\/\/recavaca.com\/index.php\/le-programme-operationnel-interreg-caraibes-2014-2020\/#breadcrumb","itemListElement":[{"@type":"ListItem","position":1,"name":"Accueil","item":"https:\/\/recavaca.com\/"},{"@type":"ListItem","position":2,"name":"Le Programme INTERREG Cara\u00efbes"}]}]}},"jetpack_sharing_enabled":true,"jetpack_shortlink":"https:\/\/wp.me\/P9QgSb-jt","jetpack-related-posts":[{"id":1185,"url":"https:\/\/recavaca.com\/index.php\/la-region-guadeloupe\/","url_meta":{"origin":1207,"position":0},"title":"La R\u00e9gion Guadeloupe","date":"25 mai 2018","format":false,"excerpt":"La r\u00e9gion Guadeloupe est l\u2019autorit\u00e9 de gestion des fonds europ\u00e9ens dont la Guadeloupe b\u00e9n\u00e9ficie pour son d\u00e9veloppement \u00e9conomique, social et culturel. Ces fonds structurels (Fonds europ\u00e9en de d\u00e9veloppement r\u00e9gional (FEDER),\u00a0Fonds social europ\u00e9en (FSE),\u00a0Fonds Europ\u00e9en Agricole pour le D\u00e9veloppement Rural (FEADER), Fonds europ\u00e9en pour les affaires maritimes et la p\u00eache\u00a0(FEAMP\u00a0) sont\u2026","rel":"","context":"Article similaire","img":{"alt_text":"","src":"","width":0,"height":0},"classes":[]},{"id":642,"url":"https:\/\/recavaca.com\/index.php\/lancement-du-projet\/","url_meta":{"origin":1207,"position":1},"title":"Lancement du Projet","date":"17 avril 2018","format":false,"excerpt":"Lancement du projet de R\u00e9seau Carib\u00e9en pour la Valorisation du Cacao Le projet de R\u00e9seau Carib\u00e9en de valorisation du cacao (RECAVACA), projet cofinanc\u00e9 par le programme INTERREG Cara\u00efbes au titre du Fonds Europ\u00e9en de D\u00e9veloppement R\u00e9gional, a \u00e9t\u00e9 lanc\u00e9 le mardi 24 octobre 2017, au si\u00e8ge du CIRAD (NeufChateau, Capesterre-Belle-Eau)\u2026","rel":"","context":"Article similaire","img":{"alt_text":"","src":"https:\/\/i0.wp.com\/recavaca.com\/wp-content\/uploads\/2018\/04\/lancement.jpg?resize=350%2C200&ssl=1","width":350,"height":200},"classes":[]},{"id":9,"url":"https:\/\/recavaca.com\/","url_meta":{"origin":1207,"position":2},"title":"Accueil","date":"1 avril 2018","format":false,"excerpt":"L\u2019objectif du projet de R\u00e9seau Carib\u00e9en de Valorisation du Cacao (RECAVACA) est de cr\u00e9er une dynamique autour de plusieurs acteurs de la fili\u00e8re cacao, \u00e0 l\u2019\u00e9chelle carib\u00e9enne, afin de contribuer \u00e0 la reconnaissance de plusieurs territoires en tant que pays producteurs d\u2019un cacao de qualit\u00e9, produit en volumes suffisants en\u2026","rel":"","context":"Article similaire","img":{"alt_text":"","src":"https:\/\/i0.wp.com\/recavaca.com\/wp-content\/uploads\/2019\/04\/LOGO_FONDS_EUROPEEN_GUADELOUPE_FEDER_projetcofinance-1024x226.png?resize=350%2C200&ssl=1","width":350,"height":200},"classes":[]},{"id":37,"url":"https:\/\/recavaca.com\/index.php\/qui-sommes-nous\/","url_meta":{"origin":1207,"position":3},"title":"Qui sommes nous ?","date":"1 avril 2018","format":false,"excerpt":"AGED- Association Guadeloupe Equitable et Durable Fond\u00e9e en Mars 2011 dans un souci de participation \u00e0 la conception d\u2019un monde \u00e9conomique, social et environnemental plus juste, notre association cherche \u00e0 promouvoir le D\u00e9veloppement Durable et le Commerce \u00c9quitable au sein de la R\u00e9gion Cara\u00efbe et notamment en Guadeloupe. Pourquoi ?\u2026","rel":"","context":"Article similaire","img":{"alt_text":"","src":"https:\/\/i0.wp.com\/recavaca.com\/wp-content\/uploads\/2018\/04\/P_20180115_125902.jpg?fit=1200%2C675&ssl=1&resize=350%2C200","width":350,"height":200},"classes":[]},{"id":31,"url":"https:\/\/recavaca.com\/index.php\/le-cacao\/","url_meta":{"origin":1207,"position":4},"title":"Le Cacao","date":"1 avril 2018","format":false,"excerpt":"L'histoire du cacao dans la r\u00e9gion Cara\u00efbe La r\u00e9gion de la Cara\u00efbe englobe les \u00eeles et les r\u00e9gions continentales am\u00e9ricaines qui entourent la mer des Cara\u00efbes. Cette r\u00e9gion pauvre mais touristique a longtemps abrit\u00e9 d\u2019immenses plantations cacaoy\u00e8res et ses grands cultivateurs en raison de son climat chaud et humide. Les\u2026","rel":"","context":"Article similaire","img":{"alt_text":"","src":"https:\/\/i0.wp.com\/recavaca.com\/wp-content\/uploads\/2018\/04\/P_20180327_091110.jpg?fit=1200%2C675&ssl=1&resize=350%2C200","width":350,"height":200},"classes":[]},{"id":5,"url":"https:\/\/recavaca.com\/index.php\/recavaca\/","url_meta":{"origin":1207,"position":5},"title":"Pr\u00e9sentation","date":"1 avril 2018","format":false,"excerpt":"Recavaca : un projet de coop\u00e9ration pour la valorisation du cacao Le projet Recavaca (R\u00e9seau Carib\u00e9en pour la valorisation du cacao), vise le renforcement de la diversification \u00e9conomique des territoires d\u2019Ha\u00efti et de la Guadeloupe, et plus largement de la r\u00e9gion Cara\u00efbe, par le transfert des connaissances et la commercialisation\u2026","rel":"","context":"Article similaire","img":{"alt_text":"","src":"https:\/\/i0.wp.com\/recavaca.com\/wp-content\/uploads\/2019\/04\/interreg_CARAIBES_FR_RGB-Copie.jpg?fit=1200%2C601&ssl=1&resize=350%2C200","width":350,"height":200},"classes":[]}],"_links":{"self":[{"href":"https:\/\/recavaca.com\/index.php\/wp-json\/wp\/v2\/pages\/1207"}],"collection":[{"href":"https:\/\/recavaca.com\/index.php\/wp-json\/wp\/v2\/pages"}],"about":[{"href":"https:\/\/recavaca.com\/index.php\/wp-json\/wp\/v2\/types\/page"}],"author":[{"embeddable":true,"href":"https:\/\/recavaca.com\/index.php\/wp-json\/wp\/v2\/users\/3"}],"replies":[{"embeddable":true,"href":"https:\/\/recavaca.com\/index.php\/wp-json\/wp\/v2\/comments?post=1207"}],"version-history":[{"count":4,"href":"https:\/\/recavaca.com\/index.php\/wp-json\/wp\/v2\/pages\/1207\/revisions"}],"predecessor-version":[{"id":1387,"href":"https:\/\/recavaca.com\/index.php\/wp-json\/wp\/v2\/pages\/1207\/revisions\/1387"}],"wp:attachment":[{"href":"https:\/\/recavaca.com\/index.php\/wp-json\/wp\/v2\/media?parent=1207"}],"curies":[{"name":"wp","href":"https:\/\/api.w.org\/{rel}","templated":true}]}}