{"id":1198,"date":"2018-05-25T16:17:27","date_gmt":"2018-05-25T14:17:27","guid":{"rendered":"https:\/\/recavaca.com\/?page_id=1198"},"modified":"2018-06-12T15:41:29","modified_gmt":"2018-06-12T13:41:29","slug":"la-fondation-raja-daniele-marcovici","status":"publish","type":"page","link":"https:\/\/recavaca.com\/index.php\/la-fondation-raja-daniele-marcovici\/","title":{"rendered":"La Fondation RAJA &#8211; Dani\u00e8le Marcovici"},"content":{"rendered":"<p style=\"text-align: justify;\"><a href=\"https:\/\/www.raja.fr\/femmes-et-environnement_cms_000062.html\"><img data-attachment-id=\"1200\" data-permalink=\"https:\/\/recavaca.com\/index.php\/la-fondation-raja-daniele-marcovici\/logo-fondatio-raja\/\" data-orig-file=\"https:\/\/i0.wp.com\/recavaca.com\/wp-content\/uploads\/2018\/05\/Logo-Fondatio-raja.jpg?fit=709%2C295&amp;ssl=1\" data-orig-size=\"709,295\" data-comments-opened=\"0\" data-image-meta=\"{&quot;aperture&quot;:&quot;0&quot;,&quot;credit&quot;:&quot;&quot;,&quot;camera&quot;:&quot;&quot;,&quot;caption&quot;:&quot;&quot;,&quot;created_timestamp&quot;:&quot;0&quot;,&quot;copyright&quot;:&quot;&quot;,&quot;focal_length&quot;:&quot;0&quot;,&quot;iso&quot;:&quot;0&quot;,&quot;shutter_speed&quot;:&quot;0&quot;,&quot;title&quot;:&quot;&quot;,&quot;orientation&quot;:&quot;0&quot;}\" data-image-title=\"Logo Fondatio raja\" data-image-description=\"\" data-image-caption=\"\" data-medium-file=\"https:\/\/i0.wp.com\/recavaca.com\/wp-content\/uploads\/2018\/05\/Logo-Fondatio-raja.jpg?fit=300%2C125&amp;ssl=1\" data-large-file=\"https:\/\/i0.wp.com\/recavaca.com\/wp-content\/uploads\/2018\/05\/Logo-Fondatio-raja.jpg?fit=525%2C218&amp;ssl=1\" loading=\"lazy\" class=\"size-medium wp-image-1200 alignleft\" src=\"https:\/\/i0.wp.com\/recavaca.com\/wp-content\/uploads\/2018\/05\/Logo-Fondatio-raja.jpg?resize=300%2C125&#038;ssl=1\" alt=\"\" width=\"300\" height=\"125\" srcset=\"https:\/\/i0.wp.com\/recavaca.com\/wp-content\/uploads\/2018\/05\/Logo-Fondatio-raja.jpg?resize=300%2C125&amp;ssl=1 300w, https:\/\/i0.wp.com\/recavaca.com\/wp-content\/uploads\/2018\/05\/Logo-Fondatio-raja.jpg?w=709&amp;ssl=1 709w\" sizes=\"(max-width: 300px) 100vw, 300px\" data-recalc-dims=\"1\" \/><\/a>Le Groupe RAJA a cr\u00e9\u00e9 en 2006, \u00e0 l\u2019initiative de Dani\u00e8le Kapel-Marcovici, et sous \u00e9gide de la Fondation de France, la Fondation RAJA-Dani\u00e8le Marcovici, qui a fait de l\u2019\u00e9mancipation et de l\u2019am\u00e9lioration des conditions de vie des femmes, en France et dans le monde, sa priorit\u00e9.<\/p>\n<p style=\"text-align: justify;\">Pour la Fondation, les femmes sont des acteurs cl\u00e9s du d\u00e9veloppement, et leur autonomisation b\u00e9n\u00e9ficie \u00e0 toutes et tous. Agir en faveur de l\u2019\u00e9galit\u00e9 entre les femmes et les hommes, c\u2019est favoriser la prosp\u00e9rit\u00e9 \u00e9conomique et la stabilit\u00e9 politique \u00e0 travers le monde, et contribuer \u00e0 l\u2019\u00e9mergence d\u2019une soci\u00e9t\u00e9 meilleure et plus juste.<\/p>\n<p style=\"text-align: justify;\">En Mai 2017, elle lance un appel \u00e0 projets pour soutenir financi\u00e8rement des projets associatifs en faveur de l\u2019am\u00e9lioration des droits et des conditions de vie des femmes et contre les in\u00e9galit\u00e9s, les injustices et les violences qu\u2019elles subissent.<\/p>\n<p style=\"text-align: justify;\">Par cet appel \u00e0 projets, la Fondation RAJA-Dani\u00e8le Marcovici souhaite apporter un appui financier \u00e0 des projets, port\u00e9s par des associations fran\u00e7aises, qui visent \u00e0 <strong>favoriser l\u2019\u00e9mancipation des femmes, l\u2019\u00e9galit\u00e9 des droits entre les femmes et les hommes, et l\u2019am\u00e9lioration des conditions de vie des femmes<\/strong>.<\/p>\n<p style=\"text-align: justify;\">La Fondation soutient particuli\u00e8rement :<\/p>\n<ul class=\"ili-indent\">\n<li style=\"text-align: justify;\">Les projets visant \u00e0 <strong>soutenir la d\u00e9fense des droits des femmes r\u00e9fugi\u00e9es\/migrantes<\/strong>, \u00e0 lutter contre les violences qu\u2019elles subissent, et \u00e0 favoriser leur int\u00e9gration socio-professionnelle.<\/li>\n<\/ul>\n<ul class=\"ili-indent\">\n<li style=\"text-align: justify;\">Les projets visant \u00e0<strong> promouvoir l\u2019autonomie des femmes<\/strong> et \u00e0 soutenir leurs <strong>actions en faveur de la protection de l\u2019environnement et de la lutte contre le d\u00e9r\u00e8glement climatique<\/strong> (agriculture durable, gestion des ressources naturelles, gestion des d\u00e9chets, production d\u2019\u00e9nergies renouvelables).<\/li>\n<\/ul>\n<p style=\"text-align: justify;\">Le soutien du Groupe RAJA aux projets s\u00e9lectionn\u00e9s se fait via une op\u00e9ration de produits partage qui mobilise plusieurs de ses filiales en Europe. L\u2019op\u00e9ration consiste \u00e0 reverser une partie du prix de vente de diff\u00e9rents produits \u00ab&nbsp;\u00e9co-responsables&nbsp;\u00bb \u00e0 la Fondation. Celle-ci reverse ensuite la totalit\u00e9 des fonds collect\u00e9s \u00e0 des associations menant des projets en faveur de l\u2019\u00e9mancipation des femmes et de la protection de l\u2019environnement.<\/p>\n<p style=\"text-align: justify;\">Cette ann\u00e9e, 5 projets ont \u00e9t\u00e9 s\u00e9lectionn\u00e9s pour le programme \u00ab&nbsp;Femmes &amp; Environnement&nbsp;\u00bb, parmi lesquels figurent le projet Atelier KAKO, qui s\u2019inscrit dans le cadre du projet RECAVACA et dont l\u2019objectif est de participer \u00e0 l\u2019\u00e9mancipation \u00e9conomique d\u2019un groupement de femmes en Ha\u00efti, \u00e0 travers la mise en place d\u2019une micro-chocolaterie.<\/p>\n","protected":false},"excerpt":{"rendered":"<p>Le Groupe RAJA a cr\u00e9\u00e9 en 2006, \u00e0 l\u2019initiative de Dani\u00e8le Kapel-Marcovici, et sous \u00e9gide de la Fondation de France, la Fondation RAJA-Dani\u00e8le Marcovici, qui a fait de l\u2019\u00e9mancipation et de l\u2019am\u00e9lioration des conditions de vie des femmes, en France et dans le monde, sa priorit\u00e9. Pour la Fondation, les femmes sont des acteurs cl\u00e9s &hellip; <\/p>\n<p class=\"link-more\"><a href=\"https:\/\/recavaca.com\/index.php\/la-fondation-raja-daniele-marcovici\/\" class=\"more-link\">Continuer la lecture<span class=\"screen-reader-text\"> de &laquo;&nbsp;La Fondation RAJA &#8211; Dani\u00e8le Marcovici&nbsp;&raquo;<\/span><\/a><\/p>\n","protected":false},"author":3,"featured_media":0,"parent":0,"menu_order":0,"comment_status":"closed","ping_status":"closed","template":"","meta":{"spay_email":""},"yoast_head":"<!-- This site is optimized with the Yoast SEO plugin v18.1 - https:\/\/yoast.com\/wordpress\/plugins\/seo\/ -->\n<title>La Fondation RAJA - Dani\u00e8le Marcovici - Recavaca<\/title>\n<meta name=\"robots\" content=\"index, follow, max-snippet:-1, max-image-preview:large, max-video-preview:-1\" \/>\n<link rel=\"canonical\" href=\"https:\/\/recavaca.com\/index.php\/la-fondation-raja-daniele-marcovici\/\" \/>\n<meta property=\"og:locale\" content=\"fr_FR\" \/>\n<meta property=\"og:type\" content=\"article\" \/>\n<meta property=\"og:title\" content=\"La Fondation RAJA - Dani\u00e8le Marcovici - Recavaca\" \/>\n<meta property=\"og:description\" content=\"Le Groupe RAJA a cr\u00e9\u00e9 en 2006, \u00e0 l\u2019initiative de Dani\u00e8le Kapel-Marcovici, et sous \u00e9gide de la Fondation de France, la Fondation RAJA-Dani\u00e8le Marcovici, qui a fait de l\u2019\u00e9mancipation et de l\u2019am\u00e9lioration des conditions de vie des femmes, en France et dans le monde, sa priorit\u00e9. Pour la Fondation, les femmes sont des acteurs cl\u00e9s &hellip; Continuer la lecture de &laquo;&nbsp;La Fondation RAJA &#8211; Dani\u00e8le Marcovici&nbsp;&raquo;\" \/>\n<meta property=\"og:url\" content=\"https:\/\/recavaca.com\/index.php\/la-fondation-raja-daniele-marcovici\/\" \/>\n<meta property=\"og:site_name\" content=\"Recavaca\" \/>\n<meta property=\"article:publisher\" content=\"https:\/\/www.facebook.com\/guadeloupeequitableetdurable\/\" \/>\n<meta property=\"article:modified_time\" content=\"2018-06-12T13:41:29+00:00\" \/>\n<meta property=\"og:image\" content=\"https:\/\/recavaca.com\/wp-content\/uploads\/2018\/05\/Logo-Fondatio-raja-300x125.jpg\" \/>\n<meta name=\"twitter:card\" content=\"summary_large_image\" \/>\n<meta name=\"twitter:label1\" content=\"Dur\u00e9e de lecture estim\u00e9e\" \/>\n\t<meta name=\"twitter:data1\" content=\"2 minutes\" \/>\n<script type=\"application\/ld+json\" class=\"yoast-schema-graph\">{\"@context\":\"https:\/\/schema.org\",\"@graph\":[{\"@type\":\"WebSite\",\"@id\":\"https:\/\/recavaca.com\/#website\",\"url\":\"https:\/\/recavaca.com\/\",\"name\":\"Recavaca\",\"description\":\"R\u00e9seau Carib\u00e9en pour la Valorisation du Cacao\",\"potentialAction\":[{\"@type\":\"SearchAction\",\"target\":{\"@type\":\"EntryPoint\",\"urlTemplate\":\"https:\/\/recavaca.com\/?s={search_term_string}\"},\"query-input\":\"required name=search_term_string\"}],\"inLanguage\":\"fr-FR\"},{\"@type\":\"ImageObject\",\"@id\":\"https:\/\/recavaca.com\/index.php\/la-fondation-raja-daniele-marcovici\/#primaryimage\",\"inLanguage\":\"fr-FR\",\"url\":\"https:\/\/i0.wp.com\/recavaca.com\/wp-content\/uploads\/2018\/05\/Logo-Fondatio-raja.jpg?fit=709%2C295&ssl=1\",\"contentUrl\":\"https:\/\/i0.wp.com\/recavaca.com\/wp-content\/uploads\/2018\/05\/Logo-Fondatio-raja.jpg?fit=709%2C295&ssl=1\",\"width\":709,\"height\":295},{\"@type\":\"WebPage\",\"@id\":\"https:\/\/recavaca.com\/index.php\/la-fondation-raja-daniele-marcovici\/#webpage\",\"url\":\"https:\/\/recavaca.com\/index.php\/la-fondation-raja-daniele-marcovici\/\",\"name\":\"La Fondation RAJA - Dani\u00e8le Marcovici - Recavaca\",\"isPartOf\":{\"@id\":\"https:\/\/recavaca.com\/#website\"},\"primaryImageOfPage\":{\"@id\":\"https:\/\/recavaca.com\/index.php\/la-fondation-raja-daniele-marcovici\/#primaryimage\"},\"datePublished\":\"2018-05-25T14:17:27+00:00\",\"dateModified\":\"2018-06-12T13:41:29+00:00\",\"breadcrumb\":{\"@id\":\"https:\/\/recavaca.com\/index.php\/la-fondation-raja-daniele-marcovici\/#breadcrumb\"},\"inLanguage\":\"fr-FR\",\"potentialAction\":[{\"@type\":\"ReadAction\",\"target\":[\"https:\/\/recavaca.com\/index.php\/la-fondation-raja-daniele-marcovici\/\"]}]},{\"@type\":\"BreadcrumbList\",\"@id\":\"https:\/\/recavaca.com\/index.php\/la-fondation-raja-daniele-marcovici\/#breadcrumb\",\"itemListElement\":[{\"@type\":\"ListItem\",\"position\":1,\"name\":\"Accueil\",\"item\":\"https:\/\/recavaca.com\/\"},{\"@type\":\"ListItem\",\"position\":2,\"name\":\"La Fondation RAJA &#8211; Dani\u00e8le Marcovici\"}]}]}<\/script>\n<!-- \/ Yoast SEO plugin. -->","yoast_head_json":{"title":"La Fondation RAJA - Dani\u00e8le Marcovici - Recavaca","robots":{"index":"index","follow":"follow","max-snippet":"max-snippet:-1","max-image-preview":"max-image-preview:large","max-video-preview":"max-video-preview:-1"},"canonical":"https:\/\/recavaca.com\/index.php\/la-fondation-raja-daniele-marcovici\/","og_locale":"fr_FR","og_type":"article","og_title":"La Fondation RAJA - Dani\u00e8le Marcovici - Recavaca","og_description":"Le Groupe RAJA a cr\u00e9\u00e9 en 2006, \u00e0 l\u2019initiative de Dani\u00e8le Kapel-Marcovici, et sous \u00e9gide de la Fondation de France, la Fondation RAJA-Dani\u00e8le Marcovici, qui a fait de l\u2019\u00e9mancipation et de l\u2019am\u00e9lioration des conditions de vie des femmes, en France et dans le monde, sa priorit\u00e9. Pour la Fondation, les femmes sont des acteurs cl\u00e9s &hellip; Continuer la lecture de &laquo;&nbsp;La Fondation RAJA &#8211; Dani\u00e8le Marcovici&nbsp;&raquo;","og_url":"https:\/\/recavaca.com\/index.php\/la-fondation-raja-daniele-marcovici\/","og_site_name":"Recavaca","article_publisher":"https:\/\/www.facebook.com\/guadeloupeequitableetdurable\/","article_modified_time":"2018-06-12T13:41:29+00:00","og_image":[{"url":"https:\/\/recavaca.com\/wp-content\/uploads\/2018\/05\/Logo-Fondatio-raja-300x125.jpg"}],"twitter_card":"summary_large_image","twitter_misc":{"Dur\u00e9e de lecture estim\u00e9e":"2 minutes"},"schema":{"@context":"https:\/\/schema.org","@graph":[{"@type":"WebSite","@id":"https:\/\/recavaca.com\/#website","url":"https:\/\/recavaca.com\/","name":"Recavaca","description":"R\u00e9seau Carib\u00e9en pour la Valorisation du Cacao","potentialAction":[{"@type":"SearchAction","target":{"@type":"EntryPoint","urlTemplate":"https:\/\/recavaca.com\/?s={search_term_string}"},"query-input":"required name=search_term_string"}],"inLanguage":"fr-FR"},{"@type":"ImageObject","@id":"https:\/\/recavaca.com\/index.php\/la-fondation-raja-daniele-marcovici\/#primaryimage","inLanguage":"fr-FR","url":"https:\/\/i0.wp.com\/recavaca.com\/wp-content\/uploads\/2018\/05\/Logo-Fondatio-raja.jpg?fit=709%2C295&ssl=1","contentUrl":"https:\/\/i0.wp.com\/recavaca.com\/wp-content\/uploads\/2018\/05\/Logo-Fondatio-raja.jpg?fit=709%2C295&ssl=1","width":709,"height":295},{"@type":"WebPage","@id":"https:\/\/recavaca.com\/index.php\/la-fondation-raja-daniele-marcovici\/#webpage","url":"https:\/\/recavaca.com\/index.php\/la-fondation-raja-daniele-marcovici\/","name":"La Fondation RAJA - Dani\u00e8le Marcovici - Recavaca","isPartOf":{"@id":"https:\/\/recavaca.com\/#website"},"primaryImageOfPage":{"@id":"https:\/\/recavaca.com\/index.php\/la-fondation-raja-daniele-marcovici\/#primaryimage"},"datePublished":"2018-05-25T14:17:27+00:00","dateModified":"2018-06-12T13:41:29+00:00","breadcrumb":{"@id":"https:\/\/recavaca.com\/index.php\/la-fondation-raja-daniele-marcovici\/#breadcrumb"},"inLanguage":"fr-FR","potentialAction":[{"@type":"ReadAction","target":["https:\/\/recavaca.com\/index.php\/la-fondation-raja-daniele-marcovici\/"]}]},{"@type":"BreadcrumbList","@id":"https:\/\/recavaca.com\/index.php\/la-fondation-raja-daniele-marcovici\/#breadcrumb","itemListElement":[{"@type":"ListItem","position":1,"name":"Accueil","item":"https:\/\/recavaca.com\/"},{"@type":"ListItem","position":2,"name":"La Fondation RAJA &#8211; Dani\u00e8le Marcovici"}]}]}},"jetpack_sharing_enabled":true,"jetpack_shortlink":"https:\/\/wp.me\/P9QgSb-jk","jetpack-related-posts":[{"id":1189,"url":"https:\/\/recavaca.com\/index.php\/latelier-competences-internationales\/","url_meta":{"origin":1198,"position":0},"title":"L\u2019Atelier Comp\u00e9tences Internationales","date":"25 mai 2018","format":false,"excerpt":"Atelier Comp\u00e9tences Internationales (ACI) est un cabinet d\u2019\u00e9tude, d\u2019accompagnement\u00a0et de formation sp\u00e9cialis\u00e9 dans l\u2019\u00e9mergence et le renforcement de capacit\u00e9s des entrepreneurs et organisations qui mettent le d\u00e9veloppement humain au centre de leurs pr\u00e9occupations. ACI est n\u00e9e du partage d\u2019exp\u00e9riences et d\u2019expertises de ses fondatrices et sur le choix de soutenir\u2026","rel":"","context":"Article similaire","img":{"alt_text":"","src":"","width":0,"height":0},"classes":[]},{"id":642,"url":"https:\/\/recavaca.com\/index.php\/lancement-du-projet\/","url_meta":{"origin":1198,"position":1},"title":"Lancement du Projet","date":"17 avril 2018","format":false,"excerpt":"Lancement du projet de R\u00e9seau Carib\u00e9en pour la Valorisation du Cacao Le projet de R\u00e9seau Carib\u00e9en de valorisation du cacao (RECAVACA), projet cofinanc\u00e9 par le programme INTERREG Cara\u00efbes au titre du Fonds Europ\u00e9en de D\u00e9veloppement R\u00e9gional, a \u00e9t\u00e9 lanc\u00e9 le mardi 24 octobre 2017, au si\u00e8ge du CIRAD (NeufChateau, Capesterre-Belle-Eau)\u2026","rel":"","context":"Article similaire","img":{"alt_text":"","src":"https:\/\/i0.wp.com\/recavaca.com\/wp-content\/uploads\/2018\/04\/lancement.jpg?resize=350%2C200&ssl=1","width":350,"height":200},"classes":[]},{"id":5,"url":"https:\/\/recavaca.com\/index.php\/recavaca\/","url_meta":{"origin":1198,"position":2},"title":"Pr\u00e9sentation","date":"1 avril 2018","format":false,"excerpt":"Recavaca : un projet de coop\u00e9ration pour la valorisation du cacao Le projet Recavaca (R\u00e9seau Carib\u00e9en pour la valorisation du cacao), vise le renforcement de la diversification \u00e9conomique des territoires d\u2019Ha\u00efti et de la Guadeloupe, et plus largement de la r\u00e9gion Cara\u00efbe, par le transfert des connaissances et la commercialisation\u2026","rel":"","context":"Article similaire","img":{"alt_text":"","src":"https:\/\/i0.wp.com\/recavaca.com\/wp-content\/uploads\/2019\/04\/interreg_CARAIBES_FR_RGB-Copie.jpg?fit=1200%2C601&ssl=1&resize=350%2C200","width":350,"height":200},"classes":[]},{"id":33,"url":"https:\/\/recavaca.com\/index.php\/le-commerce-equitable\/","url_meta":{"origin":1198,"position":3},"title":"Le Commerce Equitable","date":"1 avril 2018","format":false,"excerpt":"Depuis quand ? O\u00f9 ? Dans quel but ? \u00a0 \u00a0 \u00a0 \u00a0Les premiers projets de commerce \u00e9quitable se d\u00e9veloppent dans les ann\u00e9es 40, aux Etats-Unis, puis, quelques ann\u00e9es plus tard en Europe, dans un souci de contribuer au bien-\u00eatre et au d\u00e9veloppement des pays les plus pauvres. Mais ce\u2026","rel":"","context":"Article similaire","img":{"alt_text":"","src":"https:\/\/i0.wp.com\/recavaca.com\/wp-content\/uploads\/2018\/04\/22326449230_6cf30a4fc6_o.jpg?resize=350%2C200","width":350,"height":200},"classes":[]},{"id":37,"url":"https:\/\/recavaca.com\/index.php\/qui-sommes-nous\/","url_meta":{"origin":1198,"position":4},"title":"Qui sommes nous ?","date":"1 avril 2018","format":false,"excerpt":"AGED- Association Guadeloupe Equitable et Durable Fond\u00e9e en Mars 2011 dans un souci de participation \u00e0 la conception d\u2019un monde \u00e9conomique, social et environnemental plus juste, notre association cherche \u00e0 promouvoir le D\u00e9veloppement Durable et le Commerce \u00c9quitable au sein de la R\u00e9gion Cara\u00efbe et notamment en Guadeloupe. Pourquoi ?\u2026","rel":"","context":"Article similaire","img":{"alt_text":"","src":"https:\/\/i0.wp.com\/recavaca.com\/wp-content\/uploads\/2018\/04\/P_20180115_125902.jpg?fit=1200%2C675&ssl=1&resize=350%2C200","width":350,"height":200},"classes":[]},{"id":1207,"url":"https:\/\/recavaca.com\/index.php\/le-programme-operationnel-interreg-caraibes-2014-2020\/","url_meta":{"origin":1198,"position":5},"title":"Le Programme INTERREG Cara\u00efbes","date":"25 mai 2018","format":false,"excerpt":"Le Programme Op\u00e9rationnel INTERREG Cara\u00efbes 2014-2020 s\u2019inscrit dans le cadre de la coop\u00e9ration territoriale europ\u00e9enne 2014-2020, et \u00e0 ce titre contribue \u00e0 la mise en \u0153uvre de la strat\u00e9gie Europe 2020 qui a pour ambition de promouvoir un d\u00e9veloppement harmonieux de l\u2019espace Cara\u00efbe en faveur d\u2019une croissance intelligente, durable et\u2026","rel":"","context":"Article similaire","img":{"alt_text":"","src":"https:\/\/i0.wp.com\/recavaca.com\/wp-content\/uploads\/2018\/04\/AMI-Interreg-Caraibes.jpg?resize=350%2C200","width":350,"height":200},"classes":[]}],"_links":{"self":[{"href":"https:\/\/recavaca.com\/index.php\/wp-json\/wp\/v2\/pages\/1198"}],"collection":[{"href":"https:\/\/recavaca.com\/index.php\/wp-json\/wp\/v2\/pages"}],"about":[{"href":"https:\/\/recavaca.com\/index.php\/wp-json\/wp\/v2\/types\/page"}],"author":[{"embeddable":true,"href":"https:\/\/recavaca.com\/index.php\/wp-json\/wp\/v2\/users\/3"}],"replies":[{"embeddable":true,"href":"https:\/\/recavaca.com\/index.php\/wp-json\/wp\/v2\/comments?post=1198"}],"version-history":[{"count":4,"href":"https:\/\/recavaca.com\/index.php\/wp-json\/wp\/v2\/pages\/1198\/revisions"}],"predecessor-version":[{"id":1378,"href":"https:\/\/recavaca.com\/index.php\/wp-json\/wp\/v2\/pages\/1198\/revisions\/1378"}],"wp:attachment":[{"href":"https:\/\/recavaca.com\/index.php\/wp-json\/wp\/v2\/media?parent=1198"}],"curies":[{"name":"wp","href":"https:\/\/api.w.org\/{rel}","templated":true}]}}