{"id":1194,"date":"2018-05-25T16:10:55","date_gmt":"2018-05-25T14:10:55","guid":{"rendered":"https:\/\/recavaca.com\/?page_id=1194"},"modified":"2018-05-25T16:35:26","modified_gmt":"2018-05-25T14:35:26","slug":"linstitut-universitaire-de-technologie-de-guadeloupe","status":"publish","type":"page","link":"https:\/\/recavaca.com\/index.php\/linstitut-universitaire-de-technologie-de-guadeloupe\/","title":{"rendered":"L\u2019IUT de Guadeloupe"},"content":{"rendered":"<p style=\"text-align: justify;\"><a href=\"http:\/\/formation.univ-antilles.fr\/composante\/94\"><img data-attachment-id=\"426\" data-permalink=\"https:\/\/recavaca.com\/?attachment_id=426\" data-orig-file=\"https:\/\/i0.wp.com\/recavaca.com\/wp-content\/uploads\/2018\/04\/IUT-1.jpg?fit=1435%2C800&amp;ssl=1\" data-orig-size=\"1435,800\" data-comments-opened=\"0\" data-image-meta=\"{&quot;aperture&quot;:&quot;0&quot;,&quot;credit&quot;:&quot;&quot;,&quot;camera&quot;:&quot;&quot;,&quot;caption&quot;:&quot;&quot;,&quot;created_timestamp&quot;:&quot;0&quot;,&quot;copyright&quot;:&quot;&quot;,&quot;focal_length&quot;:&quot;0&quot;,&quot;iso&quot;:&quot;0&quot;,&quot;shutter_speed&quot;:&quot;0&quot;,&quot;title&quot;:&quot;&quot;,&quot;orientation&quot;:&quot;0&quot;}\" data-image-title=\"IUT\" data-image-description=\"\" data-image-caption=\"\" data-medium-file=\"https:\/\/i0.wp.com\/recavaca.com\/wp-content\/uploads\/2018\/04\/IUT-1.jpg?fit=300%2C167&amp;ssl=1\" data-large-file=\"https:\/\/i0.wp.com\/recavaca.com\/wp-content\/uploads\/2018\/04\/IUT-1.jpg?fit=525%2C293&amp;ssl=1\" loading=\"lazy\" class=\"alignright wp-image-426 size-medium\" src=\"https:\/\/i0.wp.com\/recavaca.com\/wp-content\/uploads\/2018\/04\/IUT-1.jpg?resize=300%2C167&#038;ssl=1\" alt=\"\" width=\"300\" height=\"167\" srcset=\"https:\/\/i0.wp.com\/recavaca.com\/wp-content\/uploads\/2018\/04\/IUT-1.jpg?resize=300%2C167&amp;ssl=1 300w, https:\/\/i0.wp.com\/recavaca.com\/wp-content\/uploads\/2018\/04\/IUT-1.jpg?resize=768%2C428&amp;ssl=1 768w, https:\/\/i0.wp.com\/recavaca.com\/wp-content\/uploads\/2018\/04\/IUT-1.jpg?resize=1024%2C571&amp;ssl=1 1024w, https:\/\/i0.wp.com\/recavaca.com\/wp-content\/uploads\/2018\/04\/IUT-1.jpg?w=1435&amp;ssl=1 1435w\" sizes=\"(max-width: 300px) 100vw, 300px\" data-recalc-dims=\"1\" \/><\/a>L\u2019Institut Universitaire et Technologique (IUT) de la Guadeloupe est situ\u00e9 sur le campus du Camp Jacob de Saint-Claude.<\/p>\n<p style=\"text-align: justify;\">L\u2019IUT propose de pr\u00e9parer un Dipl\u00f4me Universitaire et Technologique (DUT) dans les domaines suivants&nbsp;: &nbsp;G\u00e9nie Biologique, Gestion des Entreprises et des Administrations, M\u00e9tiers des Multim\u00e9dias et le l\u2019Internet, Carri\u00e8res sociales&nbsp;; on peut aussi y pr\u00e9parer une Licence Professionnelle Agronomie, D\u00e9veloppement Rural et Entreprenariat en milieu Tropical&nbsp;ainsi qu\u2019une Licence Professionnelle Marketing, Communication, Vente.<\/p>\n<p style=\"text-align: justify;\">Dans le cadre du projet RECAVACA, une action a \u00e9t\u00e9 men\u00e9e avec un groupe d\u2019\u00e9tudiants de la fili\u00e8re G\u00e9nie Biologique option Industries Agroalimentaires et Biologiques. Cette action a consist\u00e9 \u00e0 formuler des pistes de valorisation du cacao sous forme de produits finis. Trois id\u00e9es de projet ont \u00e9t\u00e9 \u00e9mis par le groupe d\u2019\u00e9tudiants&nbsp;: des f\u00e8ves de cacao enrob\u00e9es d\u2019une fine couche de sirop \u00e0 base de produits divers (merise, groseille, caramel, coco r\u00e2p\u00e9, gingembre)&nbsp;; des Cacoballs (p\u00e2te de cacao m\u00e9lang\u00e9e \u00e0 d\u2019autres ingr\u00e9dients afin de former une boule m\u00e9lang\u00e9e \u00e0 divers produits (coco r\u00e2p\u00e9, farine de manioc, cacahu\u00e8tes \u2026)&nbsp;; une infusion cacao\/gingembre r\u00e9alis\u00e9e \u00e0 base de membrane de f\u00e8ve torr\u00e9fi\u00e9e et accompagn\u00e9e de gingembre s\u00e9ch\u00e9.<\/p>\n<p style=\"text-align: justify;\">Pour accentuer la formation technique des \u00e9tudiants, un stage de dix semaines minimum est \u00e0 r\u00e9aliser au cours du quatri\u00e8me semestre. Dans ce cadre, nous avons re\u00e7u une stagiaire issue du groupe d\u2019\u00e9tudiants travaillant sur le projet d\u2019agro-transformation. Il s\u2019agit pour l\u2019\u00e9tudiant de faire une \u00e9tude de faisabilit\u00e9 pour la mise en place d&rsquo;une micro chocolaterie pour le compte d\u2019un chocolatier. Cette micro-chocolaterie sera associ\u00e9e \u00e0 une cha\u00eene de production de farine de manioc d\u00e9j\u00e0 sur le march\u00e9 mais sera aussi coupl\u00e9e \u00e0 la r\u00e9alisation d\u2019autres produits.<\/p>\n","protected":false},"excerpt":{"rendered":"<p>L\u2019Institut Universitaire et Technologique (IUT) de la Guadeloupe est situ\u00e9 sur le campus du Camp Jacob de Saint-Claude. L\u2019IUT propose de pr\u00e9parer un Dipl\u00f4me Universitaire et Technologique (DUT) dans les domaines suivants&nbsp;: &nbsp;G\u00e9nie Biologique, Gestion des Entreprises et des Administrations, M\u00e9tiers des Multim\u00e9dias et le l\u2019Internet, Carri\u00e8res sociales&nbsp;; on peut aussi y pr\u00e9parer une Licence &hellip; <\/p>\n<p class=\"link-more\"><a href=\"https:\/\/recavaca.com\/index.php\/linstitut-universitaire-de-technologie-de-guadeloupe\/\" class=\"more-link\">Continuer la lecture<span class=\"screen-reader-text\"> de &laquo;&nbsp;L\u2019IUT de Guadeloupe&nbsp;&raquo;<\/span><\/a><\/p>\n","protected":false},"author":3,"featured_media":0,"parent":0,"menu_order":0,"comment_status":"closed","ping_status":"closed","template":"","meta":{"spay_email":""},"yoast_head":"<!-- This site is optimized with the Yoast SEO plugin v18.1 - https:\/\/yoast.com\/wordpress\/plugins\/seo\/ -->\n<title>L\u2019IUT de Guadeloupe - Recavaca<\/title>\n<meta name=\"robots\" content=\"index, follow, max-snippet:-1, max-image-preview:large, max-video-preview:-1\" \/>\n<link rel=\"canonical\" href=\"https:\/\/recavaca.com\/index.php\/linstitut-universitaire-de-technologie-de-guadeloupe\/\" \/>\n<meta property=\"og:locale\" content=\"fr_FR\" \/>\n<meta property=\"og:type\" content=\"article\" \/>\n<meta property=\"og:title\" content=\"L\u2019IUT de Guadeloupe - Recavaca\" \/>\n<meta property=\"og:description\" content=\"L\u2019Institut Universitaire et Technologique (IUT) de la Guadeloupe est situ\u00e9 sur le campus du Camp Jacob de Saint-Claude. L\u2019IUT propose de pr\u00e9parer un Dipl\u00f4me Universitaire et Technologique (DUT) dans les domaines suivants&nbsp;: &nbsp;G\u00e9nie Biologique, Gestion des Entreprises et des Administrations, M\u00e9tiers des Multim\u00e9dias et le l\u2019Internet, Carri\u00e8res sociales&nbsp;; on peut aussi y pr\u00e9parer une Licence &hellip; Continuer la lecture de &laquo;&nbsp;L\u2019IUT de Guadeloupe&nbsp;&raquo;\" \/>\n<meta property=\"og:url\" content=\"https:\/\/recavaca.com\/index.php\/linstitut-universitaire-de-technologie-de-guadeloupe\/\" \/>\n<meta property=\"og:site_name\" content=\"Recavaca\" \/>\n<meta property=\"article:publisher\" content=\"https:\/\/www.facebook.com\/guadeloupeequitableetdurable\/\" \/>\n<meta property=\"article:modified_time\" content=\"2018-05-25T14:35:26+00:00\" \/>\n<meta property=\"og:image\" content=\"https:\/\/recavaca.com\/wp-content\/uploads\/2018\/04\/IUT-1-300x167.jpg\" \/>\n<meta name=\"twitter:card\" content=\"summary_large_image\" \/>\n<meta name=\"twitter:label1\" content=\"Dur\u00e9e de lecture estim\u00e9e\" \/>\n\t<meta name=\"twitter:data1\" content=\"2 minutes\" \/>\n<script type=\"application\/ld+json\" class=\"yoast-schema-graph\">{\"@context\":\"https:\/\/schema.org\",\"@graph\":[{\"@type\":\"WebSite\",\"@id\":\"https:\/\/recavaca.com\/#website\",\"url\":\"https:\/\/recavaca.com\/\",\"name\":\"Recavaca\",\"description\":\"R\u00e9seau Carib\u00e9en pour la Valorisation du Cacao\",\"potentialAction\":[{\"@type\":\"SearchAction\",\"target\":{\"@type\":\"EntryPoint\",\"urlTemplate\":\"https:\/\/recavaca.com\/?s={search_term_string}\"},\"query-input\":\"required name=search_term_string\"}],\"inLanguage\":\"fr-FR\"},{\"@type\":\"ImageObject\",\"@id\":\"https:\/\/recavaca.com\/index.php\/linstitut-universitaire-de-technologie-de-guadeloupe\/#primaryimage\",\"inLanguage\":\"fr-FR\",\"url\":\"https:\/\/i0.wp.com\/recavaca.com\/wp-content\/uploads\/2018\/04\/IUT-1.jpg?fit=1435%2C800&ssl=1\",\"contentUrl\":\"https:\/\/i0.wp.com\/recavaca.com\/wp-content\/uploads\/2018\/04\/IUT-1.jpg?fit=1435%2C800&ssl=1\",\"width\":1435,\"height\":800},{\"@type\":\"WebPage\",\"@id\":\"https:\/\/recavaca.com\/index.php\/linstitut-universitaire-de-technologie-de-guadeloupe\/#webpage\",\"url\":\"https:\/\/recavaca.com\/index.php\/linstitut-universitaire-de-technologie-de-guadeloupe\/\",\"name\":\"L\u2019IUT de Guadeloupe - Recavaca\",\"isPartOf\":{\"@id\":\"https:\/\/recavaca.com\/#website\"},\"primaryImageOfPage\":{\"@id\":\"https:\/\/recavaca.com\/index.php\/linstitut-universitaire-de-technologie-de-guadeloupe\/#primaryimage\"},\"datePublished\":\"2018-05-25T14:10:55+00:00\",\"dateModified\":\"2018-05-25T14:35:26+00:00\",\"breadcrumb\":{\"@id\":\"https:\/\/recavaca.com\/index.php\/linstitut-universitaire-de-technologie-de-guadeloupe\/#breadcrumb\"},\"inLanguage\":\"fr-FR\",\"potentialAction\":[{\"@type\":\"ReadAction\",\"target\":[\"https:\/\/recavaca.com\/index.php\/linstitut-universitaire-de-technologie-de-guadeloupe\/\"]}]},{\"@type\":\"BreadcrumbList\",\"@id\":\"https:\/\/recavaca.com\/index.php\/linstitut-universitaire-de-technologie-de-guadeloupe\/#breadcrumb\",\"itemListElement\":[{\"@type\":\"ListItem\",\"position\":1,\"name\":\"Accueil\",\"item\":\"https:\/\/recavaca.com\/\"},{\"@type\":\"ListItem\",\"position\":2,\"name\":\"L\u2019IUT de Guadeloupe\"}]}]}<\/script>\n<!-- \/ Yoast SEO plugin. -->","yoast_head_json":{"title":"L\u2019IUT de Guadeloupe - Recavaca","robots":{"index":"index","follow":"follow","max-snippet":"max-snippet:-1","max-image-preview":"max-image-preview:large","max-video-preview":"max-video-preview:-1"},"canonical":"https:\/\/recavaca.com\/index.php\/linstitut-universitaire-de-technologie-de-guadeloupe\/","og_locale":"fr_FR","og_type":"article","og_title":"L\u2019IUT de Guadeloupe - Recavaca","og_description":"L\u2019Institut Universitaire et Technologique (IUT) de la Guadeloupe est situ\u00e9 sur le campus du Camp Jacob de Saint-Claude. L\u2019IUT propose de pr\u00e9parer un Dipl\u00f4me Universitaire et Technologique (DUT) dans les domaines suivants&nbsp;: &nbsp;G\u00e9nie Biologique, Gestion des Entreprises et des Administrations, M\u00e9tiers des Multim\u00e9dias et le l\u2019Internet, Carri\u00e8res sociales&nbsp;; on peut aussi y pr\u00e9parer une Licence &hellip; Continuer la lecture de &laquo;&nbsp;L\u2019IUT de Guadeloupe&nbsp;&raquo;","og_url":"https:\/\/recavaca.com\/index.php\/linstitut-universitaire-de-technologie-de-guadeloupe\/","og_site_name":"Recavaca","article_publisher":"https:\/\/www.facebook.com\/guadeloupeequitableetdurable\/","article_modified_time":"2018-05-25T14:35:26+00:00","og_image":[{"url":"https:\/\/recavaca.com\/wp-content\/uploads\/2018\/04\/IUT-1-300x167.jpg"}],"twitter_card":"summary_large_image","twitter_misc":{"Dur\u00e9e de lecture estim\u00e9e":"2 minutes"},"schema":{"@context":"https:\/\/schema.org","@graph":[{"@type":"WebSite","@id":"https:\/\/recavaca.com\/#website","url":"https:\/\/recavaca.com\/","name":"Recavaca","description":"R\u00e9seau Carib\u00e9en pour la Valorisation du Cacao","potentialAction":[{"@type":"SearchAction","target":{"@type":"EntryPoint","urlTemplate":"https:\/\/recavaca.com\/?s={search_term_string}"},"query-input":"required name=search_term_string"}],"inLanguage":"fr-FR"},{"@type":"ImageObject","@id":"https:\/\/recavaca.com\/index.php\/linstitut-universitaire-de-technologie-de-guadeloupe\/#primaryimage","inLanguage":"fr-FR","url":"https:\/\/i0.wp.com\/recavaca.com\/wp-content\/uploads\/2018\/04\/IUT-1.jpg?fit=1435%2C800&ssl=1","contentUrl":"https:\/\/i0.wp.com\/recavaca.com\/wp-content\/uploads\/2018\/04\/IUT-1.jpg?fit=1435%2C800&ssl=1","width":1435,"height":800},{"@type":"WebPage","@id":"https:\/\/recavaca.com\/index.php\/linstitut-universitaire-de-technologie-de-guadeloupe\/#webpage","url":"https:\/\/recavaca.com\/index.php\/linstitut-universitaire-de-technologie-de-guadeloupe\/","name":"L\u2019IUT de Guadeloupe - Recavaca","isPartOf":{"@id":"https:\/\/recavaca.com\/#website"},"primaryImageOfPage":{"@id":"https:\/\/recavaca.com\/index.php\/linstitut-universitaire-de-technologie-de-guadeloupe\/#primaryimage"},"datePublished":"2018-05-25T14:10:55+00:00","dateModified":"2018-05-25T14:35:26+00:00","breadcrumb":{"@id":"https:\/\/recavaca.com\/index.php\/linstitut-universitaire-de-technologie-de-guadeloupe\/#breadcrumb"},"inLanguage":"fr-FR","potentialAction":[{"@type":"ReadAction","target":["https:\/\/recavaca.com\/index.php\/linstitut-universitaire-de-technologie-de-guadeloupe\/"]}]},{"@type":"BreadcrumbList","@id":"https:\/\/recavaca.com\/index.php\/linstitut-universitaire-de-technologie-de-guadeloupe\/#breadcrumb","itemListElement":[{"@type":"ListItem","position":1,"name":"Accueil","item":"https:\/\/recavaca.com\/"},{"@type":"ListItem","position":2,"name":"L\u2019IUT de Guadeloupe"}]}]}},"jetpack_sharing_enabled":true,"jetpack_shortlink":"https:\/\/wp.me\/P9QgSb-jg","jetpack-related-posts":[{"id":1164,"url":"https:\/\/recavaca.com\/index.php\/lassofwi\/","url_meta":{"origin":1194,"position":0},"title":"L&rsquo;Assofwi","date":"25 mai 2018","format":false,"excerpt":"L'Assofwi est une association loi 1901\u00a0 situ\u00e9e sur la c\u00f4te sous le vent de la Guadeloupe \u00e0 Vieux Habitants. Cr\u00e9\u00e9e en 2003, elle compte en 2018 50 producteurs adh\u00e9rents r\u00e9partis sur toute la Guadeloupe repr\u00e9sentant une surface d'environ 250 ha plant\u00e9 en diversification v\u00e9g\u00e9tale, principalement arboriculture et mara\u00eechage. Elle est\u2026","rel":"","context":"Article similaire","img":{"alt_text":"","src":"","width":0,"height":0},"classes":[]},{"id":1192,"url":"https:\/\/recavaca.com\/index.php\/la-mission-jeunes-experts-aequum\/","url_meta":{"origin":1194,"position":1},"title":"La MJE \u2013 AEQUUM","date":"25 mai 2018","format":false,"excerpt":"L\u2019\u00e9quipe Aequum est compos\u00e9e d\u2019\u00e9tudiants issus d\u2019une \u00e9cole d\u2019ing\u00e9nieur en agronomie et d\u00e9veloppement international (ISTOM), et a pour vocation de s\u2019int\u00e9resser aux th\u00e9matiques du commerce \u00e9quitable et solidaire dans les pays en d\u00e9veloppement. Elle est plac\u00e9e sous l\u2019\u00e9gide de l\u2019association Expert\u2019Co, qui r\u00e9alise depuis 2011 des projets de d\u00e9veloppement, dans\u2026","rel":"","context":"Article similaire","img":{"alt_text":"","src":"","width":0,"height":0},"classes":[]},{"id":37,"url":"https:\/\/recavaca.com\/index.php\/qui-sommes-nous\/","url_meta":{"origin":1194,"position":2},"title":"Qui sommes nous ?","date":"1 avril 2018","format":false,"excerpt":"AGED- Association Guadeloupe Equitable et Durable Fond\u00e9e en Mars 2011 dans un souci de participation \u00e0 la conception d\u2019un monde \u00e9conomique, social et environnemental plus juste, notre association cherche \u00e0 promouvoir le D\u00e9veloppement Durable et le Commerce \u00c9quitable au sein de la R\u00e9gion Cara\u00efbe et notamment en Guadeloupe. Pourquoi ?\u2026","rel":"","context":"Article similaire","img":{"alt_text":"","src":"https:\/\/i0.wp.com\/recavaca.com\/wp-content\/uploads\/2018\/04\/P_20180115_125902.jpg?fit=1200%2C675&ssl=1&resize=350%2C200","width":350,"height":200},"classes":[]},{"id":5,"url":"https:\/\/recavaca.com\/index.php\/recavaca\/","url_meta":{"origin":1194,"position":3},"title":"Pr\u00e9sentation","date":"1 avril 2018","format":false,"excerpt":"Recavaca : un projet de coop\u00e9ration pour la valorisation du cacao Le projet Recavaca (R\u00e9seau Carib\u00e9en pour la valorisation du cacao), vise le renforcement de la diversification \u00e9conomique des territoires d\u2019Ha\u00efti et de la Guadeloupe, et plus largement de la r\u00e9gion Cara\u00efbe, par le transfert des connaissances et la commercialisation\u2026","rel":"","context":"Article similaire","img":{"alt_text":"","src":"https:\/\/i0.wp.com\/recavaca.com\/wp-content\/uploads\/2019\/04\/interreg_CARAIBES_FR_RGB-Copie.jpg?fit=1200%2C601&ssl=1&resize=350%2C200","width":350,"height":200},"classes":[]},{"id":1165,"url":"https:\/\/recavaca.com\/index.php\/le-syndicat-agricole-des-planteurs-de-cafe-et-de-cacao-de-guadeloupe\/","url_meta":{"origin":1194,"position":4},"title":"La SAPCAV","date":"25 mai 2018","format":false,"excerpt":"Le Syndicat Agricole des planteurs de caf\u00e9, cacao et vanille de Guadeloupe (ou SAPCAV, anciennement SAPCAF), est une Association syndicale professionnelle de loi 1884. Le syndicat a choisi d'adopter une d\u00e9marche durable pour ses adh\u00e9rents. Il a \u00e9t\u00e9 cr\u00e9\u00e9 en mai 2017 et compte \u00e0 ce jour 25 adh\u00e9rents repr\u00e9sentant\u2026","rel":"","context":"Article similaire","img":{"alt_text":"","src":"","width":0,"height":0},"classes":[]},{"id":1185,"url":"https:\/\/recavaca.com\/index.php\/la-region-guadeloupe\/","url_meta":{"origin":1194,"position":5},"title":"La R\u00e9gion Guadeloupe","date":"25 mai 2018","format":false,"excerpt":"La r\u00e9gion Guadeloupe est l\u2019autorit\u00e9 de gestion des fonds europ\u00e9ens dont la Guadeloupe b\u00e9n\u00e9ficie pour son d\u00e9veloppement \u00e9conomique, social et culturel. Ces fonds structurels (Fonds europ\u00e9en de d\u00e9veloppement r\u00e9gional (FEDER),\u00a0Fonds social europ\u00e9en (FSE),\u00a0Fonds Europ\u00e9en Agricole pour le D\u00e9veloppement Rural (FEADER), Fonds europ\u00e9en pour les affaires maritimes et la p\u00eache\u00a0(FEAMP\u00a0) sont\u2026","rel":"","context":"Article similaire","img":{"alt_text":"","src":"","width":0,"height":0},"classes":[]}],"_links":{"self":[{"href":"https:\/\/recavaca.com\/index.php\/wp-json\/wp\/v2\/pages\/1194"}],"collection":[{"href":"https:\/\/recavaca.com\/index.php\/wp-json\/wp\/v2\/pages"}],"about":[{"href":"https:\/\/recavaca.com\/index.php\/wp-json\/wp\/v2\/types\/page"}],"author":[{"embeddable":true,"href":"https:\/\/recavaca.com\/index.php\/wp-json\/wp\/v2\/users\/3"}],"replies":[{"embeddable":true,"href":"https:\/\/recavaca.com\/index.php\/wp-json\/wp\/v2\/comments?post=1194"}],"version-history":[{"count":3,"href":"https:\/\/recavaca.com\/index.php\/wp-json\/wp\/v2\/pages\/1194\/revisions"}],"predecessor-version":[{"id":1376,"href":"https:\/\/recavaca.com\/index.php\/wp-json\/wp\/v2\/pages\/1194\/revisions\/1376"}],"wp:attachment":[{"href":"https:\/\/recavaca.com\/index.php\/wp-json\/wp\/v2\/media?parent=1194"}],"curies":[{"name":"wp","href":"https:\/\/api.w.org\/{rel}","templated":true}]}}