{"id":1192,"date":"2018-05-25T16:09:50","date_gmt":"2018-05-25T14:09:50","guid":{"rendered":"https:\/\/recavaca.com\/?page_id=1192"},"modified":"2018-06-11T21:13:55","modified_gmt":"2018-06-11T19:13:55","slug":"la-mission-jeunes-experts-aequum","status":"publish","type":"page","link":"https:\/\/recavaca.com\/index.php\/la-mission-jeunes-experts-aequum\/","title":{"rendered":"La MJE \u2013 AEQUUM"},"content":{"rendered":"<p style=\"text-align: justify;\"><a href=\"https:\/\/mjeaequum.wixsite.com\/aequum2018\"><img data-attachment-id=\"502\" data-permalink=\"https:\/\/recavaca.com\/?attachment_id=502\" data-orig-file=\"https:\/\/i0.wp.com\/recavaca.com\/wp-content\/uploads\/2018\/04\/MJE.png?fit=800%2C800&amp;ssl=1\" data-orig-size=\"800,800\" data-comments-opened=\"0\" data-image-meta=\"{&quot;aperture&quot;:&quot;0&quot;,&quot;credit&quot;:&quot;&quot;,&quot;camera&quot;:&quot;&quot;,&quot;caption&quot;:&quot;&quot;,&quot;created_timestamp&quot;:&quot;0&quot;,&quot;copyright&quot;:&quot;&quot;,&quot;focal_length&quot;:&quot;0&quot;,&quot;iso&quot;:&quot;0&quot;,&quot;shutter_speed&quot;:&quot;0&quot;,&quot;title&quot;:&quot;&quot;,&quot;orientation&quot;:&quot;0&quot;}\" data-image-title=\"MJE\" data-image-description=\"\" data-image-caption=\"\" data-medium-file=\"https:\/\/i0.wp.com\/recavaca.com\/wp-content\/uploads\/2018\/04\/MJE.png?fit=300%2C300&amp;ssl=1\" data-large-file=\"https:\/\/i0.wp.com\/recavaca.com\/wp-content\/uploads\/2018\/04\/MJE.png?fit=525%2C525&amp;ssl=1\" loading=\"lazy\" class=\"alignleft wp-image-502 size-thumbnail\" src=\"https:\/\/i0.wp.com\/recavaca.com\/wp-content\/uploads\/2018\/04\/MJE.png?resize=150%2C150&#038;ssl=1\" alt=\"\" width=\"150\" height=\"150\" srcset=\"https:\/\/i0.wp.com\/recavaca.com\/wp-content\/uploads\/2018\/04\/MJE.png?resize=150%2C150&amp;ssl=1 150w, https:\/\/i0.wp.com\/recavaca.com\/wp-content\/uploads\/2018\/04\/MJE.png?resize=300%2C300&amp;ssl=1 300w, https:\/\/i0.wp.com\/recavaca.com\/wp-content\/uploads\/2018\/04\/MJE.png?resize=768%2C768&amp;ssl=1 768w, https:\/\/i0.wp.com\/recavaca.com\/wp-content\/uploads\/2018\/04\/MJE.png?resize=100%2C100&amp;ssl=1 100w, https:\/\/i0.wp.com\/recavaca.com\/wp-content\/uploads\/2018\/04\/MJE.png?w=800&amp;ssl=1 800w\" sizes=\"(max-width: 150px) 100vw, 150px\" data-recalc-dims=\"1\" \/><\/a>L\u2019\u00e9quipe Aequum est compos\u00e9e d\u2019\u00e9tudiants issus d\u2019une \u00e9cole d\u2019ing\u00e9nieur en agronomie et d\u00e9veloppement international (ISTOM), et a pour vocation de s\u2019int\u00e9resser aux th\u00e9matiques du commerce \u00e9quitable et solidaire dans les pays en d\u00e9veloppement. Elle est plac\u00e9e sous l\u2019\u00e9gide de l\u2019association Expert\u2019Co, qui r\u00e9alise depuis 2011 des projets de d\u00e9veloppement, dans les domaines de l\u2019agriculture tropicale, dans le cadre d\u2019une Mission Jeune Expert.<\/p>\n<p style=\"text-align: justify;\">Les membres de l\u2019association ont plusieurs exp\u00e9riences de projets en pays tropicaux et\/ou de projets li\u00e9s \u00e0 la culture du cacao&nbsp;: standardisation de la qualit\u00e9 des f\u00e8ves de cacao, au P\u00e9rou&nbsp;: \u00e9tude socio-\u00e9conomique pour l\u2019am\u00e9lioration de la gestion interne d\u2019une entreprise de production de cacao, en Equateur.<\/p>\n<p style=\"text-align: justify;\">Ces diff\u00e9rentes exp\u00e9riences permettent \u00e0 l\u2019\u00e9quipe d\u2019appr\u00e9hender les probl\u00e9matiques de contextes locaux parfois compliqu\u00e9s, de comprendre les enjeux auxquels sont confront\u00e9s les petits producteurs des pays du sud et ont renforc\u00e9 l\u2019adaptabilit\u00e9 des membres de l\u2019\u00e9quipe AEQUUM.<\/p>\n<p style=\"text-align: justify;\">Les activit\u00e9s de la MJE dans le cadre du projet RECAVACA s\u2019articulent autour de 3 volets. Les 2 premiers se d\u00e9roulent en Ha\u00efti et le dernier en Guadeloupe&nbsp;:<\/p>\n<h1 style=\"text-align: justify;\">En Ha\u00efti (r\u00e9gion Grand\u2019Anse, J\u00e9r\u00e9mie, Abricot, Anse d\u2019Hinault)&nbsp;:<\/h1>\n<ul class=\"ili-indent\">\n<li style=\"text-align: justify;\"><strong>Appui \u00e0 l&rsquo;obtention des certifications biologiques et \u00e9quitables :&nbsp;<\/strong>Assistance&nbsp;technique par une \u00e9tude de faisabilit\u00e9 pour la mise en place d\u2019une certification biologique sur les coop\u00e9ratives de la r\u00e9gion de la Grand\u2019Anse (1200 planteurs).&nbsp;L\u2019accompagnement \u00e0 l\u2019obtention d\u2019une certification \u00e9quitable se fera par un diagnostic du fonctionnement des coop\u00e9ratives et des propositions de protocole \u00e0 appliquer pour l\u2019acquisition du label \u00e9quitable \u201cSymbole des producteurs paysans\u201d (SPP). Cette labellisation permettra de mettre en \u0153uvre des nouvelles directives afin d\u2019appr\u00e9hender et d\u2019enrayer le travail des enfants au sein des cultures.&nbsp;<\/li>\n<\/ul>\n<ul class=\"ili-indent\">\n<li style=\"text-align: justify;\"><strong>Appui \u00e0 l&rsquo;organisation interne des coop\u00e9ratives :&nbsp;<\/strong>L&rsquo;objectif de cet axe est de&nbsp;renforcer les capacit\u00e9s organisationnelles et en mati\u00e8re de gouvernance locale. Cela passera par une sensibilisation des&nbsp;producteurs \u00e0 la prise de donn\u00e9es, la capitalisation de ces derni\u00e8res ainsi que de valoriser la gestion interne des coop\u00e9ratives.&nbsp;<\/li>\n<\/ul>\n<h1 style=\"text-align: justify;\">En Guadeloupe (r\u00e9gion de la Basse-Terre) :<\/h1>\n<p style=\"text-align: justify;\">Appui \u00e0 la reconnaissance d\u2019un cacao de qualit\u00e9 : Etude de faisabilit\u00e9 pour la mise en place d\u2019un label qualit\u00e9 de type \u201cpaysans d\u2019ici\u201d, \u00e9labor\u00e9 avec les producteurs locaux. Ce volet int\u00e8gre l\u2019identification de nouveaux acteurs de la fili\u00e8re en Guadeloupe et une proposition de strat\u00e9gie de commercialisation valorisant ce cacao. Ce travail implique la prise en compte des valeurs \u00e9cologiques et de l&rsquo;Economie Sociale et Solidaire (ESS) dans le d\u00e9veloppement de la fili\u00e8re.<\/p>\n","protected":false},"excerpt":{"rendered":"<p>L\u2019\u00e9quipe Aequum est compos\u00e9e d\u2019\u00e9tudiants issus d\u2019une \u00e9cole d\u2019ing\u00e9nieur en agronomie et d\u00e9veloppement international (ISTOM), et a pour vocation de s\u2019int\u00e9resser aux th\u00e9matiques du commerce \u00e9quitable et solidaire dans les pays en d\u00e9veloppement. Elle est plac\u00e9e sous l\u2019\u00e9gide de l\u2019association Expert\u2019Co, qui r\u00e9alise depuis 2011 des projets de d\u00e9veloppement, dans les domaines de l\u2019agriculture tropicale, &hellip; <\/p>\n<p class=\"link-more\"><a href=\"https:\/\/recavaca.com\/index.php\/la-mission-jeunes-experts-aequum\/\" class=\"more-link\">Continuer la lecture<span class=\"screen-reader-text\"> de &laquo;&nbsp;La MJE \u2013 AEQUUM&nbsp;&raquo;<\/span><\/a><\/p>\n","protected":false},"author":3,"featured_media":0,"parent":0,"menu_order":0,"comment_status":"closed","ping_status":"closed","template":"","meta":{"spay_email":""},"yoast_head":"<!-- This site is optimized with the Yoast SEO plugin v18.1 - https:\/\/yoast.com\/wordpress\/plugins\/seo\/ -->\n<title>La MJE \u2013 AEQUUM - Recavaca<\/title>\n<meta name=\"robots\" content=\"index, follow, max-snippet:-1, max-image-preview:large, max-video-preview:-1\" \/>\n<link rel=\"canonical\" href=\"https:\/\/recavaca.com\/index.php\/la-mission-jeunes-experts-aequum\/\" \/>\n<meta property=\"og:locale\" content=\"fr_FR\" \/>\n<meta property=\"og:type\" content=\"article\" \/>\n<meta property=\"og:title\" content=\"La MJE \u2013 AEQUUM - Recavaca\" \/>\n<meta property=\"og:description\" content=\"L\u2019\u00e9quipe Aequum est compos\u00e9e d\u2019\u00e9tudiants issus d\u2019une \u00e9cole d\u2019ing\u00e9nieur en agronomie et d\u00e9veloppement international (ISTOM), et a pour vocation de s\u2019int\u00e9resser aux th\u00e9matiques du commerce \u00e9quitable et solidaire dans les pays en d\u00e9veloppement. Elle est plac\u00e9e sous l\u2019\u00e9gide de l\u2019association Expert\u2019Co, qui r\u00e9alise depuis 2011 des projets de d\u00e9veloppement, dans les domaines de l\u2019agriculture tropicale, &hellip; Continuer la lecture de &laquo;&nbsp;La MJE \u2013 AEQUUM&nbsp;&raquo;\" \/>\n<meta property=\"og:url\" content=\"https:\/\/recavaca.com\/index.php\/la-mission-jeunes-experts-aequum\/\" \/>\n<meta property=\"og:site_name\" content=\"Recavaca\" \/>\n<meta property=\"article:publisher\" content=\"https:\/\/www.facebook.com\/guadeloupeequitableetdurable\/\" \/>\n<meta property=\"article:modified_time\" content=\"2018-06-11T19:13:55+00:00\" \/>\n<meta property=\"og:image\" content=\"https:\/\/recavaca.com\/wp-content\/uploads\/2018\/04\/MJE-150x150.png\" \/>\n<meta name=\"twitter:card\" content=\"summary_large_image\" \/>\n<meta name=\"twitter:label1\" content=\"Dur\u00e9e de lecture estim\u00e9e\" \/>\n\t<meta name=\"twitter:data1\" content=\"2 minutes\" \/>\n<script type=\"application\/ld+json\" class=\"yoast-schema-graph\">{\"@context\":\"https:\/\/schema.org\",\"@graph\":[{\"@type\":\"WebSite\",\"@id\":\"https:\/\/recavaca.com\/#website\",\"url\":\"https:\/\/recavaca.com\/\",\"name\":\"Recavaca\",\"description\":\"R\u00e9seau Carib\u00e9en pour la Valorisation du Cacao\",\"potentialAction\":[{\"@type\":\"SearchAction\",\"target\":{\"@type\":\"EntryPoint\",\"urlTemplate\":\"https:\/\/recavaca.com\/?s={search_term_string}\"},\"query-input\":\"required name=search_term_string\"}],\"inLanguage\":\"fr-FR\"},{\"@type\":\"ImageObject\",\"@id\":\"https:\/\/recavaca.com\/index.php\/la-mission-jeunes-experts-aequum\/#primaryimage\",\"inLanguage\":\"fr-FR\",\"url\":\"https:\/\/i0.wp.com\/recavaca.com\/wp-content\/uploads\/2018\/04\/MJE.png?fit=800%2C800&ssl=1\",\"contentUrl\":\"https:\/\/i0.wp.com\/recavaca.com\/wp-content\/uploads\/2018\/04\/MJE.png?fit=800%2C800&ssl=1\",\"width\":800,\"height\":800},{\"@type\":\"WebPage\",\"@id\":\"https:\/\/recavaca.com\/index.php\/la-mission-jeunes-experts-aequum\/#webpage\",\"url\":\"https:\/\/recavaca.com\/index.php\/la-mission-jeunes-experts-aequum\/\",\"name\":\"La MJE \u2013 AEQUUM - Recavaca\",\"isPartOf\":{\"@id\":\"https:\/\/recavaca.com\/#website\"},\"primaryImageOfPage\":{\"@id\":\"https:\/\/recavaca.com\/index.php\/la-mission-jeunes-experts-aequum\/#primaryimage\"},\"datePublished\":\"2018-05-25T14:09:50+00:00\",\"dateModified\":\"2018-06-11T19:13:55+00:00\",\"breadcrumb\":{\"@id\":\"https:\/\/recavaca.com\/index.php\/la-mission-jeunes-experts-aequum\/#breadcrumb\"},\"inLanguage\":\"fr-FR\",\"potentialAction\":[{\"@type\":\"ReadAction\",\"target\":[\"https:\/\/recavaca.com\/index.php\/la-mission-jeunes-experts-aequum\/\"]}]},{\"@type\":\"BreadcrumbList\",\"@id\":\"https:\/\/recavaca.com\/index.php\/la-mission-jeunes-experts-aequum\/#breadcrumb\",\"itemListElement\":[{\"@type\":\"ListItem\",\"position\":1,\"name\":\"Accueil\",\"item\":\"https:\/\/recavaca.com\/\"},{\"@type\":\"ListItem\",\"position\":2,\"name\":\"La MJE \u2013 AEQUUM\"}]}]}<\/script>\n<!-- \/ Yoast SEO plugin. -->","yoast_head_json":{"title":"La MJE \u2013 AEQUUM - Recavaca","robots":{"index":"index","follow":"follow","max-snippet":"max-snippet:-1","max-image-preview":"max-image-preview:large","max-video-preview":"max-video-preview:-1"},"canonical":"https:\/\/recavaca.com\/index.php\/la-mission-jeunes-experts-aequum\/","og_locale":"fr_FR","og_type":"article","og_title":"La MJE \u2013 AEQUUM - Recavaca","og_description":"L\u2019\u00e9quipe Aequum est compos\u00e9e d\u2019\u00e9tudiants issus d\u2019une \u00e9cole d\u2019ing\u00e9nieur en agronomie et d\u00e9veloppement international (ISTOM), et a pour vocation de s\u2019int\u00e9resser aux th\u00e9matiques du commerce \u00e9quitable et solidaire dans les pays en d\u00e9veloppement. Elle est plac\u00e9e sous l\u2019\u00e9gide de l\u2019association Expert\u2019Co, qui r\u00e9alise depuis 2011 des projets de d\u00e9veloppement, dans les domaines de l\u2019agriculture tropicale, &hellip; Continuer la lecture de &laquo;&nbsp;La MJE \u2013 AEQUUM&nbsp;&raquo;","og_url":"https:\/\/recavaca.com\/index.php\/la-mission-jeunes-experts-aequum\/","og_site_name":"Recavaca","article_publisher":"https:\/\/www.facebook.com\/guadeloupeequitableetdurable\/","article_modified_time":"2018-06-11T19:13:55+00:00","og_image":[{"url":"https:\/\/recavaca.com\/wp-content\/uploads\/2018\/04\/MJE-150x150.png"}],"twitter_card":"summary_large_image","twitter_misc":{"Dur\u00e9e de lecture estim\u00e9e":"2 minutes"},"schema":{"@context":"https:\/\/schema.org","@graph":[{"@type":"WebSite","@id":"https:\/\/recavaca.com\/#website","url":"https:\/\/recavaca.com\/","name":"Recavaca","description":"R\u00e9seau Carib\u00e9en pour la Valorisation du Cacao","potentialAction":[{"@type":"SearchAction","target":{"@type":"EntryPoint","urlTemplate":"https:\/\/recavaca.com\/?s={search_term_string}"},"query-input":"required name=search_term_string"}],"inLanguage":"fr-FR"},{"@type":"ImageObject","@id":"https:\/\/recavaca.com\/index.php\/la-mission-jeunes-experts-aequum\/#primaryimage","inLanguage":"fr-FR","url":"https:\/\/i0.wp.com\/recavaca.com\/wp-content\/uploads\/2018\/04\/MJE.png?fit=800%2C800&ssl=1","contentUrl":"https:\/\/i0.wp.com\/recavaca.com\/wp-content\/uploads\/2018\/04\/MJE.png?fit=800%2C800&ssl=1","width":800,"height":800},{"@type":"WebPage","@id":"https:\/\/recavaca.com\/index.php\/la-mission-jeunes-experts-aequum\/#webpage","url":"https:\/\/recavaca.com\/index.php\/la-mission-jeunes-experts-aequum\/","name":"La MJE \u2013 AEQUUM - Recavaca","isPartOf":{"@id":"https:\/\/recavaca.com\/#website"},"primaryImageOfPage":{"@id":"https:\/\/recavaca.com\/index.php\/la-mission-jeunes-experts-aequum\/#primaryimage"},"datePublished":"2018-05-25T14:09:50+00:00","dateModified":"2018-06-11T19:13:55+00:00","breadcrumb":{"@id":"https:\/\/recavaca.com\/index.php\/la-mission-jeunes-experts-aequum\/#breadcrumb"},"inLanguage":"fr-FR","potentialAction":[{"@type":"ReadAction","target":["https:\/\/recavaca.com\/index.php\/la-mission-jeunes-experts-aequum\/"]}]},{"@type":"BreadcrumbList","@id":"https:\/\/recavaca.com\/index.php\/la-mission-jeunes-experts-aequum\/#breadcrumb","itemListElement":[{"@type":"ListItem","position":1,"name":"Accueil","item":"https:\/\/recavaca.com\/"},{"@type":"ListItem","position":2,"name":"La MJE \u2013 AEQUUM"}]}]}},"jetpack_sharing_enabled":true,"jetpack_shortlink":"https:\/\/wp.me\/P9QgSb-je","jetpack-related-posts":[{"id":1194,"url":"https:\/\/recavaca.com\/index.php\/linstitut-universitaire-de-technologie-de-guadeloupe\/","url_meta":{"origin":1192,"position":0},"title":"L\u2019IUT de Guadeloupe","date":"25 mai 2018","format":false,"excerpt":"L\u2019Institut Universitaire et Technologique (IUT) de la Guadeloupe est situ\u00e9 sur le campus du Camp Jacob de Saint-Claude. L\u2019IUT propose de pr\u00e9parer un Dipl\u00f4me Universitaire et Technologique (DUT) dans les domaines suivants\u00a0: \u00a0G\u00e9nie Biologique, Gestion des Entreprises et des Administrations, M\u00e9tiers des Multim\u00e9dias et le l\u2019Internet, Carri\u00e8res sociales\u00a0; on peut\u2026","rel":"","context":"Article similaire","img":{"alt_text":"","src":"","width":0,"height":0},"classes":[]},{"id":1165,"url":"https:\/\/recavaca.com\/index.php\/le-syndicat-agricole-des-planteurs-de-cafe-et-de-cacao-de-guadeloupe\/","url_meta":{"origin":1192,"position":1},"title":"La SAPCAV","date":"25 mai 2018","format":false,"excerpt":"Le Syndicat Agricole des planteurs de caf\u00e9, cacao et vanille de Guadeloupe (ou SAPCAV, anciennement SAPCAF), est une Association syndicale professionnelle de loi 1884. Le syndicat a choisi d'adopter une d\u00e9marche durable pour ses adh\u00e9rents. Il a \u00e9t\u00e9 cr\u00e9\u00e9 en mai 2017 et compte \u00e0 ce jour 25 adh\u00e9rents repr\u00e9sentant\u2026","rel":"","context":"Article similaire","img":{"alt_text":"","src":"","width":0,"height":0},"classes":[]},{"id":9,"url":"https:\/\/recavaca.com\/","url_meta":{"origin":1192,"position":2},"title":"Accueil","date":"1 avril 2018","format":false,"excerpt":"L\u2019objectif du projet de R\u00e9seau Carib\u00e9en de Valorisation du Cacao (RECAVACA) est de cr\u00e9er une dynamique autour de plusieurs acteurs de la fili\u00e8re cacao, \u00e0 l\u2019\u00e9chelle carib\u00e9enne, afin de contribuer \u00e0 la reconnaissance de plusieurs territoires en tant que pays producteurs d\u2019un cacao de qualit\u00e9, produit en volumes suffisants en\u2026","rel":"","context":"Article similaire","img":{"alt_text":"","src":"https:\/\/i0.wp.com\/recavaca.com\/wp-content\/uploads\/2019\/04\/LOGO_FONDS_EUROPEEN_GUADELOUPE_FEDER_projetcofinance-1024x226.png?resize=350%2C200&ssl=1","width":350,"height":200},"classes":[]},{"id":37,"url":"https:\/\/recavaca.com\/index.php\/qui-sommes-nous\/","url_meta":{"origin":1192,"position":3},"title":"Qui sommes nous ?","date":"1 avril 2018","format":false,"excerpt":"AGED- Association Guadeloupe Equitable et Durable Fond\u00e9e en Mars 2011 dans un souci de participation \u00e0 la conception d\u2019un monde \u00e9conomique, social et environnemental plus juste, notre association cherche \u00e0 promouvoir le D\u00e9veloppement Durable et le Commerce \u00c9quitable au sein de la R\u00e9gion Cara\u00efbe et notamment en Guadeloupe. Pourquoi ?\u2026","rel":"","context":"Article similaire","img":{"alt_text":"","src":"https:\/\/i0.wp.com\/recavaca.com\/wp-content\/uploads\/2018\/04\/P_20180115_125902.jpg?fit=1200%2C675&ssl=1&resize=350%2C200","width":350,"height":200},"classes":[]},{"id":1203,"url":"https:\/\/recavaca.com\/index.php\/semla-vie\/","url_meta":{"origin":1192,"position":4},"title":"S\u00e8m&rsquo;la Vie","date":"25 mai 2018","format":false,"excerpt":"Membre du r\u00e9seau des agro\u00e9cologistes sans fronti\u00e8re (www.agroecologistesf.org). Didier Meunier est un formateur agronome, sp\u00e9cialis\u00e9 en agro\u00e9cologie. Il intervient, depuis janvier 2012, dans le d\u00e9partement de la Grand\u2019Anse pour participer au d\u00e9veloppement d\u2019une fili\u00e8re cacao de qualit\u00e9. Il a eu \u00e9galement l\u2019occasion de travailler sur la production de semences de\u2026","rel":"","context":"Article similaire","img":{"alt_text":"","src":"","width":0,"height":0},"classes":[]},{"id":642,"url":"https:\/\/recavaca.com\/index.php\/lancement-du-projet\/","url_meta":{"origin":1192,"position":5},"title":"Lancement du Projet","date":"17 avril 2018","format":false,"excerpt":"Lancement du projet de R\u00e9seau Carib\u00e9en pour la Valorisation du Cacao Le projet de R\u00e9seau Carib\u00e9en de valorisation du cacao (RECAVACA), projet cofinanc\u00e9 par le programme INTERREG Cara\u00efbes au titre du Fonds Europ\u00e9en de D\u00e9veloppement R\u00e9gional, a \u00e9t\u00e9 lanc\u00e9 le mardi 24 octobre 2017, au si\u00e8ge du CIRAD (NeufChateau, Capesterre-Belle-Eau)\u2026","rel":"","context":"Article similaire","img":{"alt_text":"","src":"https:\/\/i0.wp.com\/recavaca.com\/wp-content\/uploads\/2018\/04\/lancement.jpg?resize=350%2C200&ssl=1","width":350,"height":200},"classes":[]}],"_links":{"self":[{"href":"https:\/\/recavaca.com\/index.php\/wp-json\/wp\/v2\/pages\/1192"}],"collection":[{"href":"https:\/\/recavaca.com\/index.php\/wp-json\/wp\/v2\/pages"}],"about":[{"href":"https:\/\/recavaca.com\/index.php\/wp-json\/wp\/v2\/types\/page"}],"author":[{"embeddable":true,"href":"https:\/\/recavaca.com\/index.php\/wp-json\/wp\/v2\/users\/3"}],"replies":[{"embeddable":true,"href":"https:\/\/recavaca.com\/index.php\/wp-json\/wp\/v2\/comments?post=1192"}],"version-history":[{"count":4,"href":"https:\/\/recavaca.com\/index.php\/wp-json\/wp\/v2\/pages\/1192\/revisions"}],"predecessor-version":[{"id":1363,"href":"https:\/\/recavaca.com\/index.php\/wp-json\/wp\/v2\/pages\/1192\/revisions\/1363"}],"wp:attachment":[{"href":"https:\/\/recavaca.com\/index.php\/wp-json\/wp\/v2\/media?parent=1192"}],"curies":[{"name":"wp","href":"https:\/\/api.w.org\/{rel}","templated":true}]}}