{"id":1189,"date":"2018-05-25T16:06:49","date_gmt":"2018-05-25T14:06:49","guid":{"rendered":"https:\/\/recavaca.com\/?page_id=1189"},"modified":"2018-05-25T16:06:49","modified_gmt":"2018-05-25T14:06:49","slug":"latelier-competences-internationales","status":"publish","type":"page","link":"https:\/\/recavaca.com\/index.php\/latelier-competences-internationales\/","title":{"rendered":"L\u2019Atelier Comp\u00e9tences Internationales"},"content":{"rendered":"<p style=\"text-align: justify;\"><a href=\"http:\/\/www.atelier-aci.com\/\"><img data-attachment-id=\"501\" data-permalink=\"https:\/\/recavaca.com\/?attachment_id=501\" data-orig-file=\"https:\/\/i0.wp.com\/recavaca.com\/wp-content\/uploads\/2018\/04\/ACI.png?fit=391%2C406&amp;ssl=1\" data-orig-size=\"391,406\" data-comments-opened=\"0\" data-image-meta=\"{&quot;aperture&quot;:&quot;0&quot;,&quot;credit&quot;:&quot;&quot;,&quot;camera&quot;:&quot;&quot;,&quot;caption&quot;:&quot;&quot;,&quot;created_timestamp&quot;:&quot;0&quot;,&quot;copyright&quot;:&quot;&quot;,&quot;focal_length&quot;:&quot;0&quot;,&quot;iso&quot;:&quot;0&quot;,&quot;shutter_speed&quot;:&quot;0&quot;,&quot;title&quot;:&quot;&quot;,&quot;orientation&quot;:&quot;0&quot;}\" data-image-title=\"ACI\" data-image-description=\"\" data-image-caption=\"\" data-medium-file=\"https:\/\/i0.wp.com\/recavaca.com\/wp-content\/uploads\/2018\/04\/ACI.png?fit=289%2C300&amp;ssl=1\" data-large-file=\"https:\/\/i0.wp.com\/recavaca.com\/wp-content\/uploads\/2018\/04\/ACI.png?fit=391%2C406&amp;ssl=1\" loading=\"lazy\" class=\"wp-image-501 size-thumbnail alignright\" src=\"https:\/\/i0.wp.com\/recavaca.com\/wp-content\/uploads\/2018\/04\/ACI-150x150.png?resize=150%2C150\" alt=\"\" width=\"150\" height=\"150\" srcset=\"https:\/\/i0.wp.com\/recavaca.com\/wp-content\/uploads\/2018\/04\/ACI.png?resize=150%2C150&amp;ssl=1 150w, https:\/\/i0.wp.com\/recavaca.com\/wp-content\/uploads\/2018\/04\/ACI.png?resize=100%2C100&amp;ssl=1 100w, https:\/\/i0.wp.com\/recavaca.com\/wp-content\/uploads\/2018\/04\/ACI.png?zoom=2&amp;resize=150%2C150&amp;ssl=1 300w\" sizes=\"(max-width: 150px) 100vw, 150px\" data-recalc-dims=\"1\" \/><\/a>Atelier Comp\u00e9tences Internationales (ACI) est un cabinet d\u2019\u00e9tude, d\u2019accompagnement&nbsp;et de formation sp\u00e9cialis\u00e9 dans l\u2019\u00e9mergence et le renforcement de capacit\u00e9s des entrepreneurs et organisations qui mettent le d\u00e9veloppement humain au centre de leurs pr\u00e9occupations.<\/p>\n<p style=\"text-align: justify;\">ACI est n\u00e9e du partage d\u2019exp\u00e9riences et d\u2019expertises de ses fondatrices et sur le choix de soutenir une \u00e9conomie Sociale et Solidaire \u00e9cologiquement soutenable.&nbsp;<\/p>\n<p style=\"text-align: justify;\">ACI accompagne aujourd\u2019hui et partout dans le monde les innovations, le d\u00e9veloppement local et le rayonnement international des acteurs responsables,&nbsp;artisans d\u2019une \u00e9conomie plus humaine et durable.&nbsp;<\/p>\n<p style=\"text-align: justify;\">La dirigeante d\u2019ACI, Myriam Conzett, professionnelle confirm\u00e9e dans l\u2019entrepreneuriat social et solidaire, la cr\u00e9ation de fili\u00e8res bio et \u00e9quitable et la distribution de produits issus de ces secteurs, a con\u00e7u et accompagne depuis plus de 15 ans de nombreux dispositifs de formation-actions sp\u00e9cialis\u00e9es dans le soutien aux porteurs de projets dans le champs de l\u2019\u00e9conomie sociale et solidaire (ESS) \u2013 soci\u00e9t\u00e9s, coop\u00e9ratives , associations, mutuelles, fondations, et plus largement les porteurs de projets de d\u00e9veloppement durable. Elle a \u00e9t\u00e9 membre acteur du Bureau de la Plateforme fran\u00e7aise du commerce \u00e9quitable (aujourd\u2019hui \u00ab commerce \u00e9quitable France&nbsp;\u00bb et a dirig\u00e9 le d\u00e9veloppement d\u2019activit\u00e9s pour la cr\u00e9ation de fili\u00e8res en commerce bio et \u00e9quitable en Inde, en Afrique et en Bolivie.<\/p>\n<p style=\"text-align: justify;\">Titulaire d\u2019un master II en \u00ab Recherche Action\u00bb, elle intervient r\u00e9guli\u00e8rement comme force d&rsquo;analyse et de proposition aupr\u00e8s des collectivit\u00e9s locales ou de grandes soci\u00e9t\u00e9s soucieuses de concevoir de nouvelles strat\u00e9gies fond\u00e9es sur la cr\u00e9ation de valeurs.<\/p>\n<p style=\"text-align: justify;\">&nbsp;<\/p>\n","protected":false},"excerpt":{"rendered":"<p>Atelier Comp\u00e9tences Internationales (ACI) est un cabinet d\u2019\u00e9tude, d\u2019accompagnement&nbsp;et de formation sp\u00e9cialis\u00e9 dans l\u2019\u00e9mergence et le renforcement de capacit\u00e9s des entrepreneurs et organisations qui mettent le d\u00e9veloppement humain au centre de leurs pr\u00e9occupations. ACI est n\u00e9e du partage d\u2019exp\u00e9riences et d\u2019expertises de ses fondatrices et sur le choix de soutenir une \u00e9conomie Sociale et Solidaire &hellip; <\/p>\n<p class=\"link-more\"><a href=\"https:\/\/recavaca.com\/index.php\/latelier-competences-internationales\/\" class=\"more-link\">Continuer la lecture<span class=\"screen-reader-text\"> de &laquo;&nbsp;L\u2019Atelier Comp\u00e9tences Internationales&nbsp;&raquo;<\/span><\/a><\/p>\n","protected":false},"author":3,"featured_media":0,"parent":0,"menu_order":0,"comment_status":"closed","ping_status":"closed","template":"","meta":{"spay_email":""},"yoast_head":"<!-- This site is optimized with the Yoast SEO plugin v18.1 - https:\/\/yoast.com\/wordpress\/plugins\/seo\/ -->\n<title>L\u2019Atelier Comp\u00e9tences Internationales - Recavaca<\/title>\n<meta name=\"robots\" content=\"index, follow, max-snippet:-1, max-image-preview:large, max-video-preview:-1\" \/>\n<link rel=\"canonical\" href=\"https:\/\/recavaca.com\/index.php\/latelier-competences-internationales\/\" \/>\n<meta property=\"og:locale\" content=\"fr_FR\" \/>\n<meta property=\"og:type\" content=\"article\" \/>\n<meta property=\"og:title\" content=\"L\u2019Atelier Comp\u00e9tences Internationales - Recavaca\" \/>\n<meta property=\"og:description\" content=\"Atelier Comp\u00e9tences Internationales (ACI) est un cabinet d\u2019\u00e9tude, d\u2019accompagnement&nbsp;et de formation sp\u00e9cialis\u00e9 dans l\u2019\u00e9mergence et le renforcement de capacit\u00e9s des entrepreneurs et organisations qui mettent le d\u00e9veloppement humain au centre de leurs pr\u00e9occupations. ACI est n\u00e9e du partage d\u2019exp\u00e9riences et d\u2019expertises de ses fondatrices et sur le choix de soutenir une \u00e9conomie Sociale et Solidaire &hellip; Continuer la lecture de &laquo;&nbsp;L\u2019Atelier Comp\u00e9tences Internationales&nbsp;&raquo;\" \/>\n<meta property=\"og:url\" content=\"https:\/\/recavaca.com\/index.php\/latelier-competences-internationales\/\" \/>\n<meta property=\"og:site_name\" content=\"Recavaca\" \/>\n<meta property=\"article:publisher\" content=\"https:\/\/www.facebook.com\/guadeloupeequitableetdurable\/\" \/>\n<meta property=\"og:image\" content=\"http:\/\/recavaca.com\/wp-content\/uploads\/2018\/04\/ACI-150x150.png\" \/>\n<meta name=\"twitter:card\" content=\"summary_large_image\" \/>\n<meta name=\"twitter:label1\" content=\"Dur\u00e9e de lecture estim\u00e9e\" \/>\n\t<meta name=\"twitter:data1\" content=\"1 minute\" \/>\n<script type=\"application\/ld+json\" class=\"yoast-schema-graph\">{\"@context\":\"https:\/\/schema.org\",\"@graph\":[{\"@type\":\"WebSite\",\"@id\":\"https:\/\/recavaca.com\/#website\",\"url\":\"https:\/\/recavaca.com\/\",\"name\":\"Recavaca\",\"description\":\"R\u00e9seau Carib\u00e9en pour la Valorisation du Cacao\",\"potentialAction\":[{\"@type\":\"SearchAction\",\"target\":{\"@type\":\"EntryPoint\",\"urlTemplate\":\"https:\/\/recavaca.com\/?s={search_term_string}\"},\"query-input\":\"required name=search_term_string\"}],\"inLanguage\":\"fr-FR\"},{\"@type\":\"ImageObject\",\"@id\":\"https:\/\/recavaca.com\/index.php\/latelier-competences-internationales\/#primaryimage\",\"inLanguage\":\"fr-FR\",\"url\":\"http:\/\/recavaca.com\/wp-content\/uploads\/2018\/04\/ACI-150x150.png\",\"contentUrl\":\"http:\/\/recavaca.com\/wp-content\/uploads\/2018\/04\/ACI-150x150.png\"},{\"@type\":\"WebPage\",\"@id\":\"https:\/\/recavaca.com\/index.php\/latelier-competences-internationales\/#webpage\",\"url\":\"https:\/\/recavaca.com\/index.php\/latelier-competences-internationales\/\",\"name\":\"L\u2019Atelier Comp\u00e9tences Internationales - Recavaca\",\"isPartOf\":{\"@id\":\"https:\/\/recavaca.com\/#website\"},\"primaryImageOfPage\":{\"@id\":\"https:\/\/recavaca.com\/index.php\/latelier-competences-internationales\/#primaryimage\"},\"datePublished\":\"2018-05-25T14:06:49+00:00\",\"dateModified\":\"2018-05-25T14:06:49+00:00\",\"breadcrumb\":{\"@id\":\"https:\/\/recavaca.com\/index.php\/latelier-competences-internationales\/#breadcrumb\"},\"inLanguage\":\"fr-FR\",\"potentialAction\":[{\"@type\":\"ReadAction\",\"target\":[\"https:\/\/recavaca.com\/index.php\/latelier-competences-internationales\/\"]}]},{\"@type\":\"BreadcrumbList\",\"@id\":\"https:\/\/recavaca.com\/index.php\/latelier-competences-internationales\/#breadcrumb\",\"itemListElement\":[{\"@type\":\"ListItem\",\"position\":1,\"name\":\"Accueil\",\"item\":\"https:\/\/recavaca.com\/\"},{\"@type\":\"ListItem\",\"position\":2,\"name\":\"L\u2019Atelier Comp\u00e9tences Internationales\"}]}]}<\/script>\n<!-- \/ Yoast SEO plugin. -->","yoast_head_json":{"title":"L\u2019Atelier Comp\u00e9tences Internationales - Recavaca","robots":{"index":"index","follow":"follow","max-snippet":"max-snippet:-1","max-image-preview":"max-image-preview:large","max-video-preview":"max-video-preview:-1"},"canonical":"https:\/\/recavaca.com\/index.php\/latelier-competences-internationales\/","og_locale":"fr_FR","og_type":"article","og_title":"L\u2019Atelier Comp\u00e9tences Internationales - Recavaca","og_description":"Atelier Comp\u00e9tences Internationales (ACI) est un cabinet d\u2019\u00e9tude, d\u2019accompagnement&nbsp;et de formation sp\u00e9cialis\u00e9 dans l\u2019\u00e9mergence et le renforcement de capacit\u00e9s des entrepreneurs et organisations qui mettent le d\u00e9veloppement humain au centre de leurs pr\u00e9occupations. ACI est n\u00e9e du partage d\u2019exp\u00e9riences et d\u2019expertises de ses fondatrices et sur le choix de soutenir une \u00e9conomie Sociale et Solidaire &hellip; Continuer la lecture de &laquo;&nbsp;L\u2019Atelier Comp\u00e9tences Internationales&nbsp;&raquo;","og_url":"https:\/\/recavaca.com\/index.php\/latelier-competences-internationales\/","og_site_name":"Recavaca","article_publisher":"https:\/\/www.facebook.com\/guadeloupeequitableetdurable\/","og_image":[{"url":"http:\/\/recavaca.com\/wp-content\/uploads\/2018\/04\/ACI-150x150.png"}],"twitter_card":"summary_large_image","twitter_misc":{"Dur\u00e9e de lecture estim\u00e9e":"1 minute"},"schema":{"@context":"https:\/\/schema.org","@graph":[{"@type":"WebSite","@id":"https:\/\/recavaca.com\/#website","url":"https:\/\/recavaca.com\/","name":"Recavaca","description":"R\u00e9seau Carib\u00e9en pour la Valorisation du Cacao","potentialAction":[{"@type":"SearchAction","target":{"@type":"EntryPoint","urlTemplate":"https:\/\/recavaca.com\/?s={search_term_string}"},"query-input":"required name=search_term_string"}],"inLanguage":"fr-FR"},{"@type":"ImageObject","@id":"https:\/\/recavaca.com\/index.php\/latelier-competences-internationales\/#primaryimage","inLanguage":"fr-FR","url":"http:\/\/recavaca.com\/wp-content\/uploads\/2018\/04\/ACI-150x150.png","contentUrl":"http:\/\/recavaca.com\/wp-content\/uploads\/2018\/04\/ACI-150x150.png"},{"@type":"WebPage","@id":"https:\/\/recavaca.com\/index.php\/latelier-competences-internationales\/#webpage","url":"https:\/\/recavaca.com\/index.php\/latelier-competences-internationales\/","name":"L\u2019Atelier Comp\u00e9tences Internationales - Recavaca","isPartOf":{"@id":"https:\/\/recavaca.com\/#website"},"primaryImageOfPage":{"@id":"https:\/\/recavaca.com\/index.php\/latelier-competences-internationales\/#primaryimage"},"datePublished":"2018-05-25T14:06:49+00:00","dateModified":"2018-05-25T14:06:49+00:00","breadcrumb":{"@id":"https:\/\/recavaca.com\/index.php\/latelier-competences-internationales\/#breadcrumb"},"inLanguage":"fr-FR","potentialAction":[{"@type":"ReadAction","target":["https:\/\/recavaca.com\/index.php\/latelier-competences-internationales\/"]}]},{"@type":"BreadcrumbList","@id":"https:\/\/recavaca.com\/index.php\/latelier-competences-internationales\/#breadcrumb","itemListElement":[{"@type":"ListItem","position":1,"name":"Accueil","item":"https:\/\/recavaca.com\/"},{"@type":"ListItem","position":2,"name":"L\u2019Atelier Comp\u00e9tences Internationales"}]}]}},"jetpack_sharing_enabled":true,"jetpack_shortlink":"https:\/\/wp.me\/P9QgSb-jb","jetpack-related-posts":[{"id":1175,"url":"https:\/\/recavaca.com\/index.php\/le-centre-international-en-recherche-agronomique-pour-le-developpement\/","url_meta":{"origin":1189,"position":0},"title":"Le CIRAD","date":"25 mai 2018","format":false,"excerpt":"Le Cirad est l'organisme fran\u00e7ais de recherche agronomique et de coop\u00e9ration internationale pour le d\u00e9veloppement durable des r\u00e9gions tropicales et m\u00e9diterran\u00e9ennes. Il travaille autour de grandes th\u00e9matiques telles que la s\u00e9curit\u00e9 alimentaire, le changement climatique, la gestion des ressources naturelles, la r\u00e9duction des in\u00e9galit\u00e9s et la lutte contre la pauvret\u00e9.\u2026","rel":"","context":"Article similaire","img":{"alt_text":"","src":"","width":0,"height":0},"classes":[]},{"id":1207,"url":"https:\/\/recavaca.com\/index.php\/le-programme-operationnel-interreg-caraibes-2014-2020\/","url_meta":{"origin":1189,"position":1},"title":"Le Programme INTERREG Cara\u00efbes","date":"25 mai 2018","format":false,"excerpt":"Le Programme Op\u00e9rationnel INTERREG Cara\u00efbes 2014-2020 s\u2019inscrit dans le cadre de la coop\u00e9ration territoriale europ\u00e9enne 2014-2020, et \u00e0 ce titre contribue \u00e0 la mise en \u0153uvre de la strat\u00e9gie Europe 2020 qui a pour ambition de promouvoir un d\u00e9veloppement harmonieux de l\u2019espace Cara\u00efbe en faveur d\u2019une croissance intelligente, durable et\u2026","rel":"","context":"Article similaire","img":{"alt_text":"","src":"https:\/\/i0.wp.com\/recavaca.com\/wp-content\/uploads\/2018\/04\/AMI-Interreg-Caraibes.jpg?resize=350%2C200","width":350,"height":200},"classes":[]},{"id":33,"url":"https:\/\/recavaca.com\/index.php\/le-commerce-equitable\/","url_meta":{"origin":1189,"position":2},"title":"Le Commerce Equitable","date":"1 avril 2018","format":false,"excerpt":"Depuis quand ? O\u00f9 ? Dans quel but ? \u00a0 \u00a0 \u00a0 \u00a0Les premiers projets de commerce \u00e9quitable se d\u00e9veloppent dans les ann\u00e9es 40, aux Etats-Unis, puis, quelques ann\u00e9es plus tard en Europe, dans un souci de contribuer au bien-\u00eatre et au d\u00e9veloppement des pays les plus pauvres. Mais ce\u2026","rel":"","context":"Article similaire","img":{"alt_text":"","src":"https:\/\/i0.wp.com\/recavaca.com\/wp-content\/uploads\/2018\/04\/22326449230_6cf30a4fc6_o.jpg?resize=350%2C200","width":350,"height":200},"classes":[]},{"id":37,"url":"https:\/\/recavaca.com\/index.php\/qui-sommes-nous\/","url_meta":{"origin":1189,"position":3},"title":"Qui sommes nous ?","date":"1 avril 2018","format":false,"excerpt":"AGED- Association Guadeloupe Equitable et Durable Fond\u00e9e en Mars 2011 dans un souci de participation \u00e0 la conception d\u2019un monde \u00e9conomique, social et environnemental plus juste, notre association cherche \u00e0 promouvoir le D\u00e9veloppement Durable et le Commerce \u00c9quitable au sein de la R\u00e9gion Cara\u00efbe et notamment en Guadeloupe. Pourquoi ?\u2026","rel":"","context":"Article similaire","img":{"alt_text":"","src":"https:\/\/i0.wp.com\/recavaca.com\/wp-content\/uploads\/2018\/04\/P_20180115_125902.jpg?fit=1200%2C675&ssl=1&resize=350%2C200","width":350,"height":200},"classes":[]},{"id":642,"url":"https:\/\/recavaca.com\/index.php\/lancement-du-projet\/","url_meta":{"origin":1189,"position":4},"title":"Lancement du Projet","date":"17 avril 2018","format":false,"excerpt":"Lancement du projet de R\u00e9seau Carib\u00e9en pour la Valorisation du Cacao Le projet de R\u00e9seau Carib\u00e9en de valorisation du cacao (RECAVACA), projet cofinanc\u00e9 par le programme INTERREG Cara\u00efbes au titre du Fonds Europ\u00e9en de D\u00e9veloppement R\u00e9gional, a \u00e9t\u00e9 lanc\u00e9 le mardi 24 octobre 2017, au si\u00e8ge du CIRAD (NeufChateau, Capesterre-Belle-Eau)\u2026","rel":"","context":"Article similaire","img":{"alt_text":"","src":"https:\/\/i0.wp.com\/recavaca.com\/wp-content\/uploads\/2018\/04\/lancement.jpg?resize=350%2C200&ssl=1","width":350,"height":200},"classes":[]},{"id":1192,"url":"https:\/\/recavaca.com\/index.php\/la-mission-jeunes-experts-aequum\/","url_meta":{"origin":1189,"position":5},"title":"La MJE \u2013 AEQUUM","date":"25 mai 2018","format":false,"excerpt":"L\u2019\u00e9quipe Aequum est compos\u00e9e d\u2019\u00e9tudiants issus d\u2019une \u00e9cole d\u2019ing\u00e9nieur en agronomie et d\u00e9veloppement international (ISTOM), et a pour vocation de s\u2019int\u00e9resser aux th\u00e9matiques du commerce \u00e9quitable et solidaire dans les pays en d\u00e9veloppement. Elle est plac\u00e9e sous l\u2019\u00e9gide de l\u2019association Expert\u2019Co, qui r\u00e9alise depuis 2011 des projets de d\u00e9veloppement, dans\u2026","rel":"","context":"Article similaire","img":{"alt_text":"","src":"","width":0,"height":0},"classes":[]}],"_links":{"self":[{"href":"https:\/\/recavaca.com\/index.php\/wp-json\/wp\/v2\/pages\/1189"}],"collection":[{"href":"https:\/\/recavaca.com\/index.php\/wp-json\/wp\/v2\/pages"}],"about":[{"href":"https:\/\/recavaca.com\/index.php\/wp-json\/wp\/v2\/types\/page"}],"author":[{"embeddable":true,"href":"https:\/\/recavaca.com\/index.php\/wp-json\/wp\/v2\/users\/3"}],"replies":[{"embeddable":true,"href":"https:\/\/recavaca.com\/index.php\/wp-json\/wp\/v2\/comments?post=1189"}],"version-history":[{"count":2,"href":"https:\/\/recavaca.com\/index.php\/wp-json\/wp\/v2\/pages\/1189\/revisions"}],"predecessor-version":[{"id":1367,"href":"https:\/\/recavaca.com\/index.php\/wp-json\/wp\/v2\/pages\/1189\/revisions\/1367"}],"wp:attachment":[{"href":"https:\/\/recavaca.com\/index.php\/wp-json\/wp\/v2\/media?parent=1189"}],"curies":[{"name":"wp","href":"https:\/\/api.w.org\/{rel}","templated":true}]}}