{"id":1175,"date":"2018-05-25T16:01:27","date_gmt":"2018-05-25T14:01:27","guid":{"rendered":"https:\/\/recavaca.com\/?page_id=1175"},"modified":"2018-06-22T16:24:02","modified_gmt":"2018-06-22T14:24:02","slug":"le-centre-international-en-recherche-agronomique-pour-le-developpement","status":"publish","type":"page","link":"https:\/\/recavaca.com\/index.php\/le-centre-international-en-recherche-agronomique-pour-le-developpement\/","title":{"rendered":"Le CIRAD"},"content":{"rendered":"<p style=\"text-align: justify;\"><a href=\"https:\/\/antilles-guyane.cirad.fr\/\"><img data-attachment-id=\"427\" data-permalink=\"https:\/\/recavaca.com\/?attachment_id=427\" data-orig-file=\"https:\/\/i0.wp.com\/recavaca.com\/wp-content\/uploads\/2018\/04\/logo-cirad-fr-2.jpg?fit=1181%2C675&amp;ssl=1\" data-orig-size=\"1181,675\" data-comments-opened=\"0\" data-image-meta=\"{&quot;aperture&quot;:&quot;0&quot;,&quot;credit&quot;:&quot;&quot;,&quot;camera&quot;:&quot;&quot;,&quot;caption&quot;:&quot;&quot;,&quot;created_timestamp&quot;:&quot;0&quot;,&quot;copyright&quot;:&quot;&quot;,&quot;focal_length&quot;:&quot;0&quot;,&quot;iso&quot;:&quot;0&quot;,&quot;shutter_speed&quot;:&quot;0&quot;,&quot;title&quot;:&quot;Impression&quot;,&quot;orientation&quot;:&quot;1&quot;}\" data-image-title=\"Impression\" data-image-description=\"\" data-image-caption=\"\" data-medium-file=\"https:\/\/i0.wp.com\/recavaca.com\/wp-content\/uploads\/2018\/04\/logo-cirad-fr-2.jpg?fit=300%2C171&amp;ssl=1\" data-large-file=\"https:\/\/i0.wp.com\/recavaca.com\/wp-content\/uploads\/2018\/04\/logo-cirad-fr-2.jpg?fit=525%2C300&amp;ssl=1\" loading=\"lazy\" class=\"alignleft wp-image-427\" src=\"https:\/\/i0.wp.com\/recavaca.com\/wp-content\/uploads\/2018\/04\/logo-cirad-fr-2-300x171.jpg?resize=150%2C86\" alt=\"\" width=\"150\" height=\"86\" srcset=\"https:\/\/i0.wp.com\/recavaca.com\/wp-content\/uploads\/2018\/04\/logo-cirad-fr-2.jpg?resize=300%2C171&amp;ssl=1 300w, https:\/\/i0.wp.com\/recavaca.com\/wp-content\/uploads\/2018\/04\/logo-cirad-fr-2.jpg?resize=768%2C439&amp;ssl=1 768w, https:\/\/i0.wp.com\/recavaca.com\/wp-content\/uploads\/2018\/04\/logo-cirad-fr-2.jpg?resize=1024%2C585&amp;ssl=1 1024w, https:\/\/i0.wp.com\/recavaca.com\/wp-content\/uploads\/2018\/04\/logo-cirad-fr-2.jpg?w=1181&amp;ssl=1 1181w\" sizes=\"(max-width: 150px) 100vw, 150px\" data-recalc-dims=\"1\" \/><\/a>Le Cirad est l&rsquo;organisme fran\u00e7ais de recherche agronomique et de coop\u00e9ration internationale pour le d\u00e9veloppement durable des r\u00e9gions tropicales et m\u00e9diterran\u00e9ennes. Il travaille autour de grandes th\u00e9matiques telles que la s\u00e9curit\u00e9 alimentaire, le changement climatique, la gestion des ressources naturelles, la r\u00e9duction des in\u00e9galit\u00e9s et la lutte contre la pauvret\u00e9.<\/p>\n<p style=\"text-align: justify;\">Avec ses partenaires du Sud, le Cirad produit et transmet de nouvelles connaissances pour accompagner l\u2019innovation et le d\u00e9veloppement agricole.<\/p>\n<p style=\"text-align: justify;\">Le Cirad a un objectif prioritaire : b\u00e2tir une agriculture durable, adapt\u00e9e aux changements climatiques, capable de nourrir 10 milliards d\u2019\u00eatres humains en 2050, tout en pr\u00e9servant l\u2019environnement.<\/p>\n<p style=\"text-align: justify;\">Du local au global, de par ses partenariats durables, il contribue au d\u00e9veloppement d\u2019une agriculture au service de tous, et particuli\u00e8rement des petits agriculteurs, qui constituent l\u2019immense majorit\u00e9 des producteurs.\u00a0Il r\u00e9pond ainsi aux d\u00e9fis globaux de la s\u00e9curit\u00e9 alimentaire et du changement climatique, mais aussi des 17 objectifs du d\u00e9veloppement durable de l\u2019ONU (ODD) et de l\u2019accord de Paris sur le changement climatique.<\/p>\n<p><span class=\"embed-youtube\" style=\"text-align:center; display: block;\"><iframe loading=\"lazy\" class=\"youtube-player\" width=\"525\" height=\"296\" src=\"https:\/\/www.youtube.com\/embed\/47FlLpY-DLU?version=3&#038;rel=1&#038;showsearch=0&#038;showinfo=1&#038;iv_load_policy=1&#038;fs=1&#038;hl=fr-FR&#038;autohide=2&#038;wmode=transparent\" allowfullscreen=\"true\" style=\"border:0;\" sandbox=\"allow-scripts allow-same-origin allow-popups allow-presentation\"><\/iframe><\/span><\/p>\n<h1>QualiSud<\/h1>\n<p style=\"text-align: justify;\">Au sein du CIRAD, l&rsquo;unit\u00e9 de recherche\u00a0QualiSud\u00a0\u0153uvre dans le domaine\u00a0de la transformation de l\u2019aliment, de son processus d\u2019\u00e9laboration apr\u00e8s r\u00e9colte ou abattage jusqu\u2019\u00e0 l\u2019appr\u00e9ciation de sa qualit\u00e9 sensorielle en bouche, de sa qualit\u00e9 nutritionnelle, de son b\u00e9n\u00e9fice sant\u00e9, de son innocuit\u00e9 et de ses propri\u00e9t\u00e9s technologiques. Les m\u00e9canismes dynamiques de construction de cette qualit\u00e9 n\u00e9cessitent une bonne connaissance de la matrice alimentaire et de son interaction avec le milieu. Les comp\u00e9tences pluridisciplinaires requises pour traiter ces questions sont r\u00e9unies au sein de l\u2019unit\u00e9.<\/p>\n","protected":false},"excerpt":{"rendered":"<p>Le Cirad est l&rsquo;organisme fran\u00e7ais de recherche agronomique et de coop\u00e9ration internationale pour le d\u00e9veloppement durable des r\u00e9gions tropicales et m\u00e9diterran\u00e9ennes. Il travaille autour de grandes th\u00e9matiques telles que la s\u00e9curit\u00e9 alimentaire, le changement climatique, la gestion des ressources naturelles, la r\u00e9duction des in\u00e9galit\u00e9s et la lutte contre la pauvret\u00e9. Avec ses partenaires du Sud, &hellip; <\/p>\n<p class=\"link-more\"><a href=\"https:\/\/recavaca.com\/index.php\/le-centre-international-en-recherche-agronomique-pour-le-developpement\/\" class=\"more-link\">Continuer la lecture<span class=\"screen-reader-text\"> de &laquo;&nbsp;Le CIRAD&nbsp;&raquo;<\/span><\/a><\/p>\n","protected":false},"author":3,"featured_media":0,"parent":0,"menu_order":0,"comment_status":"closed","ping_status":"closed","template":"","meta":{"spay_email":""},"yoast_head":"<!-- This site is optimized with the Yoast SEO plugin v18.1 - https:\/\/yoast.com\/wordpress\/plugins\/seo\/ -->\n<title>Le CIRAD - Recavaca<\/title>\n<meta name=\"robots\" content=\"index, follow, max-snippet:-1, max-image-preview:large, max-video-preview:-1\" \/>\n<link rel=\"canonical\" href=\"https:\/\/recavaca.com\/index.php\/le-centre-international-en-recherche-agronomique-pour-le-developpement\/\" \/>\n<meta property=\"og:locale\" content=\"fr_FR\" \/>\n<meta property=\"og:type\" content=\"article\" \/>\n<meta property=\"og:title\" content=\"Le CIRAD - Recavaca\" \/>\n<meta property=\"og:description\" content=\"Le Cirad est l&rsquo;organisme fran\u00e7ais de recherche agronomique et de coop\u00e9ration internationale pour le d\u00e9veloppement durable des r\u00e9gions tropicales et m\u00e9diterran\u00e9ennes. Il travaille autour de grandes th\u00e9matiques telles que la s\u00e9curit\u00e9 alimentaire, le changement climatique, la gestion des ressources naturelles, la r\u00e9duction des in\u00e9galit\u00e9s et la lutte contre la pauvret\u00e9. Avec ses partenaires du Sud, &hellip; Continuer la lecture de &laquo;&nbsp;Le CIRAD&nbsp;&raquo;\" \/>\n<meta property=\"og:url\" content=\"https:\/\/recavaca.com\/index.php\/le-centre-international-en-recherche-agronomique-pour-le-developpement\/\" \/>\n<meta property=\"og:site_name\" content=\"Recavaca\" \/>\n<meta property=\"article:publisher\" content=\"https:\/\/www.facebook.com\/guadeloupeequitableetdurable\/\" \/>\n<meta property=\"article:modified_time\" content=\"2018-06-22T14:24:02+00:00\" \/>\n<meta property=\"og:image\" content=\"http:\/\/recavaca.com\/wp-content\/uploads\/2018\/04\/logo-cirad-fr-2-300x171.jpg\" \/>\n<meta name=\"twitter:card\" content=\"summary_large_image\" \/>\n<meta name=\"twitter:label1\" content=\"Dur\u00e9e de lecture estim\u00e9e\" \/>\n\t<meta name=\"twitter:data1\" content=\"1 minute\" \/>\n<script type=\"application\/ld+json\" class=\"yoast-schema-graph\">{\"@context\":\"https:\/\/schema.org\",\"@graph\":[{\"@type\":\"WebSite\",\"@id\":\"https:\/\/recavaca.com\/#website\",\"url\":\"https:\/\/recavaca.com\/\",\"name\":\"Recavaca\",\"description\":\"R\u00e9seau Carib\u00e9en pour la Valorisation du Cacao\",\"potentialAction\":[{\"@type\":\"SearchAction\",\"target\":{\"@type\":\"EntryPoint\",\"urlTemplate\":\"https:\/\/recavaca.com\/?s={search_term_string}\"},\"query-input\":\"required name=search_term_string\"}],\"inLanguage\":\"fr-FR\"},{\"@type\":\"ImageObject\",\"@id\":\"https:\/\/recavaca.com\/index.php\/le-centre-international-en-recherche-agronomique-pour-le-developpement\/#primaryimage\",\"inLanguage\":\"fr-FR\",\"url\":\"http:\/\/recavaca.com\/wp-content\/uploads\/2018\/04\/logo-cirad-fr-2-300x171.jpg\",\"contentUrl\":\"http:\/\/recavaca.com\/wp-content\/uploads\/2018\/04\/logo-cirad-fr-2-300x171.jpg\"},{\"@type\":\"WebPage\",\"@id\":\"https:\/\/recavaca.com\/index.php\/le-centre-international-en-recherche-agronomique-pour-le-developpement\/#webpage\",\"url\":\"https:\/\/recavaca.com\/index.php\/le-centre-international-en-recherche-agronomique-pour-le-developpement\/\",\"name\":\"Le CIRAD - Recavaca\",\"isPartOf\":{\"@id\":\"https:\/\/recavaca.com\/#website\"},\"primaryImageOfPage\":{\"@id\":\"https:\/\/recavaca.com\/index.php\/le-centre-international-en-recherche-agronomique-pour-le-developpement\/#primaryimage\"},\"datePublished\":\"2018-05-25T14:01:27+00:00\",\"dateModified\":\"2018-06-22T14:24:02+00:00\",\"breadcrumb\":{\"@id\":\"https:\/\/recavaca.com\/index.php\/le-centre-international-en-recherche-agronomique-pour-le-developpement\/#breadcrumb\"},\"inLanguage\":\"fr-FR\",\"potentialAction\":[{\"@type\":\"ReadAction\",\"target\":[\"https:\/\/recavaca.com\/index.php\/le-centre-international-en-recherche-agronomique-pour-le-developpement\/\"]}]},{\"@type\":\"BreadcrumbList\",\"@id\":\"https:\/\/recavaca.com\/index.php\/le-centre-international-en-recherche-agronomique-pour-le-developpement\/#breadcrumb\",\"itemListElement\":[{\"@type\":\"ListItem\",\"position\":1,\"name\":\"Accueil\",\"item\":\"https:\/\/recavaca.com\/\"},{\"@type\":\"ListItem\",\"position\":2,\"name\":\"Le CIRAD\"}]}]}<\/script>\n<!-- \/ Yoast SEO plugin. -->","yoast_head_json":{"title":"Le CIRAD - Recavaca","robots":{"index":"index","follow":"follow","max-snippet":"max-snippet:-1","max-image-preview":"max-image-preview:large","max-video-preview":"max-video-preview:-1"},"canonical":"https:\/\/recavaca.com\/index.php\/le-centre-international-en-recherche-agronomique-pour-le-developpement\/","og_locale":"fr_FR","og_type":"article","og_title":"Le CIRAD - Recavaca","og_description":"Le Cirad est l&rsquo;organisme fran\u00e7ais de recherche agronomique et de coop\u00e9ration internationale pour le d\u00e9veloppement durable des r\u00e9gions tropicales et m\u00e9diterran\u00e9ennes. Il travaille autour de grandes th\u00e9matiques telles que la s\u00e9curit\u00e9 alimentaire, le changement climatique, la gestion des ressources naturelles, la r\u00e9duction des in\u00e9galit\u00e9s et la lutte contre la pauvret\u00e9. Avec ses partenaires du Sud, &hellip; Continuer la lecture de &laquo;&nbsp;Le CIRAD&nbsp;&raquo;","og_url":"https:\/\/recavaca.com\/index.php\/le-centre-international-en-recherche-agronomique-pour-le-developpement\/","og_site_name":"Recavaca","article_publisher":"https:\/\/www.facebook.com\/guadeloupeequitableetdurable\/","article_modified_time":"2018-06-22T14:24:02+00:00","og_image":[{"url":"http:\/\/recavaca.com\/wp-content\/uploads\/2018\/04\/logo-cirad-fr-2-300x171.jpg"}],"twitter_card":"summary_large_image","twitter_misc":{"Dur\u00e9e de lecture estim\u00e9e":"1 minute"},"schema":{"@context":"https:\/\/schema.org","@graph":[{"@type":"WebSite","@id":"https:\/\/recavaca.com\/#website","url":"https:\/\/recavaca.com\/","name":"Recavaca","description":"R\u00e9seau Carib\u00e9en pour la Valorisation du Cacao","potentialAction":[{"@type":"SearchAction","target":{"@type":"EntryPoint","urlTemplate":"https:\/\/recavaca.com\/?s={search_term_string}"},"query-input":"required name=search_term_string"}],"inLanguage":"fr-FR"},{"@type":"ImageObject","@id":"https:\/\/recavaca.com\/index.php\/le-centre-international-en-recherche-agronomique-pour-le-developpement\/#primaryimage","inLanguage":"fr-FR","url":"http:\/\/recavaca.com\/wp-content\/uploads\/2018\/04\/logo-cirad-fr-2-300x171.jpg","contentUrl":"http:\/\/recavaca.com\/wp-content\/uploads\/2018\/04\/logo-cirad-fr-2-300x171.jpg"},{"@type":"WebPage","@id":"https:\/\/recavaca.com\/index.php\/le-centre-international-en-recherche-agronomique-pour-le-developpement\/#webpage","url":"https:\/\/recavaca.com\/index.php\/le-centre-international-en-recherche-agronomique-pour-le-developpement\/","name":"Le CIRAD - Recavaca","isPartOf":{"@id":"https:\/\/recavaca.com\/#website"},"primaryImageOfPage":{"@id":"https:\/\/recavaca.com\/index.php\/le-centre-international-en-recherche-agronomique-pour-le-developpement\/#primaryimage"},"datePublished":"2018-05-25T14:01:27+00:00","dateModified":"2018-06-22T14:24:02+00:00","breadcrumb":{"@id":"https:\/\/recavaca.com\/index.php\/le-centre-international-en-recherche-agronomique-pour-le-developpement\/#breadcrumb"},"inLanguage":"fr-FR","potentialAction":[{"@type":"ReadAction","target":["https:\/\/recavaca.com\/index.php\/le-centre-international-en-recherche-agronomique-pour-le-developpement\/"]}]},{"@type":"BreadcrumbList","@id":"https:\/\/recavaca.com\/index.php\/le-centre-international-en-recherche-agronomique-pour-le-developpement\/#breadcrumb","itemListElement":[{"@type":"ListItem","position":1,"name":"Accueil","item":"https:\/\/recavaca.com\/"},{"@type":"ListItem","position":2,"name":"Le CIRAD"}]}]}},"jetpack_sharing_enabled":true,"jetpack_shortlink":"https:\/\/wp.me\/P9QgSb-iX","jetpack-related-posts":[{"id":642,"url":"https:\/\/recavaca.com\/index.php\/lancement-du-projet\/","url_meta":{"origin":1175,"position":0},"title":"Lancement du Projet","date":"17 avril 2018","format":false,"excerpt":"Lancement du projet de R\u00e9seau Carib\u00e9en pour la Valorisation du Cacao Le projet de R\u00e9seau Carib\u00e9en de valorisation du cacao (RECAVACA), projet cofinanc\u00e9 par le programme INTERREG Cara\u00efbes au titre du Fonds Europ\u00e9en de D\u00e9veloppement R\u00e9gional, a \u00e9t\u00e9 lanc\u00e9 le mardi 24 octobre 2017, au si\u00e8ge du CIRAD (NeufChateau, Capesterre-Belle-Eau)\u2026","rel":"","context":"Article similaire","img":{"alt_text":"","src":"https:\/\/i0.wp.com\/recavaca.com\/wp-content\/uploads\/2018\/04\/lancement.jpg?resize=350%2C200&ssl=1","width":350,"height":200},"classes":[]},{"id":9,"url":"https:\/\/recavaca.com\/","url_meta":{"origin":1175,"position":1},"title":"Accueil","date":"1 avril 2018","format":false,"excerpt":"L\u2019objectif du projet de R\u00e9seau Carib\u00e9en de Valorisation du Cacao (RECAVACA) est de cr\u00e9er une dynamique autour de plusieurs acteurs de la fili\u00e8re cacao, \u00e0 l\u2019\u00e9chelle carib\u00e9enne, afin de contribuer \u00e0 la reconnaissance de plusieurs territoires en tant que pays producteurs d\u2019un cacao de qualit\u00e9, produit en volumes suffisants en\u2026","rel":"","context":"Article similaire","img":{"alt_text":"","src":"https:\/\/i0.wp.com\/recavaca.com\/wp-content\/uploads\/2019\/04\/LOGO_FONDS_EUROPEEN_GUADELOUPE_FEDER_projetcofinance-1024x226.png?resize=350%2C200&ssl=1","width":350,"height":200},"classes":[]},{"id":1185,"url":"https:\/\/recavaca.com\/index.php\/la-region-guadeloupe\/","url_meta":{"origin":1175,"position":2},"title":"La R\u00e9gion Guadeloupe","date":"25 mai 2018","format":false,"excerpt":"La r\u00e9gion Guadeloupe est l\u2019autorit\u00e9 de gestion des fonds europ\u00e9ens dont la Guadeloupe b\u00e9n\u00e9ficie pour son d\u00e9veloppement \u00e9conomique, social et culturel. Ces fonds structurels (Fonds europ\u00e9en de d\u00e9veloppement r\u00e9gional (FEDER),\u00a0Fonds social europ\u00e9en (FSE),\u00a0Fonds Europ\u00e9en Agricole pour le D\u00e9veloppement Rural (FEADER), Fonds europ\u00e9en pour les affaires maritimes et la p\u00eache\u00a0(FEAMP\u00a0) sont\u2026","rel":"","context":"Article similaire","img":{"alt_text":"","src":"","width":0,"height":0},"classes":[]},{"id":37,"url":"https:\/\/recavaca.com\/index.php\/qui-sommes-nous\/","url_meta":{"origin":1175,"position":3},"title":"Qui sommes nous ?","date":"1 avril 2018","format":false,"excerpt":"AGED- Association Guadeloupe Equitable et Durable Fond\u00e9e en Mars 2011 dans un souci de participation \u00e0 la conception d\u2019un monde \u00e9conomique, social et environnemental plus juste, notre association cherche \u00e0 promouvoir le D\u00e9veloppement Durable et le Commerce \u00c9quitable au sein de la R\u00e9gion Cara\u00efbe et notamment en Guadeloupe. Pourquoi ?\u2026","rel":"","context":"Article similaire","img":{"alt_text":"","src":"https:\/\/i0.wp.com\/recavaca.com\/wp-content\/uploads\/2018\/04\/P_20180115_125902.jpg?fit=1200%2C675&ssl=1&resize=350%2C200","width":350,"height":200},"classes":[]},{"id":1189,"url":"https:\/\/recavaca.com\/index.php\/latelier-competences-internationales\/","url_meta":{"origin":1175,"position":4},"title":"L\u2019Atelier Comp\u00e9tences Internationales","date":"25 mai 2018","format":false,"excerpt":"Atelier Comp\u00e9tences Internationales (ACI) est un cabinet d\u2019\u00e9tude, d\u2019accompagnement\u00a0et de formation sp\u00e9cialis\u00e9 dans l\u2019\u00e9mergence et le renforcement de capacit\u00e9s des entrepreneurs et organisations qui mettent le d\u00e9veloppement humain au centre de leurs pr\u00e9occupations. ACI est n\u00e9e du partage d\u2019exp\u00e9riences et d\u2019expertises de ses fondatrices et sur le choix de soutenir\u2026","rel":"","context":"Article similaire","img":{"alt_text":"","src":"","width":0,"height":0},"classes":[]},{"id":1198,"url":"https:\/\/recavaca.com\/index.php\/la-fondation-raja-daniele-marcovici\/","url_meta":{"origin":1175,"position":5},"title":"La Fondation RAJA &#8211; Dani\u00e8le Marcovici","date":"25 mai 2018","format":false,"excerpt":"Le Groupe RAJA a cr\u00e9\u00e9 en 2006, \u00e0 l\u2019initiative de Dani\u00e8le Kapel-Marcovici, et sous \u00e9gide de la Fondation de France, la Fondation RAJA-Dani\u00e8le Marcovici, qui a fait de l\u2019\u00e9mancipation et de l\u2019am\u00e9lioration des conditions de vie des femmes, en France et dans le monde, sa priorit\u00e9. Pour la Fondation, les\u2026","rel":"","context":"Article similaire","img":{"alt_text":"","src":"","width":0,"height":0},"classes":[]}],"_links":{"self":[{"href":"https:\/\/recavaca.com\/index.php\/wp-json\/wp\/v2\/pages\/1175"}],"collection":[{"href":"https:\/\/recavaca.com\/index.php\/wp-json\/wp\/v2\/pages"}],"about":[{"href":"https:\/\/recavaca.com\/index.php\/wp-json\/wp\/v2\/types\/page"}],"author":[{"embeddable":true,"href":"https:\/\/recavaca.com\/index.php\/wp-json\/wp\/v2\/users\/3"}],"replies":[{"embeddable":true,"href":"https:\/\/recavaca.com\/index.php\/wp-json\/wp\/v2\/comments?post=1175"}],"version-history":[{"count":6,"href":"https:\/\/recavaca.com\/index.php\/wp-json\/wp\/v2\/pages\/1175\/revisions"}],"predecessor-version":[{"id":1444,"href":"https:\/\/recavaca.com\/index.php\/wp-json\/wp\/v2\/pages\/1175\/revisions\/1444"}],"wp:attachment":[{"href":"https:\/\/recavaca.com\/index.php\/wp-json\/wp\/v2\/media?parent=1175"}],"curies":[{"name":"wp","href":"https:\/\/api.w.org\/{rel}","templated":true}]}}