{"id":1172,"date":"2018-05-25T15:58:29","date_gmt":"2018-05-25T13:58:29","guid":{"rendered":"https:\/\/recavaca.com\/?page_id=1172"},"modified":"2018-05-25T16:35:48","modified_gmt":"2018-05-25T14:35:48","slug":"la-cooperative-agricole-cacaoyere-et-de-commercialisation-des-abricots","status":"publish","type":"page","link":"https:\/\/recavaca.com\/index.php\/la-cooperative-agricole-cacaoyere-et-de-commercialisation-des-abricots\/","title":{"rendered":"La CACCOMA"},"content":{"rendered":"<p style=\"text-align: justify;\"><img data-attachment-id=\"1099\" data-permalink=\"https:\/\/recavaca.com\/?attachment_id=1099\" data-orig-file=\"https:\/\/i0.wp.com\/recavaca.com\/wp-content\/uploads\/2018\/05\/caccome_hd-Copie.jpg?fit=1210%2C1145&amp;ssl=1\" data-orig-size=\"1210,1145\" data-comments-opened=\"0\" data-image-meta=\"{&quot;aperture&quot;:&quot;0&quot;,&quot;credit&quot;:&quot;&quot;,&quot;camera&quot;:&quot;&quot;,&quot;caption&quot;:&quot;&quot;,&quot;created_timestamp&quot;:&quot;0&quot;,&quot;copyright&quot;:&quot;&quot;,&quot;focal_length&quot;:&quot;0&quot;,&quot;iso&quot;:&quot;0&quot;,&quot;shutter_speed&quot;:&quot;0&quot;,&quot;title&quot;:&quot;&quot;,&quot;orientation&quot;:&quot;0&quot;}\" data-image-title=\"caccome_hd &#8211; Copie\" data-image-description=\"\" data-image-caption=\"\" data-medium-file=\"https:\/\/i0.wp.com\/recavaca.com\/wp-content\/uploads\/2018\/05\/caccome_hd-Copie.jpg?fit=300%2C284&amp;ssl=1\" data-large-file=\"https:\/\/i0.wp.com\/recavaca.com\/wp-content\/uploads\/2018\/05\/caccome_hd-Copie.jpg?fit=525%2C497&amp;ssl=1\" loading=\"lazy\" class=\"alignleft wp-image-1099 size-thumbnail\" src=\"https:\/\/i0.wp.com\/recavaca.com\/wp-content\/uploads\/2018\/05\/caccome_hd-Copie.jpg?resize=150%2C150&#038;ssl=1\" alt=\"\" width=\"150\" height=\"150\" srcset=\"https:\/\/i0.wp.com\/recavaca.com\/wp-content\/uploads\/2018\/05\/caccome_hd-Copie.jpg?resize=150%2C150&amp;ssl=1 150w, https:\/\/i0.wp.com\/recavaca.com\/wp-content\/uploads\/2018\/05\/caccome_hd-Copie.jpg?resize=100%2C100&amp;ssl=1 100w, https:\/\/i0.wp.com\/recavaca.com\/wp-content\/uploads\/2018\/05\/caccome_hd-Copie.jpg?zoom=2&amp;resize=150%2C150&amp;ssl=1 300w, https:\/\/i0.wp.com\/recavaca.com\/wp-content\/uploads\/2018\/05\/caccome_hd-Copie.jpg?zoom=3&amp;resize=150%2C150&amp;ssl=1 450w\" sizes=\"(max-width: 150px) 100vw, 150px\" data-recalc-dims=\"1\" \/>La CACCOMA a \u00e9t\u00e9 cr\u00e9\u00e9e le 15 janvier 2016. La coop\u00e9rative est n\u00e9e d\u2019une volont\u00e9 de f\u00e9d\u00e9rer plusieurs coop\u00e9ratives, afin d\u2019organiser l\u2019appui \u00e0 la production par des \u00e9changes de bonnes pratiques et des actions visant \u00e0 structurer de fa\u00e7on efficace le d\u00e9veloppement commercial des diff\u00e9rentes entit\u00e9s membres.<\/p>\n<p style=\"text-align: justify;\">Les nombreux efforts et actions men\u00e9s par la coop\u00e9rative sur le \u00ab terroir \u00bb des Abricots dans la Grand\u2019 Anse ont permis d\u2019obtenir la certification bio, d\u00e9livr\u00e9e par Ecocert \u00e0 plusieurs producteurs. La cr\u00e9ation de la coop\u00e9rative permet de fait d\u2019obtenir un permis d\u2019exportation pour la commercialisation directe des productions.<\/p>\n","protected":false},"excerpt":{"rendered":"<p>La CACCOMA a \u00e9t\u00e9 cr\u00e9\u00e9e le 15 janvier 2016. La coop\u00e9rative est n\u00e9e d\u2019une volont\u00e9 de f\u00e9d\u00e9rer plusieurs coop\u00e9ratives, afin d\u2019organiser l\u2019appui \u00e0 la production par des \u00e9changes de bonnes pratiques et des actions visant \u00e0 structurer de fa\u00e7on efficace le d\u00e9veloppement commercial des diff\u00e9rentes entit\u00e9s membres. Les nombreux efforts et actions men\u00e9s par la &hellip; <\/p>\n<p class=\"link-more\"><a href=\"https:\/\/recavaca.com\/index.php\/la-cooperative-agricole-cacaoyere-et-de-commercialisation-des-abricots\/\" class=\"more-link\">Continuer la lecture<span class=\"screen-reader-text\"> de &laquo;&nbsp;La CACCOMA&nbsp;&raquo;<\/span><\/a><\/p>\n","protected":false},"author":3,"featured_media":0,"parent":0,"menu_order":0,"comment_status":"closed","ping_status":"closed","template":"","meta":{"spay_email":""},"yoast_head":"<!-- This site is optimized with the Yoast SEO plugin v18.1 - https:\/\/yoast.com\/wordpress\/plugins\/seo\/ -->\n<title>La CACCOMA - Recavaca<\/title>\n<meta name=\"robots\" content=\"index, follow, max-snippet:-1, max-image-preview:large, max-video-preview:-1\" \/>\n<link rel=\"canonical\" href=\"https:\/\/recavaca.com\/index.php\/la-cooperative-agricole-cacaoyere-et-de-commercialisation-des-abricots\/\" \/>\n<meta property=\"og:locale\" content=\"fr_FR\" \/>\n<meta property=\"og:type\" content=\"article\" \/>\n<meta property=\"og:title\" content=\"La CACCOMA - Recavaca\" \/>\n<meta property=\"og:description\" content=\"La CACCOMA a \u00e9t\u00e9 cr\u00e9\u00e9e le 15 janvier 2016. La coop\u00e9rative est n\u00e9e d\u2019une volont\u00e9 de f\u00e9d\u00e9rer plusieurs coop\u00e9ratives, afin d\u2019organiser l\u2019appui \u00e0 la production par des \u00e9changes de bonnes pratiques et des actions visant \u00e0 structurer de fa\u00e7on efficace le d\u00e9veloppement commercial des diff\u00e9rentes entit\u00e9s membres. Les nombreux efforts et actions men\u00e9s par la &hellip; Continuer la lecture de &laquo;&nbsp;La CACCOMA&nbsp;&raquo;\" \/>\n<meta property=\"og:url\" content=\"https:\/\/recavaca.com\/index.php\/la-cooperative-agricole-cacaoyere-et-de-commercialisation-des-abricots\/\" \/>\n<meta property=\"og:site_name\" content=\"Recavaca\" \/>\n<meta property=\"article:publisher\" content=\"https:\/\/www.facebook.com\/guadeloupeequitableetdurable\/\" \/>\n<meta property=\"article:modified_time\" content=\"2018-05-25T14:35:48+00:00\" \/>\n<meta property=\"og:image\" content=\"https:\/\/recavaca.com\/wp-content\/uploads\/2018\/05\/caccome_hd-Copie-150x150.jpg\" \/>\n<meta name=\"twitter:card\" content=\"summary_large_image\" \/>\n<meta name=\"twitter:label1\" content=\"Dur\u00e9e de lecture estim\u00e9e\" \/>\n\t<meta name=\"twitter:data1\" content=\"1 minute\" \/>\n<script type=\"application\/ld+json\" class=\"yoast-schema-graph\">{\"@context\":\"https:\/\/schema.org\",\"@graph\":[{\"@type\":\"WebSite\",\"@id\":\"https:\/\/recavaca.com\/#website\",\"url\":\"https:\/\/recavaca.com\/\",\"name\":\"Recavaca\",\"description\":\"R\u00e9seau Carib\u00e9en pour la Valorisation du Cacao\",\"potentialAction\":[{\"@type\":\"SearchAction\",\"target\":{\"@type\":\"EntryPoint\",\"urlTemplate\":\"https:\/\/recavaca.com\/?s={search_term_string}\"},\"query-input\":\"required name=search_term_string\"}],\"inLanguage\":\"fr-FR\"},{\"@type\":\"ImageObject\",\"@id\":\"https:\/\/recavaca.com\/index.php\/la-cooperative-agricole-cacaoyere-et-de-commercialisation-des-abricots\/#primaryimage\",\"inLanguage\":\"fr-FR\",\"url\":\"https:\/\/i0.wp.com\/recavaca.com\/wp-content\/uploads\/2018\/05\/caccome_hd-Copie.jpg?fit=1210%2C1145&ssl=1\",\"contentUrl\":\"https:\/\/i0.wp.com\/recavaca.com\/wp-content\/uploads\/2018\/05\/caccome_hd-Copie.jpg?fit=1210%2C1145&ssl=1\",\"width\":1210,\"height\":1145},{\"@type\":\"WebPage\",\"@id\":\"https:\/\/recavaca.com\/index.php\/la-cooperative-agricole-cacaoyere-et-de-commercialisation-des-abricots\/#webpage\",\"url\":\"https:\/\/recavaca.com\/index.php\/la-cooperative-agricole-cacaoyere-et-de-commercialisation-des-abricots\/\",\"name\":\"La CACCOMA - Recavaca\",\"isPartOf\":{\"@id\":\"https:\/\/recavaca.com\/#website\"},\"primaryImageOfPage\":{\"@id\":\"https:\/\/recavaca.com\/index.php\/la-cooperative-agricole-cacaoyere-et-de-commercialisation-des-abricots\/#primaryimage\"},\"datePublished\":\"2018-05-25T13:58:29+00:00\",\"dateModified\":\"2018-05-25T14:35:48+00:00\",\"breadcrumb\":{\"@id\":\"https:\/\/recavaca.com\/index.php\/la-cooperative-agricole-cacaoyere-et-de-commercialisation-des-abricots\/#breadcrumb\"},\"inLanguage\":\"fr-FR\",\"potentialAction\":[{\"@type\":\"ReadAction\",\"target\":[\"https:\/\/recavaca.com\/index.php\/la-cooperative-agricole-cacaoyere-et-de-commercialisation-des-abricots\/\"]}]},{\"@type\":\"BreadcrumbList\",\"@id\":\"https:\/\/recavaca.com\/index.php\/la-cooperative-agricole-cacaoyere-et-de-commercialisation-des-abricots\/#breadcrumb\",\"itemListElement\":[{\"@type\":\"ListItem\",\"position\":1,\"name\":\"Accueil\",\"item\":\"https:\/\/recavaca.com\/\"},{\"@type\":\"ListItem\",\"position\":2,\"name\":\"La CACCOMA\"}]}]}<\/script>\n<!-- \/ Yoast SEO plugin. -->","yoast_head_json":{"title":"La CACCOMA - Recavaca","robots":{"index":"index","follow":"follow","max-snippet":"max-snippet:-1","max-image-preview":"max-image-preview:large","max-video-preview":"max-video-preview:-1"},"canonical":"https:\/\/recavaca.com\/index.php\/la-cooperative-agricole-cacaoyere-et-de-commercialisation-des-abricots\/","og_locale":"fr_FR","og_type":"article","og_title":"La CACCOMA - Recavaca","og_description":"La CACCOMA a \u00e9t\u00e9 cr\u00e9\u00e9e le 15 janvier 2016. La coop\u00e9rative est n\u00e9e d\u2019une volont\u00e9 de f\u00e9d\u00e9rer plusieurs coop\u00e9ratives, afin d\u2019organiser l\u2019appui \u00e0 la production par des \u00e9changes de bonnes pratiques et des actions visant \u00e0 structurer de fa\u00e7on efficace le d\u00e9veloppement commercial des diff\u00e9rentes entit\u00e9s membres. Les nombreux efforts et actions men\u00e9s par la &hellip; Continuer la lecture de &laquo;&nbsp;La CACCOMA&nbsp;&raquo;","og_url":"https:\/\/recavaca.com\/index.php\/la-cooperative-agricole-cacaoyere-et-de-commercialisation-des-abricots\/","og_site_name":"Recavaca","article_publisher":"https:\/\/www.facebook.com\/guadeloupeequitableetdurable\/","article_modified_time":"2018-05-25T14:35:48+00:00","og_image":[{"url":"https:\/\/recavaca.com\/wp-content\/uploads\/2018\/05\/caccome_hd-Copie-150x150.jpg"}],"twitter_card":"summary_large_image","twitter_misc":{"Dur\u00e9e de lecture estim\u00e9e":"1 minute"},"schema":{"@context":"https:\/\/schema.org","@graph":[{"@type":"WebSite","@id":"https:\/\/recavaca.com\/#website","url":"https:\/\/recavaca.com\/","name":"Recavaca","description":"R\u00e9seau Carib\u00e9en pour la Valorisation du Cacao","potentialAction":[{"@type":"SearchAction","target":{"@type":"EntryPoint","urlTemplate":"https:\/\/recavaca.com\/?s={search_term_string}"},"query-input":"required name=search_term_string"}],"inLanguage":"fr-FR"},{"@type":"ImageObject","@id":"https:\/\/recavaca.com\/index.php\/la-cooperative-agricole-cacaoyere-et-de-commercialisation-des-abricots\/#primaryimage","inLanguage":"fr-FR","url":"https:\/\/i0.wp.com\/recavaca.com\/wp-content\/uploads\/2018\/05\/caccome_hd-Copie.jpg?fit=1210%2C1145&ssl=1","contentUrl":"https:\/\/i0.wp.com\/recavaca.com\/wp-content\/uploads\/2018\/05\/caccome_hd-Copie.jpg?fit=1210%2C1145&ssl=1","width":1210,"height":1145},{"@type":"WebPage","@id":"https:\/\/recavaca.com\/index.php\/la-cooperative-agricole-cacaoyere-et-de-commercialisation-des-abricots\/#webpage","url":"https:\/\/recavaca.com\/index.php\/la-cooperative-agricole-cacaoyere-et-de-commercialisation-des-abricots\/","name":"La CACCOMA - Recavaca","isPartOf":{"@id":"https:\/\/recavaca.com\/#website"},"primaryImageOfPage":{"@id":"https:\/\/recavaca.com\/index.php\/la-cooperative-agricole-cacaoyere-et-de-commercialisation-des-abricots\/#primaryimage"},"datePublished":"2018-05-25T13:58:29+00:00","dateModified":"2018-05-25T14:35:48+00:00","breadcrumb":{"@id":"https:\/\/recavaca.com\/index.php\/la-cooperative-agricole-cacaoyere-et-de-commercialisation-des-abricots\/#breadcrumb"},"inLanguage":"fr-FR","potentialAction":[{"@type":"ReadAction","target":["https:\/\/recavaca.com\/index.php\/la-cooperative-agricole-cacaoyere-et-de-commercialisation-des-abricots\/"]}]},{"@type":"BreadcrumbList","@id":"https:\/\/recavaca.com\/index.php\/la-cooperative-agricole-cacaoyere-et-de-commercialisation-des-abricots\/#breadcrumb","itemListElement":[{"@type":"ListItem","position":1,"name":"Accueil","item":"https:\/\/recavaca.com\/"},{"@type":"ListItem","position":2,"name":"La CACCOMA"}]}]}},"jetpack_sharing_enabled":true,"jetpack_shortlink":"https:\/\/wp.me\/P9QgSb-iU","jetpack-related-posts":[{"id":1203,"url":"https:\/\/recavaca.com\/index.php\/semla-vie\/","url_meta":{"origin":1172,"position":0},"title":"S\u00e8m&rsquo;la Vie","date":"25 mai 2018","format":false,"excerpt":"Membre du r\u00e9seau des agro\u00e9cologistes sans fronti\u00e8re (www.agroecologistesf.org). Didier Meunier est un formateur agronome, sp\u00e9cialis\u00e9 en agro\u00e9cologie. Il intervient, depuis janvier 2012, dans le d\u00e9partement de la Grand\u2019Anse pour participer au d\u00e9veloppement d\u2019une fili\u00e8re cacao de qualit\u00e9. Il a eu \u00e9galement l\u2019occasion de travailler sur la production de semences de\u2026","rel":"","context":"Article similaire","img":{"alt_text":"","src":"","width":0,"height":0},"classes":[]},{"id":9,"url":"https:\/\/recavaca.com\/","url_meta":{"origin":1172,"position":1},"title":"Accueil","date":"1 avril 2018","format":false,"excerpt":"L\u2019objectif du projet de R\u00e9seau Carib\u00e9en de Valorisation du Cacao (RECAVACA) est de cr\u00e9er une dynamique autour de plusieurs acteurs de la fili\u00e8re cacao, \u00e0 l\u2019\u00e9chelle carib\u00e9enne, afin de contribuer \u00e0 la reconnaissance de plusieurs territoires en tant que pays producteurs d\u2019un cacao de qualit\u00e9, produit en volumes suffisants en\u2026","rel":"","context":"Article similaire","img":{"alt_text":"","src":"https:\/\/i0.wp.com\/recavaca.com\/wp-content\/uploads\/2019\/04\/LOGO_FONDS_EUROPEEN_GUADELOUPE_FEDER_projetcofinance-1024x226.png?resize=350%2C200&ssl=1","width":350,"height":200},"classes":[]},{"id":1192,"url":"https:\/\/recavaca.com\/index.php\/la-mission-jeunes-experts-aequum\/","url_meta":{"origin":1172,"position":2},"title":"La MJE \u2013 AEQUUM","date":"25 mai 2018","format":false,"excerpt":"L\u2019\u00e9quipe Aequum est compos\u00e9e d\u2019\u00e9tudiants issus d\u2019une \u00e9cole d\u2019ing\u00e9nieur en agronomie et d\u00e9veloppement international (ISTOM), et a pour vocation de s\u2019int\u00e9resser aux th\u00e9matiques du commerce \u00e9quitable et solidaire dans les pays en d\u00e9veloppement. Elle est plac\u00e9e sous l\u2019\u00e9gide de l\u2019association Expert\u2019Co, qui r\u00e9alise depuis 2011 des projets de d\u00e9veloppement, dans\u2026","rel":"","context":"Article similaire","img":{"alt_text":"","src":"","width":0,"height":0},"classes":[]},{"id":5,"url":"https:\/\/recavaca.com\/index.php\/recavaca\/","url_meta":{"origin":1172,"position":3},"title":"Pr\u00e9sentation","date":"1 avril 2018","format":false,"excerpt":"Recavaca : un projet de coop\u00e9ration pour la valorisation du cacao Le projet Recavaca (R\u00e9seau Carib\u00e9en pour la valorisation du cacao), vise le renforcement de la diversification \u00e9conomique des territoires d\u2019Ha\u00efti et de la Guadeloupe, et plus largement de la r\u00e9gion Cara\u00efbe, par le transfert des connaissances et la commercialisation\u2026","rel":"","context":"Article similaire","img":{"alt_text":"","src":"https:\/\/i0.wp.com\/recavaca.com\/wp-content\/uploads\/2019\/04\/interreg_CARAIBES_FR_RGB-Copie.jpg?fit=1200%2C601&ssl=1&resize=350%2C200","width":350,"height":200},"classes":[]},{"id":642,"url":"https:\/\/recavaca.com\/index.php\/lancement-du-projet\/","url_meta":{"origin":1172,"position":4},"title":"Lancement du Projet","date":"17 avril 2018","format":false,"excerpt":"Lancement du projet de R\u00e9seau Carib\u00e9en pour la Valorisation du Cacao Le projet de R\u00e9seau Carib\u00e9en de valorisation du cacao (RECAVACA), projet cofinanc\u00e9 par le programme INTERREG Cara\u00efbes au titre du Fonds Europ\u00e9en de D\u00e9veloppement R\u00e9gional, a \u00e9t\u00e9 lanc\u00e9 le mardi 24 octobre 2017, au si\u00e8ge du CIRAD (NeufChateau, Capesterre-Belle-Eau)\u2026","rel":"","context":"Article similaire","img":{"alt_text":"","src":"https:\/\/i0.wp.com\/recavaca.com\/wp-content\/uploads\/2018\/04\/lancement.jpg?resize=350%2C200&ssl=1","width":350,"height":200},"classes":[]},{"id":37,"url":"https:\/\/recavaca.com\/index.php\/qui-sommes-nous\/","url_meta":{"origin":1172,"position":5},"title":"Qui sommes nous ?","date":"1 avril 2018","format":false,"excerpt":"AGED- Association Guadeloupe Equitable et Durable Fond\u00e9e en Mars 2011 dans un souci de participation \u00e0 la conception d\u2019un monde \u00e9conomique, social et environnemental plus juste, notre association cherche \u00e0 promouvoir le D\u00e9veloppement Durable et le Commerce \u00c9quitable au sein de la R\u00e9gion Cara\u00efbe et notamment en Guadeloupe. Pourquoi ?\u2026","rel":"","context":"Article similaire","img":{"alt_text":"","src":"https:\/\/i0.wp.com\/recavaca.com\/wp-content\/uploads\/2018\/04\/P_20180115_125902.jpg?fit=1200%2C675&ssl=1&resize=350%2C200","width":350,"height":200},"classes":[]}],"_links":{"self":[{"href":"https:\/\/recavaca.com\/index.php\/wp-json\/wp\/v2\/pages\/1172"}],"collection":[{"href":"https:\/\/recavaca.com\/index.php\/wp-json\/wp\/v2\/pages"}],"about":[{"href":"https:\/\/recavaca.com\/index.php\/wp-json\/wp\/v2\/types\/page"}],"author":[{"embeddable":true,"href":"https:\/\/recavaca.com\/index.php\/wp-json\/wp\/v2\/users\/3"}],"replies":[{"embeddable":true,"href":"https:\/\/recavaca.com\/index.php\/wp-json\/wp\/v2\/comments?post=1172"}],"version-history":[{"count":3,"href":"https:\/\/recavaca.com\/index.php\/wp-json\/wp\/v2\/pages\/1172\/revisions"}],"predecessor-version":[{"id":1174,"href":"https:\/\/recavaca.com\/index.php\/wp-json\/wp\/v2\/pages\/1172\/revisions\/1174"}],"wp:attachment":[{"href":"https:\/\/recavaca.com\/index.php\/wp-json\/wp\/v2\/media?parent=1172"}],"curies":[{"name":"wp","href":"https:\/\/api.w.org\/{rel}","templated":true}]}}