{"id":1139,"date":"2018-05-24T21:11:34","date_gmt":"2018-05-24T19:11:34","guid":{"rendered":"https:\/\/recavaca.com\/?page_id=1139"},"modified":"2018-06-05T17:13:06","modified_gmt":"2018-06-05T15:13:06","slug":"who-we-are","status":"publish","type":"page","link":"https:\/\/recavaca.com\/index.php\/en\/who-we-are\/","title":{"rendered":"Who we are"},"content":{"rendered":"<h1 id=\"wnd_TextBlock_93755_inner_0\">AGED- Association Guadeloupe Equitable and Sustainable<\/h1>\n<p style=\"text-align: justify;\">Founded in March 2011 in order to participate in the design of a fairer economic, social and environmental world, our association seeks to promote Sustainable Development and Fair Trade within the Caribbean Region and in particular in Guadeloupe.<\/p>\n<p style=\"text-align: justify;\"><img data-attachment-id=\"883\" data-permalink=\"https:\/\/recavaca.com\/index.php\/qui-sommes-nous\/logo-hd-aged\/\" data-orig-file=\"https:\/\/i0.wp.com\/recavaca.com\/wp-content\/uploads\/2018\/04\/LOGO-HD-AGED.png?fit=2480%2C827&amp;ssl=1\" data-orig-size=\"2480,827\" data-comments-opened=\"0\" data-image-meta=\"{&quot;aperture&quot;:&quot;0&quot;,&quot;credit&quot;:&quot;&quot;,&quot;camera&quot;:&quot;&quot;,&quot;caption&quot;:&quot;&quot;,&quot;created_timestamp&quot;:&quot;0&quot;,&quot;copyright&quot;:&quot;&quot;,&quot;focal_length&quot;:&quot;0&quot;,&quot;iso&quot;:&quot;0&quot;,&quot;shutter_speed&quot;:&quot;0&quot;,&quot;title&quot;:&quot;&quot;,&quot;orientation&quot;:&quot;0&quot;}\" data-image-title=\"LOGO HD AGED\" data-image-description=\"\" data-image-caption=\"\" data-medium-file=\"https:\/\/i0.wp.com\/recavaca.com\/wp-content\/uploads\/2018\/04\/LOGO-HD-AGED.png?fit=300%2C100&amp;ssl=1\" data-large-file=\"https:\/\/i0.wp.com\/recavaca.com\/wp-content\/uploads\/2018\/04\/LOGO-HD-AGED.png?fit=525%2C175&amp;ssl=1\" loading=\"lazy\" class=\"aligncenter wp-image-883 size-large\" src=\"https:\/\/i0.wp.com\/recavaca.com\/wp-content\/uploads\/2018\/04\/LOGO-HD-AGED.png?resize=525%2C175&#038;ssl=1\" alt=\"\" width=\"525\" height=\"175\" srcset=\"https:\/\/i0.wp.com\/recavaca.com\/wp-content\/uploads\/2018\/04\/LOGO-HD-AGED.png?resize=1024%2C341&amp;ssl=1 1024w, https:\/\/i0.wp.com\/recavaca.com\/wp-content\/uploads\/2018\/04\/LOGO-HD-AGED.png?resize=300%2C100&amp;ssl=1 300w, https:\/\/i0.wp.com\/recavaca.com\/wp-content\/uploads\/2018\/04\/LOGO-HD-AGED.png?resize=768%2C256&amp;ssl=1 768w, https:\/\/i0.wp.com\/recavaca.com\/wp-content\/uploads\/2018\/04\/LOGO-HD-AGED.png?w=1575&amp;ssl=1 1575w\" sizes=\"(max-width: 525px) 100vw, 525px\" data-recalc-dims=\"1\" \/><!--more--><\/p>\n<h2 id=\"wnd_TextBlock_93755_inner_3\" style=\"text-align: justify;\"><b><span class=\"wnd-font-size-80\">Why ?<\/span><\/b><\/h2>\n<p id=\"wnd_TextBlock_93755_inner_4\" style=\"text-align: justify;\">The idea is to support and promote access to the international market for artisans and small producers (often marginalized and challenged by large commercial groups) with the aim of improving their standard of living and achieving greater equity in world trade, while contributing to sustainable development.<\/p>\n<p id=\"wnd_TextBlock_93755_inner_5\" style=\"text-align: justify;\">There is also the desire to participate in the economic development of certain regions or countries in difficulty, while stimulating agriculture in Guadeloupe (principle of cooperation).<\/p>\n<h2 id=\"wnd_TextBlock_93755_inner_6\"><b><span class=\"wnd-font-size-80\">How ?<\/span><\/b><\/h2>\n<h3 id=\"wnd_TextBlock_93755_inner_7\"><b><span class=\"wnd-font-size-80\">By setting up different actions:<\/span><\/b><\/h3>\n<ul id=\"wnd_TextBlock_93755_inner_8\">\n<li style=\"text-align: justify;\"><span class=\"wnd-font-size-80\">Consumer and public awareness raising for responsible consumption * (\u00ab\u00a0Fair Trade Fortnight\u00a0\u00bb organized in May) ;<\/span><\/li>\n<li style=\"text-align: justify;\"><span class=\"wnd-font-size-80\">Creating spaces for cultural exchange and learning ;<br \/>\n<\/span><\/li>\n<li style=\"text-align: justify;\">Creation of marketing and distribution channels for fair trade and organic farming products ;<\/li>\n<li style=\"text-align: justify;\">Development of commercial relations with the small producers of the Caribbean Region.<\/li>\n<\/ul>\n<h3 id=\"wnd_TextBlock_20379_inner_1\"><span class=\"wnd-font-size-70\"><b>But what is responsible consumption?<\/b><\/span><\/h3>\n<p id=\"wnd_TextBlock_20379_inner_3\" style=\"text-align: justify;\"><span class=\"wnd-font-size-80\">\u00ab\u00a0Responsible consumption\u00a0\u00bb means:<\/span><\/p>\n<ul id=\"wnd_TextBlock_20379_inner_4\" style=\"text-align: justify;\">\n<li><span class=\"wnd-font-size-80\">Learn to read a label, know how to recognize an environmental label and learn about the origin of a product;<br \/>\n<\/span><\/li>\n<li><span class=\"wnd-font-size-80\">Encourage good consumer practices, and inform and educate those around you;<br \/>\n<\/span><\/li>\n<li>Consume fair trade products.<\/li>\n<\/ul>\n<p id=\"wnd_TextBlock_20379_inner_5\" style=\"text-align: justify;\">Responsible consumption is then and above all a<strong> thoughtful purchase approach<\/strong>. It is also to participate in companies&rsquo; involvement in equitable and <strong>sustainable development<\/strong>. The consumer becomes a knowledgeable and committed player, in particular by reflecting on the environmental and social consequences of his purchasing act.<\/p>\n<p id=\"wnd_TextBlock_20379_inner_6\"><strong>You also become a responsible consumer!<\/strong><\/p>\n<h2 id=\"wnd_TextBlock_46680_inner_0\"><strong>Our projects<\/strong><\/h2>\n<h3 id=\"wnd_TextBlock_46680_inner_1\"><span class=\"wnd-font-size-80\"><strong><em>News:<\/em><\/strong><br \/>\n<\/span><\/h3>\n<p style=\"text-align: justify;\"><strong>Cocoa:<\/strong> Cooperation project with the region of Grand Anse in Haiti; Development and marketing of organic fair trade cocoa, a Caribbean and global ambition!<\/p>\n<h3 id=\"wnd_TextBlock_46680_inner_3\" style=\"text-align: justify;\"><strong>Another project in progress:<\/strong><\/h3>\n<p style=\"text-align: justify;\"><strong>Cotton:<\/strong> Cooperation Project with the Nordeste Region of Brazil; Creation of a fair trade organic cotton clothing sector from Brazil and colored with plant materials of Guadeloupe origin.<\/p>\n<h3><strong>Parade in connection with the fair trade organic cotton project; Brazil-Guadeloupe cooperation<\/strong><\/h3>\n<p style=\"text-align: justify;\">Clothes made by BAC PRO students Fashion Department at Lyc\u00e9e Chevalier de Saint Georges in Pointe-\u00e0-Pitre, December 2013<\/p>\n<ul class=\"ili-indent\">\n<li>Fair trade cotton fabric<\/li>\n<li>Natural color<\/li>\n<\/ul>\n<div>\n<p>[ngg_images source=\u00a0\u00bbgalleries\u00a0\u00bb container_ids=\u00a0\u00bb3&Prime; display_type=\u00a0\u00bbphotocrati-nextgen_basic_slideshow\u00a0\u00bb gallery_width=\u00a0\u00bb600&Prime; gallery_height=\u00a0\u00bb400&Prime; cycle_effect=\u00a0\u00bbfade\u00a0\u00bb cycle_interval=\u00a0\u00bb3&Prime; show_thumbnail_link=\u00a0\u00bb0&Prime; thumbnail_link_text=\u00a0\u00bb[Montrer sous forme de vignettes]\u00a0\u00bb order_by=\u00a0\u00bbsortorder\u00a0\u00bb order_direction=\u00a0\u00bbASC\u00a0\u00bb returns=\u00a0\u00bbincluded\u00a0\u00bb maximum_entity_count=\u00a0\u00bb500&Prime;]<\/p>\n<\/div>\n","protected":false},"excerpt":{"rendered":"<p>AGED- Association Guadeloupe Equitable and Sustainable Founded in March 2011 in order to participate in the design of a fairer economic, social and environmental world, our association seeks to promote Sustainable Development and Fair Trade within the Caribbean Region and in particular in Guadeloupe.<\/p>\n","protected":false},"author":3,"featured_media":608,"parent":0,"menu_order":6,"comment_status":"closed","ping_status":"closed","template":"","meta":{"spay_email":""},"yoast_head":"<!-- This site is optimized with the Yoast SEO plugin v18.1 - https:\/\/yoast.com\/wordpress\/plugins\/seo\/ -->\n<title>Who we are - Recavaca<\/title>\n<meta name=\"robots\" content=\"index, follow, max-snippet:-1, max-image-preview:large, max-video-preview:-1\" \/>\n<link rel=\"canonical\" href=\"https:\/\/recavaca.com\/index.php\/en\/who-we-are\/\" \/>\n<meta property=\"og:locale\" content=\"fr_FR\" \/>\n<meta property=\"og:type\" content=\"article\" \/>\n<meta property=\"og:title\" content=\"Who we are - Recavaca\" \/>\n<meta property=\"og:description\" content=\"AGED- Association Guadeloupe Equitable and Sustainable Founded in March 2011 in order to participate in the design of a fairer economic, social and environmental world, our association seeks to promote Sustainable Development and Fair Trade within the Caribbean Region and in particular in Guadeloupe.\" \/>\n<meta property=\"og:url\" content=\"https:\/\/recavaca.com\/index.php\/en\/who-we-are\/\" \/>\n<meta property=\"og:site_name\" content=\"Recavaca\" \/>\n<meta property=\"article:publisher\" content=\"https:\/\/www.facebook.com\/guadeloupeequitableetdurable\/\" \/>\n<meta property=\"article:modified_time\" content=\"2018-06-05T15:13:06+00:00\" \/>\n<meta property=\"og:image\" content=\"https:\/\/i0.wp.com\/recavaca.com\/wp-content\/uploads\/2018\/04\/P_20180115_125902.jpg?fit=3840%2C2160&#038;ssl=1\" \/>\n\t<meta property=\"og:image:width\" content=\"3840\" \/>\n\t<meta property=\"og:image:height\" content=\"2160\" \/>\n\t<meta property=\"og:image:type\" content=\"image\/jpeg\" \/>\n<meta name=\"twitter:card\" content=\"summary_large_image\" \/>\n<meta name=\"twitter:label1\" content=\"Dur\u00e9e de lecture estim\u00e9e\" \/>\n\t<meta name=\"twitter:data1\" content=\"2 minutes\" \/>\n<script type=\"application\/ld+json\" class=\"yoast-schema-graph\">{\"@context\":\"https:\/\/schema.org\",\"@graph\":[{\"@type\":\"WebSite\",\"@id\":\"https:\/\/recavaca.com\/#website\",\"url\":\"https:\/\/recavaca.com\/\",\"name\":\"Recavaca\",\"description\":\"R\u00e9seau Carib\u00e9en pour la Valorisation du Cacao\",\"potentialAction\":[{\"@type\":\"SearchAction\",\"target\":{\"@type\":\"EntryPoint\",\"urlTemplate\":\"https:\/\/recavaca.com\/?s={search_term_string}\"},\"query-input\":\"required name=search_term_string\"}],\"inLanguage\":\"fr-FR\"},{\"@type\":\"ImageObject\",\"@id\":\"https:\/\/recavaca.com\/index.php\/en\/who-we-are\/#primaryimage\",\"inLanguage\":\"fr-FR\",\"url\":\"https:\/\/i0.wp.com\/recavaca.com\/wp-content\/uploads\/2018\/04\/P_20180115_125902.jpg?fit=3840%2C2160&ssl=1\",\"contentUrl\":\"https:\/\/i0.wp.com\/recavaca.com\/wp-content\/uploads\/2018\/04\/P_20180115_125902.jpg?fit=3840%2C2160&ssl=1\",\"width\":3840,\"height\":2160},{\"@type\":\"WebPage\",\"@id\":\"https:\/\/recavaca.com\/index.php\/en\/who-we-are\/#webpage\",\"url\":\"https:\/\/recavaca.com\/index.php\/en\/who-we-are\/\",\"name\":\"Who we are - Recavaca\",\"isPartOf\":{\"@id\":\"https:\/\/recavaca.com\/#website\"},\"primaryImageOfPage\":{\"@id\":\"https:\/\/recavaca.com\/index.php\/en\/who-we-are\/#primaryimage\"},\"datePublished\":\"2018-05-24T19:11:34+00:00\",\"dateModified\":\"2018-06-05T15:13:06+00:00\",\"breadcrumb\":{\"@id\":\"https:\/\/recavaca.com\/index.php\/en\/who-we-are\/#breadcrumb\"},\"inLanguage\":\"fr-FR\",\"potentialAction\":[{\"@type\":\"ReadAction\",\"target\":[\"https:\/\/recavaca.com\/index.php\/en\/who-we-are\/\"]}]},{\"@type\":\"BreadcrumbList\",\"@id\":\"https:\/\/recavaca.com\/index.php\/en\/who-we-are\/#breadcrumb\",\"itemListElement\":[{\"@type\":\"ListItem\",\"position\":1,\"name\":\"Accueil\",\"item\":\"https:\/\/recavaca.com\/\"},{\"@type\":\"ListItem\",\"position\":2,\"name\":\"Who we are\"}]}]}<\/script>\n<!-- \/ Yoast SEO plugin. -->","yoast_head_json":{"title":"Who we are - Recavaca","robots":{"index":"index","follow":"follow","max-snippet":"max-snippet:-1","max-image-preview":"max-image-preview:large","max-video-preview":"max-video-preview:-1"},"canonical":"https:\/\/recavaca.com\/index.php\/en\/who-we-are\/","og_locale":"fr_FR","og_type":"article","og_title":"Who we are - Recavaca","og_description":"AGED- Association Guadeloupe Equitable and Sustainable Founded in March 2011 in order to participate in the design of a fairer economic, social and environmental world, our association seeks to promote Sustainable Development and Fair Trade within the Caribbean Region and in particular in Guadeloupe.","og_url":"https:\/\/recavaca.com\/index.php\/en\/who-we-are\/","og_site_name":"Recavaca","article_publisher":"https:\/\/www.facebook.com\/guadeloupeequitableetdurable\/","article_modified_time":"2018-06-05T15:13:06+00:00","og_image":[{"width":3840,"height":2160,"url":"https:\/\/i0.wp.com\/recavaca.com\/wp-content\/uploads\/2018\/04\/P_20180115_125902.jpg?fit=3840%2C2160&ssl=1","type":"image\/jpeg"}],"twitter_card":"summary_large_image","twitter_misc":{"Dur\u00e9e de lecture estim\u00e9e":"2 minutes"},"schema":{"@context":"https:\/\/schema.org","@graph":[{"@type":"WebSite","@id":"https:\/\/recavaca.com\/#website","url":"https:\/\/recavaca.com\/","name":"Recavaca","description":"R\u00e9seau Carib\u00e9en pour la Valorisation du Cacao","potentialAction":[{"@type":"SearchAction","target":{"@type":"EntryPoint","urlTemplate":"https:\/\/recavaca.com\/?s={search_term_string}"},"query-input":"required name=search_term_string"}],"inLanguage":"fr-FR"},{"@type":"ImageObject","@id":"https:\/\/recavaca.com\/index.php\/en\/who-we-are\/#primaryimage","inLanguage":"fr-FR","url":"https:\/\/i0.wp.com\/recavaca.com\/wp-content\/uploads\/2018\/04\/P_20180115_125902.jpg?fit=3840%2C2160&ssl=1","contentUrl":"https:\/\/i0.wp.com\/recavaca.com\/wp-content\/uploads\/2018\/04\/P_20180115_125902.jpg?fit=3840%2C2160&ssl=1","width":3840,"height":2160},{"@type":"WebPage","@id":"https:\/\/recavaca.com\/index.php\/en\/who-we-are\/#webpage","url":"https:\/\/recavaca.com\/index.php\/en\/who-we-are\/","name":"Who we are - Recavaca","isPartOf":{"@id":"https:\/\/recavaca.com\/#website"},"primaryImageOfPage":{"@id":"https:\/\/recavaca.com\/index.php\/en\/who-we-are\/#primaryimage"},"datePublished":"2018-05-24T19:11:34+00:00","dateModified":"2018-06-05T15:13:06+00:00","breadcrumb":{"@id":"https:\/\/recavaca.com\/index.php\/en\/who-we-are\/#breadcrumb"},"inLanguage":"fr-FR","potentialAction":[{"@type":"ReadAction","target":["https:\/\/recavaca.com\/index.php\/en\/who-we-are\/"]}]},{"@type":"BreadcrumbList","@id":"https:\/\/recavaca.com\/index.php\/en\/who-we-are\/#breadcrumb","itemListElement":[{"@type":"ListItem","position":1,"name":"Accueil","item":"https:\/\/recavaca.com\/"},{"@type":"ListItem","position":2,"name":"Who we are"}]}]}},"jetpack_sharing_enabled":true,"jetpack_shortlink":"https:\/\/wp.me\/P9QgSb-in","jetpack-related-posts":[{"id":1289,"url":"https:\/\/recavaca.com\/index.php\/en\/aci\/","url_meta":{"origin":1139,"position":0},"title":"ACI","date":"5 juin 2018","format":false,"excerpt":"Atelier Comp\u00e9tences Internationales (ACI) is a research, coaching and training firm specializing in the emergence and capacity building of entrepreneurs and organizations who put human development at the center of their concerns. ACI was born from the sharing of experiences and expertise of its founders and the choice to support\u2026","rel":"","context":"Article similaire","img":{"alt_text":"","src":"","width":0,"height":0},"classes":[]},{"id":1138,"url":"https:\/\/recavaca.com\/index.php\/en\/fair-trade\/","url_meta":{"origin":1139,"position":1},"title":"Fair Trade","date":"24 mai 2018","format":false,"excerpt":"From when ? Where ? What purpose ? \u00a0 \u00a0 \u00a0 \u00a0The first fair trade project were developed in the 40s in the United States, few years later in Europe. In order to contribute to the well-being and the development of\u00a0poor countries. But it was not until 1964 that the\u2026","rel":"","context":"Article similaire","img":{"alt_text":"","src":"https:\/\/i0.wp.com\/recavaca.com\/wp-content\/uploads\/2018\/04\/22326449230_6cf30a4fc6_o.jpg?resize=350%2C200","width":350,"height":200},"classes":[]},{"id":1307,"url":"https:\/\/recavaca.com\/index.php\/en\/assofwi\/","url_meta":{"origin":1139,"position":2},"title":"Assofwi","date":"5 juin 2018","format":false,"excerpt":"The Assofwi is an association located in Vieux Habitants in Guadeloupe. Created in 2003, it counts in 2018 50 producers members spread over all the Guadeloupe representing an area of \u200b\u200bapproximately 250 ha planted in vegetable diversification, mainly arboriculture and market gardening. It is chaired by Mr. Fr\u00e9d\u00e9ric Bourseau. It\u2026","rel":"","context":"Article similaire","img":{"alt_text":"","src":"","width":0,"height":0},"classes":[]},{"id":1292,"url":"https:\/\/recavaca.com\/index.php\/en\/the-raja-foundation-daniele-marcovici\/","url_meta":{"origin":1139,"position":3},"title":"The RAJA Foundation &#8211; Dani\u00e8le Marcovici","date":"5 juin 2018","format":false,"excerpt":"The RAJA Group created in 2006, on the initiative of Dani\u00e8le Kapel-Marcovici, and under the auspices of a Fondation of France, the RAJA-Dani\u00e8le Marcovici Foundation, which has made emancipation and the improvement of living conditions for women, in France and in the world, its priority. For the Foundation, women are\u2026","rel":"","context":"Article similaire","img":{"alt_text":"","src":"","width":0,"height":0},"classes":[]},{"id":1296,"url":"https:\/\/recavaca.com\/index.php\/en\/cirad\/","url_meta":{"origin":1139,"position":4},"title":"CIRAD","date":"5 juin 2018","format":false,"excerpt":"CIRAD is the French organization for agronomic research and international cooperation for the sustainable development of tropical and Mediterranean regions. It works on major themes such as food security, climate change, the management of natural resources, the reduction of inequalities and the fight against poverty. With its partners in the\u2026","rel":"","context":"Article similaire","img":{"alt_text":"","src":"","width":0,"height":0},"classes":[]},{"id":1293,"url":"https:\/\/recavaca.com\/index.php\/en\/mje-aequum\/","url_meta":{"origin":1139,"position":5},"title":"MJE \u2013 AEQUUM","date":"5 juin 2018","format":false,"excerpt":"The Aequum team is composed of students from an engineering school in agronomy and international development (ISTOM), and aims to focus on the themes of fair trade and solidarity in developing countries. It is under the aegis of the association Expert'Co, which since 2011 carries out development projects in the\u2026","rel":"","context":"Article similaire","img":{"alt_text":"","src":"","width":0,"height":0},"classes":[]}],"_links":{"self":[{"href":"https:\/\/recavaca.com\/index.php\/wp-json\/wp\/v2\/pages\/1139"}],"collection":[{"href":"https:\/\/recavaca.com\/index.php\/wp-json\/wp\/v2\/pages"}],"about":[{"href":"https:\/\/recavaca.com\/index.php\/wp-json\/wp\/v2\/types\/page"}],"author":[{"embeddable":true,"href":"https:\/\/recavaca.com\/index.php\/wp-json\/wp\/v2\/users\/3"}],"replies":[{"embeddable":true,"href":"https:\/\/recavaca.com\/index.php\/wp-json\/wp\/v2\/comments?post=1139"}],"version-history":[{"count":4,"href":"https:\/\/recavaca.com\/index.php\/wp-json\/wp\/v2\/pages\/1139\/revisions"}],"predecessor-version":[{"id":1276,"href":"https:\/\/recavaca.com\/index.php\/wp-json\/wp\/v2\/pages\/1139\/revisions\/1276"}],"wp:featuredmedia":[{"embeddable":true,"href":"https:\/\/recavaca.com\/index.php\/wp-json\/wp\/v2\/media\/608"}],"wp:attachment":[{"href":"https:\/\/recavaca.com\/index.php\/wp-json\/wp\/v2\/media?parent=1139"}],"curies":[{"name":"wp","href":"https:\/\/api.w.org\/{rel}","templated":true}]}}