{"id":1088,"date":"2018-04-25T14:54:06","date_gmt":"2018-04-25T12:54:06","guid":{"rendered":"https:\/\/recavaca.com\/?page_id=1088"},"modified":"2018-04-25T14:55:29","modified_gmt":"2018-04-25T12:55:29","slug":"nos-producteurs","status":"publish","type":"page","link":"https:\/\/recavaca.com\/index.php\/nos-producteurs\/","title":{"rendered":"Nos Producteurs"},"content":{"rendered":"","protected":false},"excerpt":{"rendered":"","protected":false},"author":3,"featured_media":0,"parent":0,"menu_order":0,"comment_status":"closed","ping_status":"closed","template":"","meta":{"spay_email":""},"yoast_head":"<!-- This site is optimized with the Yoast SEO plugin v18.1 - https:\/\/yoast.com\/wordpress\/plugins\/seo\/ -->\n<title>Nos Producteurs - Recavaca<\/title>\n<meta name=\"robots\" content=\"index, follow, max-snippet:-1, max-image-preview:large, max-video-preview:-1\" \/>\n<link rel=\"canonical\" href=\"https:\/\/recavaca.com\/index.php\/nos-producteurs\/\" \/>\n<meta property=\"og:locale\" content=\"fr_FR\" \/>\n<meta property=\"og:type\" content=\"article\" \/>\n<meta property=\"og:title\" content=\"Nos Producteurs - Recavaca\" \/>\n<meta property=\"og:url\" content=\"https:\/\/recavaca.com\/index.php\/nos-producteurs\/\" \/>\n<meta property=\"og:site_name\" content=\"Recavaca\" \/>\n<meta property=\"article:publisher\" content=\"https:\/\/www.facebook.com\/guadeloupeequitableetdurable\/\" \/>\n<meta property=\"article:modified_time\" content=\"2018-04-25T12:55:29+00:00\" \/>\n<meta name=\"twitter:card\" content=\"summary_large_image\" \/>\n<script type=\"application\/ld+json\" class=\"yoast-schema-graph\">{\"@context\":\"https:\/\/schema.org\",\"@graph\":[{\"@type\":\"WebSite\",\"@id\":\"https:\/\/recavaca.com\/#website\",\"url\":\"https:\/\/recavaca.com\/\",\"name\":\"Recavaca\",\"description\":\"R\u00e9seau Carib\u00e9en pour la Valorisation du Cacao\",\"potentialAction\":[{\"@type\":\"SearchAction\",\"target\":{\"@type\":\"EntryPoint\",\"urlTemplate\":\"https:\/\/recavaca.com\/?s={search_term_string}\"},\"query-input\":\"required name=search_term_string\"}],\"inLanguage\":\"fr-FR\"},{\"@type\":\"WebPage\",\"@id\":\"https:\/\/recavaca.com\/index.php\/nos-producteurs\/#webpage\",\"url\":\"https:\/\/recavaca.com\/index.php\/nos-producteurs\/\",\"name\":\"Nos Producteurs - Recavaca\",\"isPartOf\":{\"@id\":\"https:\/\/recavaca.com\/#website\"},\"datePublished\":\"2018-04-25T12:54:06+00:00\",\"dateModified\":\"2018-04-25T12:55:29+00:00\",\"breadcrumb\":{\"@id\":\"https:\/\/recavaca.com\/index.php\/nos-producteurs\/#breadcrumb\"},\"inLanguage\":\"fr-FR\",\"potentialAction\":[{\"@type\":\"ReadAction\",\"target\":[\"https:\/\/recavaca.com\/index.php\/nos-producteurs\/\"]}]},{\"@type\":\"BreadcrumbList\",\"@id\":\"https:\/\/recavaca.com\/index.php\/nos-producteurs\/#breadcrumb\",\"itemListElement\":[{\"@type\":\"ListItem\",\"position\":1,\"name\":\"Accueil\",\"item\":\"https:\/\/recavaca.com\/\"},{\"@type\":\"ListItem\",\"position\":2,\"name\":\"Nos Producteurs\"}]}]}<\/script>\n<!-- \/ Yoast SEO plugin. -->","yoast_head_json":{"title":"Nos Producteurs - Recavaca","robots":{"index":"index","follow":"follow","max-snippet":"max-snippet:-1","max-image-preview":"max-image-preview:large","max-video-preview":"max-video-preview:-1"},"canonical":"https:\/\/recavaca.com\/index.php\/nos-producteurs\/","og_locale":"fr_FR","og_type":"article","og_title":"Nos Producteurs - Recavaca","og_url":"https:\/\/recavaca.com\/index.php\/nos-producteurs\/","og_site_name":"Recavaca","article_publisher":"https:\/\/www.facebook.com\/guadeloupeequitableetdurable\/","article_modified_time":"2018-04-25T12:55:29+00:00","twitter_card":"summary_large_image","schema":{"@context":"https:\/\/schema.org","@graph":[{"@type":"WebSite","@id":"https:\/\/recavaca.com\/#website","url":"https:\/\/recavaca.com\/","name":"Recavaca","description":"R\u00e9seau Carib\u00e9en pour la Valorisation du Cacao","potentialAction":[{"@type":"SearchAction","target":{"@type":"EntryPoint","urlTemplate":"https:\/\/recavaca.com\/?s={search_term_string}"},"query-input":"required name=search_term_string"}],"inLanguage":"fr-FR"},{"@type":"WebPage","@id":"https:\/\/recavaca.com\/index.php\/nos-producteurs\/#webpage","url":"https:\/\/recavaca.com\/index.php\/nos-producteurs\/","name":"Nos Producteurs - Recavaca","isPartOf":{"@id":"https:\/\/recavaca.com\/#website"},"datePublished":"2018-04-25T12:54:06+00:00","dateModified":"2018-04-25T12:55:29+00:00","breadcrumb":{"@id":"https:\/\/recavaca.com\/index.php\/nos-producteurs\/#breadcrumb"},"inLanguage":"fr-FR","potentialAction":[{"@type":"ReadAction","target":["https:\/\/recavaca.com\/index.php\/nos-producteurs\/"]}]},{"@type":"BreadcrumbList","@id":"https:\/\/recavaca.com\/index.php\/nos-producteurs\/#breadcrumb","itemListElement":[{"@type":"ListItem","position":1,"name":"Accueil","item":"https:\/\/recavaca.com\/"},{"@type":"ListItem","position":2,"name":"Nos Producteurs"}]}]}},"jetpack_sharing_enabled":true,"jetpack_shortlink":"https:\/\/wp.me\/P9QgSb-hy","jetpack-related-posts":[{"id":35,"url":"https:\/\/recavaca.com\/index.php\/certification-et-labels\/","url_meta":{"origin":1088,"position":0},"title":"Certification et Labels","date":"1 avril 2018","format":false,"excerpt":"C'est quoi un label ? \u00a0 \u00a0 \u00a0 \u00a0Avant tout, le label quel que soit le secteur (bio, \u00e9quitable, ISO 9001...) est une garantie des caract\u00e9ristiques relatives \u00e0 la production ou \u00e0 la composition d'un produit destin\u00e9 \u00e0 la vente. En somme, le label, dont le logo est appos\u00e9 sur\u2026","rel":"","context":"Article similaire","img":{"alt_text":"labelsequi107","src":"https:\/\/i0.wp.com\/recavaca.com\/wp-content\/uploads\/2018\/04\/labelsequi107.png?resize=350%2C200","width":350,"height":200},"classes":[]},{"id":33,"url":"https:\/\/recavaca.com\/index.php\/le-commerce-equitable\/","url_meta":{"origin":1088,"position":1},"title":"Le Commerce Equitable","date":"1 avril 2018","format":false,"excerpt":"Depuis quand ? O\u00f9 ? Dans quel but ? \u00a0 \u00a0 \u00a0 \u00a0Les premiers projets de commerce \u00e9quitable se d\u00e9veloppent dans les ann\u00e9es 40, aux Etats-Unis, puis, quelques ann\u00e9es plus tard en Europe, dans un souci de contribuer au bien-\u00eatre et au d\u00e9veloppement des pays les plus pauvres. Mais ce\u2026","rel":"","context":"Article similaire","img":{"alt_text":"","src":"https:\/\/i0.wp.com\/recavaca.com\/wp-content\/uploads\/2018\/04\/22326449230_6cf30a4fc6_o.jpg?resize=350%2C200","width":350,"height":200},"classes":[]},{"id":1203,"url":"https:\/\/recavaca.com\/index.php\/semla-vie\/","url_meta":{"origin":1088,"position":2},"title":"S\u00e8m&rsquo;la Vie","date":"25 mai 2018","format":false,"excerpt":"Membre du r\u00e9seau des agro\u00e9cologistes sans fronti\u00e8re (www.agroecologistesf.org). Didier Meunier est un formateur agronome, sp\u00e9cialis\u00e9 en agro\u00e9cologie. Il intervient, depuis janvier 2012, dans le d\u00e9partement de la Grand\u2019Anse pour participer au d\u00e9veloppement d\u2019une fili\u00e8re cacao de qualit\u00e9. Il a eu \u00e9galement l\u2019occasion de travailler sur la production de semences de\u2026","rel":"","context":"Article similaire","img":{"alt_text":"","src":"","width":0,"height":0},"classes":[]},{"id":1192,"url":"https:\/\/recavaca.com\/index.php\/la-mission-jeunes-experts-aequum\/","url_meta":{"origin":1088,"position":3},"title":"La MJE \u2013 AEQUUM","date":"25 mai 2018","format":false,"excerpt":"L\u2019\u00e9quipe Aequum est compos\u00e9e d\u2019\u00e9tudiants issus d\u2019une \u00e9cole d\u2019ing\u00e9nieur en agronomie et d\u00e9veloppement international (ISTOM), et a pour vocation de s\u2019int\u00e9resser aux th\u00e9matiques du commerce \u00e9quitable et solidaire dans les pays en d\u00e9veloppement. Elle est plac\u00e9e sous l\u2019\u00e9gide de l\u2019association Expert\u2019Co, qui r\u00e9alise depuis 2011 des projets de d\u00e9veloppement, dans\u2026","rel":"","context":"Article similaire","img":{"alt_text":"","src":"","width":0,"height":0},"classes":[]},{"id":1164,"url":"https:\/\/recavaca.com\/index.php\/lassofwi\/","url_meta":{"origin":1088,"position":4},"title":"L&rsquo;Assofwi","date":"25 mai 2018","format":false,"excerpt":"L'Assofwi est une association loi 1901\u00a0 situ\u00e9e sur la c\u00f4te sous le vent de la Guadeloupe \u00e0 Vieux Habitants. Cr\u00e9\u00e9e en 2003, elle compte en 2018 50 producteurs adh\u00e9rents r\u00e9partis sur toute la Guadeloupe repr\u00e9sentant une surface d'environ 250 ha plant\u00e9 en diversification v\u00e9g\u00e9tale, principalement arboriculture et mara\u00eechage. Elle est\u2026","rel":"","context":"Article similaire","img":{"alt_text":"","src":"","width":0,"height":0},"classes":[]},{"id":9,"url":"https:\/\/recavaca.com\/","url_meta":{"origin":1088,"position":5},"title":"Accueil","date":"1 avril 2018","format":false,"excerpt":"L\u2019objectif du projet de R\u00e9seau Carib\u00e9en de Valorisation du Cacao (RECAVACA) est de cr\u00e9er une dynamique autour de plusieurs acteurs de la fili\u00e8re cacao, \u00e0 l\u2019\u00e9chelle carib\u00e9enne, afin de contribuer \u00e0 la reconnaissance de plusieurs territoires en tant que pays producteurs d\u2019un cacao de qualit\u00e9, produit en volumes suffisants en\u2026","rel":"","context":"Article similaire","img":{"alt_text":"","src":"https:\/\/i0.wp.com\/recavaca.com\/wp-content\/uploads\/2019\/04\/LOGO_FONDS_EUROPEEN_GUADELOUPE_FEDER_projetcofinance-1024x226.png?resize=350%2C200&ssl=1","width":350,"height":200},"classes":[]}],"_links":{"self":[{"href":"https:\/\/recavaca.com\/index.php\/wp-json\/wp\/v2\/pages\/1088"}],"collection":[{"href":"https:\/\/recavaca.com\/index.php\/wp-json\/wp\/v2\/pages"}],"about":[{"href":"https:\/\/recavaca.com\/index.php\/wp-json\/wp\/v2\/types\/page"}],"author":[{"embeddable":true,"href":"https:\/\/recavaca.com\/index.php\/wp-json\/wp\/v2\/users\/3"}],"replies":[{"embeddable":true,"href":"https:\/\/recavaca.com\/index.php\/wp-json\/wp\/v2\/comments?post=1088"}],"version-history":[{"count":2,"href":"https:\/\/recavaca.com\/index.php\/wp-json\/wp\/v2\/pages\/1088\/revisions"}],"predecessor-version":[{"id":1093,"href":"https:\/\/recavaca.com\/index.php\/wp-json\/wp\/v2\/pages\/1088\/revisions\/1093"}],"wp:attachment":[{"href":"https:\/\/recavaca.com\/index.php\/wp-json\/wp\/v2\/media?parent=1088"}],"curies":[{"name":"wp","href":"https:\/\/api.w.org\/{rel}","templated":true}]}}